{"id":858,"date":"2016-02-20T19:20:04","date_gmt":"2016-02-20T19:20:04","guid":{"rendered":"http:\/\/roztocze24.info\/tematy-2\/osobliwosci\/roztocze_osobliwosci_1\/"},"modified":"2019-04-06T11:41:06","modified_gmt":"2019-04-06T09:41:06","slug":"roztocze_osobliwosci_1","status":"publish","type":"page","link":"https:\/\/roztocze24.info\/?page_id=858","title":{"rendered":"Osobliwo\u015bci Roztocza cz. 1"},"content":{"rendered":"<p><strong>\u0141osiniec (Roztocze \u015arodkowe)<\/strong><\/p>\n<p>Mostek nieopodal wywierzyska Potoku \u0141osinieckiego i dawnej cerkwi (obecnie ko\u015bci\u00f3\u0142 rzymskokatolicki). Zbudowa\u0142 go pan Adam Kocha\u0144ski z W\u00f3lki \u0141osinieckiej, a w pracy wykorzysta\u0142 elementy konstrukcyjne skrzyd\u0142a samolotu Messerschmitt 323, zestrzelonego w 1944 r. pomi\u0119dzy W\u00f3lk\u0105 \u0141osinieck\u0105 a Kunkami. Informacj\u0119 t\u0119 przekaza\u0142a mi pani Stanis\u0142awa Smuga (z domu Kocha\u0144ska), pochodz\u0105ca w\u0142a\u015bnie z W\u00f3lki \u0141osinieckiej. W 2005 r. mostek zosta\u0142 zast\u0105piony now\u0105 k\u0142adk\u0105, a skrzyd\u0142o przeniesiono tu\u017c co obok i odmalowano.<\/p>\n<p class=\"center\"><img loading=\"lazy\" decoding=\"async\" class=\"aligncenter size-full wp-image-4721\" src=\"http:\/\/roztocze24.info\/wp-content\/uploads\/2019\/03\/IMG_6914.jpg\" alt=\"\" width=\"750\" height=\"500\" srcset=\"https:\/\/roztocze24.info\/wp-content\/uploads\/2019\/03\/IMG_6914.jpg 750w, https:\/\/roztocze24.info\/wp-content\/uploads\/2019\/03\/IMG_6914-300x200.jpg 300w\" sizes=\"auto, (max-width: 750px) 85vw, 750px\" \/><\/p>\n<p><strong>Szczebrzeszyn (Roztocze Zachodnie)<\/strong><\/p>\n<p>Jeden z najlepiej zachowanych kirkut\u00f3w &#8211; cmentarzy \u017cydowskich, po\u0142o\u017cony na rozleg\u0142ym wzg\u00f3rzu.<\/p>\n<p><img loading=\"lazy\" decoding=\"async\" class=\"aligncenter size-full wp-image-6940\" src=\"http:\/\/roztocze24.info\/wp-content\/uploads\/2019\/04\/IMG_7186.jpg\" alt=\"\" width=\"750\" height=\"500\" srcset=\"https:\/\/roztocze24.info\/wp-content\/uploads\/2019\/04\/IMG_7186.jpg 750w, https:\/\/roztocze24.info\/wp-content\/uploads\/2019\/04\/IMG_7186-300x200.jpg 300w\" sizes=\"auto, (max-width: 750px) 85vw, 750px\" \/><\/p>\n<p><strong>Szczebrzeszyn (Roztocze Zachodnie)<\/strong><\/p>\n<p>Pomnik chrz\u0105szcza (nowszy, z br\u0105zu, jest jeszcze starszy drewniany nad \u017ar\u00f3de\u0142kami) kt\u00f3ry brzmi w trzcinie, zgodnie z wierszem Jana Brzechwy.<\/p>\n<p class=\"center\"><img loading=\"lazy\" decoding=\"async\" class=\"aligncenter size-full wp-image-4723\" src=\"http:\/\/roztocze24.info\/wp-content\/uploads\/2019\/03\/IMG_3840-Szczebrzeszyn.jpg\" alt=\"\" width=\"333\" height=\"500\" srcset=\"https:\/\/roztocze24.info\/wp-content\/uploads\/2019\/03\/IMG_3840-Szczebrzeszyn.jpg 333w, https:\/\/roztocze24.info\/wp-content\/uploads\/2019\/03\/IMG_3840-Szczebrzeszyn-200x300.jpg 200w\" sizes=\"auto, (max-width: 333px) 85vw, 333px\" \/><\/p>\n<p><strong>\u0141ukawiec (P\u0142askowy\u017c Tarnogrodzki)<\/strong><\/p>\n<p>Dzwonnica <em>na drzewie.<\/em><\/p>\n<p class=\"center\"><img loading=\"lazy\" decoding=\"async\" class=\"aligncenter size-full wp-image-4724\" src=\"http:\/\/roztocze24.info\/wp-content\/uploads\/2019\/03\/Lukawiec.jpg\" alt=\"\" width=\"485\" height=\"320\" srcset=\"https:\/\/roztocze24.info\/wp-content\/uploads\/2019\/03\/Lukawiec.jpg 485w, https:\/\/roztocze24.info\/wp-content\/uploads\/2019\/03\/Lukawiec-300x198.jpg 300w\" sizes=\"auto, (max-width: 485px) 85vw, 485px\" \/><\/p>\n<p><strong>Zaklik\u00f3w (R\u00f3wnina Bi\u0142gorajska)<\/strong><\/p>\n<p>Dawny s\u0142up stoj\u0105cy na granicy Galicji i Kongres\u00f3wki, przeniesiony tu z \u0141\u0105\u017cka Ordynackiego. Zupe\u0142nie inny s\u0142up, ale z tej samej granicy, zobaczy\u0107 mo\u017cna w Muzeum Zamojskim.<\/p>\n<p class=\"center\"><img loading=\"lazy\" decoding=\"async\" class=\"aligncenter size-full wp-image-4728\" src=\"http:\/\/roztocze24.info\/wp-content\/uploads\/2019\/03\/IMG_7946.jpg\" alt=\"\" width=\"328\" height=\"500\" srcset=\"https:\/\/roztocze24.info\/wp-content\/uploads\/2019\/03\/IMG_7946.jpg 328w, https:\/\/roztocze24.info\/wp-content\/uploads\/2019\/03\/IMG_7946-197x300.jpg 197w\" sizes=\"auto, (max-width: 328px) 85vw, 328px\" \/><\/p>\n<p><strong>Czerwinki (Kaplisze) ko\u0142o Hory\u0144ca (Roztocze Po\u0142udniowe)<\/strong><\/p>\n<p>Pozosta\u0142o\u015bci tajnej niegdy\u015b rampy pozwalaj\u0105cej prze\u0142adowywa\u0107 towary (tudzie\u017c wojska) pod os\u0142on\u0105 lasu z toru szerokiego na normalny. Pono\u0107 nie wjecha\u0142 tu nigdy \u017caden poci\u0105g. Teraz to ju\u017c na pewno nie wjedzie. Osobliwo\u015bci\u0105 jest tak\u017ce poprowadzenie toru szerokiego do\u015b\u0107 daleko &#8211; prawie 20 km wg\u0142\u0105b terytorium Polski. <a href=\"https:\/\/roztocze24.info\/?page_id=885\">Wi\u0119cej.<\/a><\/p>\n<p class=\"center\"><img loading=\"lazy\" decoding=\"async\" class=\"aligncenter size-full wp-image-6835\" src=\"http:\/\/roztocze24.info\/wp-content\/uploads\/2019\/04\/IMG_0958.jpg\" alt=\"\" width=\"750\" height=\"500\" srcset=\"https:\/\/roztocze24.info\/wp-content\/uploads\/2019\/04\/IMG_0958.jpg 750w, https:\/\/roztocze24.info\/wp-content\/uploads\/2019\/04\/IMG_0958-300x200.jpg 300w\" sizes=\"auto, (max-width: 750px) 85vw, 750px\" \/><\/p>\n<p><strong>Potok Senderki (Roztocze \u015arodkowe)<\/strong><\/p>\n<p>Podziemne kamienne tunele dawnej kopalni kamienia. <a href=\"https:\/\/roztocze24.info\/?page_id=906\">Wi\u0119cej.<\/a><\/p>\n<p class=\"center\"><img loading=\"lazy\" decoding=\"async\" class=\"aligncenter size-full wp-image-4495\" src=\"http:\/\/roztocze24.info\/wp-content\/uploads\/2019\/03\/Sztol6.jpg\" alt=\"\" width=\"748\" height=\"500\" srcset=\"https:\/\/roztocze24.info\/wp-content\/uploads\/2019\/03\/Sztol6.jpg 748w, https:\/\/roztocze24.info\/wp-content\/uploads\/2019\/03\/Sztol6-300x201.jpg 300w\" sizes=\"auto, (max-width: 748px) 85vw, 748px\" \/><\/p>\n<p><strong>Okolice dawnej wsi Tymosze (P\u0142askowy\u017c Tarnogrodzki)<\/strong><\/p>\n<p>Tzw. Czerwona Figura. Dlaczego s\u0142owem figura nazywano krzy\u017c (czerwony jednak\u017ce)? Prawdopodobnie wcze\u015bniej sta\u0142a tu jednak figura.<\/p>\n<p class=\"center\"><img loading=\"lazy\" decoding=\"async\" class=\"aligncenter size-full wp-image-4727\" src=\"http:\/\/roztocze24.info\/wp-content\/uploads\/2019\/03\/IMG_0588.jpg\" alt=\"\" width=\"750\" height=\"500\" srcset=\"https:\/\/roztocze24.info\/wp-content\/uploads\/2019\/03\/IMG_0588.jpg 750w, https:\/\/roztocze24.info\/wp-content\/uploads\/2019\/03\/IMG_0588-300x200.jpg 300w\" sizes=\"auto, (max-width: 750px) 85vw, 750px\" \/><\/p>\n<p><strong>Zaklik\u00f3w (R\u00f3wnina Bi\u0142gorajska)<\/strong><\/p>\n<p>Ko\u015bci\u00f3\u0142 cmentarny, kt\u00f3rego \u015bciany <em>wy\u0142o\u017cono<\/em> tablicami zdj\u0119tymi z trumien tych, kt\u00f3rych tu pochowano.<\/p>\n<p class=\"center\"><img loading=\"lazy\" decoding=\"async\" class=\"aligncenter size-full wp-image-4782\" src=\"http:\/\/roztocze24.info\/wp-content\/uploads\/2019\/03\/Zaklikow_stary.jpg\" alt=\"\" width=\"762\" height=\"500\" srcset=\"https:\/\/roztocze24.info\/wp-content\/uploads\/2019\/03\/Zaklikow_stary.jpg 762w, https:\/\/roztocze24.info\/wp-content\/uploads\/2019\/03\/Zaklikow_stary-300x197.jpg 300w\" sizes=\"auto, (max-width: 762px) 85vw, 762px\" \/><\/p>\n<p><strong>Dziewi\u0119cierz Moczary (Roztocze Po\u0142udniowe)<\/strong><\/p>\n<p>I\u015bcie beskidzka panorama ze wzg\u00f3rza granicznego. Relacja z przej\u015bcia pasem granicznym sprzed lat &#8211;<a href=\"https:\/\/roztocze24.info\/?page_id=890\"> tu<\/a>.<\/p>\n<p class=\"center\"><img loading=\"lazy\" decoding=\"async\" class=\"aligncenter size-full wp-image-4732\" src=\"http:\/\/roztocze24.info\/wp-content\/uploads\/2019\/03\/Granica2.jpg\" alt=\"\" width=\"740\" height=\"300\" srcset=\"https:\/\/roztocze24.info\/wp-content\/uploads\/2019\/03\/Granica2.jpg 740w, https:\/\/roztocze24.info\/wp-content\/uploads\/2019\/03\/Granica2-300x122.jpg 300w\" sizes=\"auto, (max-width: 740px) 85vw, 740px\" \/><\/p>\n<p><strong>Zwierzyniec (Roztocze \u015arodkowe)<\/strong><\/p>\n<p>Cmentarz dla&#8230; ps\u00f3w z pocz\u0105tku XIX w.<\/p>\n<p class=\"center\"><img loading=\"lazy\" decoding=\"async\" class=\"aligncenter size-full wp-image-4733\" src=\"http:\/\/roztocze24.info\/wp-content\/uploads\/2019\/03\/psy.jpg\" alt=\"\" width=\"764\" height=\"500\" srcset=\"https:\/\/roztocze24.info\/wp-content\/uploads\/2019\/03\/psy.jpg 764w, https:\/\/roztocze24.info\/wp-content\/uploads\/2019\/03\/psy-300x196.jpg 300w\" sizes=\"auto, (max-width: 764px) 85vw, 764px\" \/><\/p>\n<p><strong>Susiec, Hamernia, G\u00f3recko (Roztocze \u015arodkowe)<\/strong><\/p>\n<p class=\"center\"><a href=\"https:\/\/roztocze24.info\/?page_id=866\">Wodospady<\/a> zwane szumami &#8211; wizyt\u00f3wka Roztocza. Chronione s\u0105 w rezerwatach <em>Nad Tanwi\u0105, Czartowe Pole<\/em> i <em>Szum<\/em>.<\/p>\n<p><img loading=\"lazy\" decoding=\"async\" class=\"aligncenter size-full wp-image-4466\" src=\"http:\/\/roztocze24.info\/wp-content\/uploads\/2019\/03\/IMG_3191.jpg\" alt=\"\" width=\"750\" height=\"500\" srcset=\"https:\/\/roztocze24.info\/wp-content\/uploads\/2019\/03\/IMG_3191.jpg 750w, https:\/\/roztocze24.info\/wp-content\/uploads\/2019\/03\/IMG_3191-300x200.jpg 300w\" sizes=\"auto, (max-width: 750px) 85vw, 750px\" \/><\/p>\n<p><strong>Okolice W\u00f3lki \u017bmijowskiej (P\u0142askowy\u017c Tarnogrodzki)<\/strong><\/p>\n<p>Kapliczka u st\u00f3p sosny, a dok\u0142adniej 5 sosen wyrastaj\u0105cych z jednego pnia. Niestety u progu zimy 2006 r. kapliczka sp\u0142on\u0119\u0142a, a pie\u0144 zosta\u0142 uszkodzony i obumiera. To wielka strata.<\/p>\n<p class=\"center\"><img loading=\"lazy\" decoding=\"async\" class=\"aligncenter size-full wp-image-4735\" src=\"http:\/\/roztocze24.info\/wp-content\/uploads\/2019\/03\/5SOSEN.jpg\" alt=\"\" width=\"231\" height=\"351\" srcset=\"https:\/\/roztocze24.info\/wp-content\/uploads\/2019\/03\/5SOSEN.jpg 231w, https:\/\/roztocze24.info\/wp-content\/uploads\/2019\/03\/5SOSEN-197x300.jpg 197w\" sizes=\"auto, (max-width: 231px) 85vw, 231px\" \/><\/p>\n<p><strong>Hrubiesz\u00f3w<\/strong><\/p>\n<p>Jedna z najciekawszych cerkwi ca\u0142ego regionu \u2013 13 kopu\u0142!<\/p>\n<p class=\"center\"><img loading=\"lazy\" decoding=\"async\" class=\"aligncenter size-full wp-image-4736\" src=\"http:\/\/roztocze24.info\/wp-content\/uploads\/2019\/03\/HRUBCER.jpg\" alt=\"\" width=\"454\" height=\"320\" srcset=\"https:\/\/roztocze24.info\/wp-content\/uploads\/2019\/03\/HRUBCER.jpg 454w, https:\/\/roztocze24.info\/wp-content\/uploads\/2019\/03\/HRUBCER-300x211.jpg 300w\" sizes=\"auto, (max-width: 454px) 85vw, 454px\" \/><\/p>\n<p><strong>Brzeziny ko\u0142o Narola (Roztocze Po\u0142udniowe)<\/strong><\/p>\n<p>Tak wygl\u0105da dawna granica, tzw. linia demarkacyjna z okresu II wojny \u015bwiatowej pomi\u0119dzy Generaln\u0105 Guberni\u0105 a ZSRR. Nieco na prawo (patrz\u0105c na p\u00f3\u0142noc), w\u015br\u00f3d p\u00f3l stoi krzy\u017c.<\/p>\n<p class=\"center\"><img loading=\"lazy\" decoding=\"async\" class=\"aligncenter size-full wp-image-4738\" src=\"http:\/\/roztocze24.info\/wp-content\/uploads\/2019\/03\/BRZEZIN1.jpg\" alt=\"\" width=\"417\" height=\"270\" srcset=\"https:\/\/roztocze24.info\/wp-content\/uploads\/2019\/03\/BRZEZIN1.jpg 417w, https:\/\/roztocze24.info\/wp-content\/uploads\/2019\/03\/BRZEZIN1-300x194.jpg 300w\" sizes=\"auto, (max-width: 417px) 85vw, 417px\" \/><\/p>\n<p class=\"center\"><img loading=\"lazy\" decoding=\"async\" class=\"aligncenter size-full wp-image-4739\" src=\"http:\/\/roztocze24.info\/wp-content\/uploads\/2019\/03\/BRZEZIN2.jpg\" alt=\"\" width=\"419\" height=\"270\" srcset=\"https:\/\/roztocze24.info\/wp-content\/uploads\/2019\/03\/BRZEZIN2.jpg 419w, https:\/\/roztocze24.info\/wp-content\/uploads\/2019\/03\/BRZEZIN2-300x193.jpg 300w\" sizes=\"auto, (max-width: 419px) 85vw, 419px\" \/><\/p>\n<p><strong>Zamo\u015b\u0107<\/strong><\/p>\n<p>Kamienna studnia, kt\u00f3ra jednak nie jest dost\u0119pna z poziomu ulicy, a jej pocz\u0105tek zaczyna si\u0119 g\u0142\u0119boko w piwnicy pod ratuszem.<\/p>\n<p><img loading=\"lazy\" decoding=\"async\" class=\"aligncenter size-full wp-image-5394\" src=\"http:\/\/roztocze24.info\/wp-content\/uploads\/2019\/03\/IMG_1440.jpg\" alt=\"\" width=\"750\" height=\"500\" srcset=\"https:\/\/roztocze24.info\/wp-content\/uploads\/2019\/03\/IMG_1440.jpg 750w, https:\/\/roztocze24.info\/wp-content\/uploads\/2019\/03\/IMG_1440-300x200.jpg 300w\" sizes=\"auto, (max-width: 750px) 85vw, 750px\" \/><\/p>\n<p><strong>Rudka ko\u0142o Sieniawy (P\u0142askowy\u017c Tarnogrodzki)<\/strong><\/p>\n<p>Na wzg\u00f3rzu obok siebie 2 cerkwie: stara i nowa, drewniana i murowana, ma\u0142a i du\u017ca.<\/p>\n<p class=\"center\"><img loading=\"lazy\" decoding=\"async\" class=\"aligncenter size-full wp-image-4746\" src=\"http:\/\/roztocze24.info\/wp-content\/uploads\/2019\/03\/K_IMG_0006.jpg\" alt=\"\" width=\"750\" height=\"500\" srcset=\"https:\/\/roztocze24.info\/wp-content\/uploads\/2019\/03\/K_IMG_0006.jpg 750w, https:\/\/roztocze24.info\/wp-content\/uploads\/2019\/03\/K_IMG_0006-300x200.jpg 300w\" sizes=\"auto, (max-width: 750px) 85vw, 750px\" \/><\/p>\n<p><strong>\u0141opiennik: ciekawy pomnik<\/strong><\/p>\n<p>Pomnik upami\u0119tniaj\u0105cy budow\u0119 drogi pomi\u0119dzy Lublinem a Zamo\u015bciem, a postawiony dok\u0142adnie w jej po\u0142owie. <a href=\"https:\/\/roztocze24.info\/?page_id=841\">Wi\u0119cej<\/a>.<\/p>\n<p class=\"center\"><img loading=\"lazy\" decoding=\"async\" class=\"aligncenter size-full wp-image-4741\" src=\"http:\/\/roztocze24.info\/wp-content\/uploads\/2019\/03\/POMNI4.jpg\" alt=\"\" width=\"490\" height=\"320\" srcset=\"https:\/\/roztocze24.info\/wp-content\/uploads\/2019\/03\/POMNI4.jpg 490w, https:\/\/roztocze24.info\/wp-content\/uploads\/2019\/03\/POMNI4-300x196.jpg 300w\" sizes=\"auto, (max-width: 490px) 85vw, 490px\" \/><\/p>\n<p><strong>J\u00f3zef\u00f3w Roztocza\u0144ski PKP<\/strong><\/p>\n<p>Stara wie\u017ca ci\u015bnie\u0144 przy stacji PKP. Na niej smutna tabliczka z napisem: <em>obiekt grozi zawaleniem<\/em>.<\/p>\n<p class=\"center\"><img loading=\"lazy\" decoding=\"async\" class=\"aligncenter size-full wp-image-4747\" src=\"http:\/\/roztocze24.info\/wp-content\/uploads\/2019\/03\/IMG_6297.jpg\" alt=\"\" width=\"750\" height=\"500\" srcset=\"https:\/\/roztocze24.info\/wp-content\/uploads\/2019\/03\/IMG_6297.jpg 750w, https:\/\/roztocze24.info\/wp-content\/uploads\/2019\/03\/IMG_6297-300x200.jpg 300w\" sizes=\"auto, (max-width: 750px) 85vw, 750px\" \/><\/p>\n<p><strong>Rawa Ruska (Roztocze Po\u0142udniowe, cz\u0119\u015b\u0107 ukrai\u0144ska)<\/strong><\/p>\n<p>Nagrobek zbudowany z pni skamienia\u0142ych drzew. Dzi\u0119kuje za info panu Andrzejowi Kudlickiemu z BT Quand.<\/p>\n<p class=\"center\"><img loading=\"lazy\" decoding=\"async\" class=\"aligncenter size-full wp-image-4742\" src=\"http:\/\/roztocze24.info\/wp-content\/uploads\/2019\/03\/IMG_3806.jpg\" alt=\"\" width=\"333\" height=\"500\" srcset=\"https:\/\/roztocze24.info\/wp-content\/uploads\/2019\/03\/IMG_3806.jpg 333w, https:\/\/roztocze24.info\/wp-content\/uploads\/2019\/03\/IMG_3806-200x300.jpg 200w\" sizes=\"auto, (max-width: 333px) 85vw, 333px\" \/><\/p>\n<p class=\"center\"><img loading=\"lazy\" decoding=\"async\" class=\"aligncenter size-full wp-image-4743\" src=\"http:\/\/roztocze24.info\/wp-content\/uploads\/2019\/03\/RAWASD1.jpg\" alt=\"\" width=\"486\" height=\"320\" srcset=\"https:\/\/roztocze24.info\/wp-content\/uploads\/2019\/03\/RAWASD1.jpg 486w, https:\/\/roztocze24.info\/wp-content\/uploads\/2019\/03\/RAWASD1-300x198.jpg 300w\" sizes=\"auto, (max-width: 486px) 85vw, 486px\" \/><\/p>\n<p class=\"center\" style=\"text-align: left;\"><a href=\"https:\/\/roztocze24.info\/?page_id=859\">Cz\u0119\u015b\u0107 2<\/a><\/p>\n","protected":false},"excerpt":{"rendered":"<p>\u0141osiniec (Roztocze \u015arodkowe) Mostek nieopodal wywierzyska Potoku \u0141osinieckiego i dawnej cerkwi (obecnie ko\u015bci\u00f3\u0142 rzymskokatolicki). Zbudowa\u0142 go pan Adam Kocha\u0144ski z W\u00f3lki \u0141osinieckiej, a w pracy wykorzysta\u0142 elementy konstrukcyjne skrzyd\u0142a samolotu Messerschmitt 323, zestrzelonego w 1944 r. pomi\u0119dzy W\u00f3lk\u0105 \u0141osinieck\u0105 a Kunkami. Informacj\u0119 t\u0119 przekaza\u0142a mi pani Stanis\u0142awa Smuga (z domu Kocha\u0144ska), pochodz\u0105ca w\u0142a\u015bnie z W\u00f3lki &hellip; <a href=\"https:\/\/roztocze24.info\/?page_id=858\" class=\"more-link\">Czytaj dalej<span class=\"screen-reader-text\"> \u201eOsobliwo\u015bci Roztocza cz. 1\u201d<\/span><\/a><\/p>\n","protected":false},"author":1,"featured_media":0,"parent":857,"menu_order":0,"comment_status":"closed","ping_status":"closed","template":"","meta":{"footnotes":""},"class_list":["post-858","page","type-page","status-publish","hentry"],"_links":{"self":[{"href":"https:\/\/roztocze24.info\/index.php?rest_route=\/wp\/v2\/pages\/858","targetHints":{"allow":["GET"]}}],"collection":[{"href":"https:\/\/roztocze24.info\/index.php?rest_route=\/wp\/v2\/pages"}],"about":[{"href":"https:\/\/roztocze24.info\/index.php?rest_route=\/wp\/v2\/types\/page"}],"author":[{"embeddable":true,"href":"https:\/\/roztocze24.info\/index.php?rest_route=\/wp\/v2\/users\/1"}],"replies":[{"embeddable":true,"href":"https:\/\/roztocze24.info\/index.php?rest_route=%2Fwp%2Fv2%2Fcomments&post=858"}],"version-history":[{"count":7,"href":"https:\/\/roztocze24.info\/index.php?rest_route=\/wp\/v2\/pages\/858\/revisions"}],"predecessor-version":[{"id":6944,"href":"https:\/\/roztocze24.info\/index.php?rest_route=\/wp\/v2\/pages\/858\/revisions\/6944"}],"up":[{"embeddable":true,"href":"https:\/\/roztocze24.info\/index.php?rest_route=\/wp\/v2\/pages\/857"}],"wp:attachment":[{"href":"https:\/\/roztocze24.info\/index.php?rest_route=%2Fwp%2Fv2%2Fmedia&parent=858"}],"curies":[{"name":"wp","href":"https:\/\/api.w.org\/{rel}","templated":true}]}}