{"id":8588,"date":"2023-06-21T11:38:23","date_gmt":"2023-06-21T09:38:23","guid":{"rendered":"https:\/\/roztocze24.info\/?page_id=8588"},"modified":"2025-12-14T20:49:03","modified_gmt":"2025-12-14T19:49:03","slug":"kolejowy-rozklad-jazdy","status":"publish","type":"page","link":"https:\/\/roztocze24.info\/?page_id=8588","title":{"rendered":"Kolejowy rozk\u0142ad jazdy"},"content":{"rendered":"\n<p><strong>2025\/2026<\/strong><\/p>\n\n\n\n<p><strong>Oferta PolRegio i Lubelskiego Urz\u0119du Marsza\u0142kowskiego<\/strong><\/p>\n\n\n\n<p>Po dw\u00f3ch latach funkcjonowania likwidacji ulegaj\u0105 codziennie ca\u0142oroczne po\u0142\u0105czenia pomi\u0119dzy Lublinem a Be\u0142\u017ccem. By\u0142y dost\u0119pne przez dwa lata i cho\u0107 mo\u017ce rozk\u0142ad nie by\u0142 doskona\u0142y, pokaza\u0142y, \u017ce niestety zainteresowanie tak mieszka\u0144c\u00f3w, jak i turyst\u00f3w poza sezonem jest bardzo niewielkie.<\/p>\n\n\n\n<p>Od 14 grudnia 2025 r. &nbsp;po\u0142\u0105czenia <strong>Lublin \u2013 Be\u0142\u017cec\/Hrebenne<\/strong> realizowane s\u0105 tylko weekendowo, za to przyspieszone (z omini\u0119ciem Rejowca i cz\u0119\u015bci innych stacji osobowych), co jest s\u0142uszne. Pomys\u0142 na <strong>jedn\u0105 popo\u0142udniow\u0105 par\u0119 w pi\u0105tek i dwie pary w sobot\u0119 i niedziel\u0119 <\/strong>uwa\u017cam za trafiony, jednak faktyczny rozk\u0142ad jazdy w jego pierwszej ods\u0142onie oceniam jako taki sobie.<\/p>\n\n\n\n<p><strong>Oferta PKP Intercity<\/strong><\/p>\n\n\n\n<p>W rozk\u0142adzie pozostaje poci\u0105g ca\u0142oroczny <em>Wis\u0142ok<\/em> <strong>Warszawa Zachodnia \u2013 Lublin G\u0142\u00f3wny \u2013 Rawa Ruska<\/strong>. Na odcinku Warszawa Zachodnia \u2013 Lublin ma przystanki handlowe tak jak inne poci\u0105gi pospieszne, natomiast na odcinku Lublin \u2013 Rawa Ruska, podobnie jak w przypadku poci\u0105gu ukrai\u0144skiego, nie ma przystank\u00f3w handlowych.<\/p>\n\n\n\n<p>Ponadto ca\u0142orocznie mamy:<\/p>\n\n\n\n<p>Poci\u0105gi <em>Hetman<\/em> i <em>Kasztelan <\/em>w relacji <strong>Hrubiesz\u00f3w \u2013 Zamo\u015b\u0107 \u2013 Zwierzyniec \u2013 Rzesz\u00f3w \u2013 Krak\u00f3w.<\/strong> Nadal brak bezpo\u015bredniego po\u0142\u0105czenia do Wroc\u0142awia.<\/p>\n\n\n\n<p>Poci\u0105g <em>Bystrzyca<\/em> <strong>Hrubiesz\u00f3w \u2013 Zamo\u015b\u0107 \u2013 Lublin \u2013 Warszawa \u2013 Bydgoszcz.<\/strong><\/p>\n\n\n\n<p><\/p>\n\n\n\n<p><\/p>\n","protected":false},"excerpt":{"rendered":"<p>2025\/2026 Oferta PolRegio i Lubelskiego Urz\u0119du Marsza\u0142kowskiego Po dw\u00f3ch latach funkcjonowania likwidacji ulegaj\u0105 codziennie ca\u0142oroczne po\u0142\u0105czenia pomi\u0119dzy Lublinem a Be\u0142\u017ccem. By\u0142y dost\u0119pne przez dwa lata i cho\u0107 mo\u017ce rozk\u0142ad nie by\u0142 doskona\u0142y, pokaza\u0142y, \u017ce niestety zainteresowanie tak mieszka\u0144c\u00f3w, jak i turyst\u00f3w poza sezonem jest bardzo niewielkie. Od 14 grudnia 2025 r. &nbsp;po\u0142\u0105czenia Lublin \u2013 Be\u0142\u017cec\/Hrebenne &hellip; <a href=\"https:\/\/roztocze24.info\/?page_id=8588\" class=\"more-link\">Czytaj dalej<span class=\"screen-reader-text\"> \u201eKolejowy rozk\u0142ad jazdy\u201d<\/span><\/a><\/p>\n","protected":false},"author":1,"featured_media":0,"parent":808,"menu_order":0,"comment_status":"closed","ping_status":"closed","template":"","meta":{"footnotes":""},"class_list":["post-8588","page","type-page","status-publish","hentry"],"_links":{"self":[{"href":"https:\/\/roztocze24.info\/index.php?rest_route=\/wp\/v2\/pages\/8588","targetHints":{"allow":["GET"]}}],"collection":[{"href":"https:\/\/roztocze24.info\/index.php?rest_route=\/wp\/v2\/pages"}],"about":[{"href":"https:\/\/roztocze24.info\/index.php?rest_route=\/wp\/v2\/types\/page"}],"author":[{"embeddable":true,"href":"https:\/\/roztocze24.info\/index.php?rest_route=\/wp\/v2\/users\/1"}],"replies":[{"embeddable":true,"href":"https:\/\/roztocze24.info\/index.php?rest_route=%2Fwp%2Fv2%2Fcomments&post=8588"}],"version-history":[{"count":24,"href":"https:\/\/roztocze24.info\/index.php?rest_route=\/wp\/v2\/pages\/8588\/revisions"}],"predecessor-version":[{"id":9447,"href":"https:\/\/roztocze24.info\/index.php?rest_route=\/wp\/v2\/pages\/8588\/revisions\/9447"}],"up":[{"embeddable":true,"href":"https:\/\/roztocze24.info\/index.php?rest_route=\/wp\/v2\/pages\/808"}],"wp:attachment":[{"href":"https:\/\/roztocze24.info\/index.php?rest_route=%2Fwp%2Fv2%2Fmedia&parent=8588"}],"curies":[{"name":"wp","href":"https:\/\/api.w.org\/{rel}","templated":true}]}}