{"id":859,"date":"2016-02-20T19:20:04","date_gmt":"2016-02-20T19:20:04","guid":{"rendered":"http:\/\/roztocze24.info\/tematy-2\/osobliwosci\/roztocze_osobliwosci_2\/"},"modified":"2019-04-06T11:46:29","modified_gmt":"2019-04-06T09:46:29","slug":"roztocze_osobliwosci_2","status":"publish","type":"page","link":"https:\/\/roztocze24.info\/?page_id=859","title":{"rendered":"Osobliwo\u015bci Roztocza cz. 2"},"content":{"rendered":"<p><strong>Poligon Jaworowski (Roztocze Po\u0142udniowe, cz\u0119\u015b\u0107 ukrai\u0144ska)<\/strong><\/p>\n<p>Bodaj najbardziej niesamowite krajobrazowo miejsce na ca\u0142ym Roztoczu! W centralnej cz\u0119\u015bci ruiny cerkwi. Niegdy\u015b znajdowa\u0142a si\u0119 ona w \u015brodku wsi \u2013 teraz w\u015br\u00f3d poligonowych p\u00f3l. <a href=\"https:\/\/roztocze24.info\/?page_id=923\">Wi\u0119cej<\/a>.<\/p>\n<p><img loading=\"lazy\" decoding=\"async\" class=\"aligncenter size-full wp-image-4763\" src=\"http:\/\/roztocze24.info\/wp-content\/uploads\/2019\/03\/DSCN0622.jpg\" alt=\"\" width=\"750\" height=\"500\" srcset=\"https:\/\/roztocze24.info\/wp-content\/uploads\/2019\/03\/DSCN0622.jpg 750w, https:\/\/roztocze24.info\/wp-content\/uploads\/2019\/03\/DSCN0622-300x200.jpg 300w\" sizes=\"auto, (max-width: 750px) 85vw, 750px\" \/><\/p>\n<p>\u00a0<\/p>\n<p><strong>Horod\u0142o (Wy\u017cyna Wo\u0142y\u0144ska)<\/strong><\/p>\n<p>Ko\u015bci\u00f3\u0142 polsko-katolicki z pi\u0119knym napisem: <em>Ko\u015bcio\u0142y drewniane, betonowe, wewn\u0105trz bogate i skromne, du\u017ce, ogromne i malutkie, ale najwa\u017cniejsze \u017ceby by\u0142<\/em>y.<\/p>\n<p><img loading=\"lazy\" decoding=\"async\" class=\"aligncenter size-full wp-image-4752\" src=\"http:\/\/roztocze24.info\/wp-content\/uploads\/2019\/03\/KOSCIOLY.jpg\" alt=\"\" width=\"320\" height=\"340\" srcset=\"https:\/\/roztocze24.info\/wp-content\/uploads\/2019\/03\/KOSCIOLY.jpg 320w, https:\/\/roztocze24.info\/wp-content\/uploads\/2019\/03\/KOSCIOLY-282x300.jpg 282w\" sizes=\"auto, (max-width: 320px) 85vw, 320px\" \/><\/p>\n<p>\u00a0<\/p>\n<p><strong>Tyszowce (Grz\u0119da Sokalska)<\/strong><\/p>\n<p>S\u0142ynne buty <em>t<\/em><em>yszowiaki<\/em>, kt\u00f3re r\u00f3wnie pasuj\u0105 na obie nogi.<\/p>\n<p><img loading=\"lazy\" decoding=\"async\" class=\"aligncenter size-full wp-image-4753\" src=\"http:\/\/roztocze24.info\/wp-content\/uploads\/2019\/03\/tyszowiaki.jpg\" alt=\"\" width=\"276\" height=\"320\" srcset=\"https:\/\/roztocze24.info\/wp-content\/uploads\/2019\/03\/tyszowiaki.jpg 276w, https:\/\/roztocze24.info\/wp-content\/uploads\/2019\/03\/tyszowiaki-259x300.jpg 259w\" sizes=\"auto, (max-width: 276px) 85vw, 276px\" \/><\/p>\n<p>\u00a0<\/p>\n<p><strong>\u017b\u00f3\u0142kiew (Roztocze Po\u0142udniowe, cz\u0119\u015b\u0107 ukrai\u0144ska)<\/strong><\/p>\n<p>Zabytek sztuki technicznej, uliczny s\u0142up o\u015bwietleniowy z metalow\u0105 tabliczk\u0105 z 1933 r.<\/p>\n<p><img loading=\"lazy\" decoding=\"async\" class=\"aligncenter size-full wp-image-4755\" src=\"http:\/\/roztocze24.info\/wp-content\/uploads\/2019\/03\/ZOLWMET.jpg\" alt=\"\" width=\"351\" height=\"320\" srcset=\"https:\/\/roztocze24.info\/wp-content\/uploads\/2019\/03\/ZOLWMET.jpg 351w, https:\/\/roztocze24.info\/wp-content\/uploads\/2019\/03\/ZOLWMET-300x274.jpg 300w\" sizes=\"auto, (max-width: 351px) 85vw, 351px\" \/><\/p>\n<p>\u00a0<\/p>\n<p><strong>Dziewi\u0119cierz (Roztocze Po\u0142udniowe)<\/strong><\/p>\n<p>Peron stacji, obecnie czynnej tylko w weekendy w maj\u00f3wk\u0119 i w wakacje. Wygl\u0105da niepozornie, ale w trawach po lewej stronie odnajdziemy tu a\u017c 5 tor\u00f3w, w tym jeden szeroki.<\/p>\n<p><img loading=\"lazy\" decoding=\"async\" class=\"aligncenter size-full wp-image-4756\" src=\"http:\/\/roztocze24.info\/wp-content\/uploads\/2019\/03\/IMG_7611.jpg\" alt=\"\" width=\"750\" height=\"500\" srcset=\"https:\/\/roztocze24.info\/wp-content\/uploads\/2019\/03\/IMG_7611.jpg 750w, https:\/\/roztocze24.info\/wp-content\/uploads\/2019\/03\/IMG_7611-300x200.jpg 300w\" sizes=\"auto, (max-width: 750px) 85vw, 750px\" \/><\/p>\n<p><img loading=\"lazy\" decoding=\"async\" class=\"aligncenter size-full wp-image-4772\" src=\"http:\/\/roztocze24.info\/wp-content\/uploads\/2019\/03\/Dziewiecierz-PKP-lato.jpg\" alt=\"\" width=\"761\" height=\"500\" srcset=\"https:\/\/roztocze24.info\/wp-content\/uploads\/2019\/03\/Dziewiecierz-PKP-lato.jpg 761w, https:\/\/roztocze24.info\/wp-content\/uploads\/2019\/03\/Dziewiecierz-PKP-lato-300x197.jpg 300w\" sizes=\"auto, (max-width: 761px) 85vw, 761px\" \/><\/p>\n<p>\u00a0<\/p>\n<p><strong>Potoczek k. Zamo\u015bcia<br \/><\/strong><\/p>\n<p>Tego typu potr\u00f3jne krzy\u017ce <em>morowe<\/em> stawiano zwykle na skraju wsi.<\/p>\n<p><img loading=\"lazy\" decoding=\"async\" class=\"aligncenter size-full wp-image-5952\" src=\"http:\/\/roztocze24.info\/wp-content\/uploads\/2019\/03\/IMG_3985-Potoczek.jpg\" alt=\"\" width=\"333\" height=\"500\" srcset=\"https:\/\/roztocze24.info\/wp-content\/uploads\/2019\/03\/IMG_3985-Potoczek.jpg 333w, https:\/\/roztocze24.info\/wp-content\/uploads\/2019\/03\/IMG_3985-Potoczek-200x300.jpg 200w\" sizes=\"auto, (max-width: 333px) 85vw, 333px\" \/><\/p>\n<p>\u00a0<\/p>\n<p><strong>\u0141uszczacz (Roztocze \u015arodkowe)<\/strong><\/p>\n<p>Przy g\u0142\u00f3wnej szosie zobaczy\u0107 mo\u017cna tu ca\u0142\u0105 seri\u0119 starych pomp-studni. Woda tu faktycznie zalega do\u015b\u0107 g\u0142\u0119boko pod ziemi\u0105.<\/p>\n<p><img loading=\"lazy\" decoding=\"async\" class=\"aligncenter size-full wp-image-4760\" src=\"http:\/\/roztocze24.info\/wp-content\/uploads\/2019\/03\/HUTKI1.jpg\" alt=\"\" width=\"315\" height=\"485\" srcset=\"https:\/\/roztocze24.info\/wp-content\/uploads\/2019\/03\/HUTKI1.jpg 315w, https:\/\/roztocze24.info\/wp-content\/uploads\/2019\/03\/HUTKI1-195x300.jpg 195w\" sizes=\"auto, (max-width: 315px) 85vw, 315px\" \/><\/p>\n<p>\u00a0<\/p>\n<p><strong>Lasy Janowskie<\/strong><\/p>\n<p>R\u00f3\u017cne pomniki mo\u017cna jeszcze spotka\u0107 po lasach. Napis g\u0142osi, \u017ce spoczywa tu Habler Lejba.<\/p>\n<p><img loading=\"lazy\" decoding=\"async\" class=\"aligncenter size-full wp-image-4762\" src=\"http:\/\/roztocze24.info\/wp-content\/uploads\/2019\/03\/ZAGADKA.jpg\" alt=\"\" width=\"517\" height=\"329\" srcset=\"https:\/\/roztocze24.info\/wp-content\/uploads\/2019\/03\/ZAGADKA.jpg 517w, https:\/\/roztocze24.info\/wp-content\/uploads\/2019\/03\/ZAGADKA-300x191.jpg 300w\" sizes=\"auto, (max-width: 517px) 85vw, 517px\" \/><\/p>\n<p>\u00a0<\/p>\n<p><strong>Narol (Roztocze Po\u0142udniowe)<\/strong><\/p>\n<p>G\u00f3rska kosodrzewina w roztocza\u0144skim lesie.<\/p>\n<p><img loading=\"lazy\" decoding=\"async\" class=\"aligncenter size-full wp-image-5388\" src=\"http:\/\/roztocze24.info\/wp-content\/uploads\/2019\/03\/Kosodrzewina-pod-Narolem.jpg\" alt=\"\" width=\"763\" height=\"500\" srcset=\"https:\/\/roztocze24.info\/wp-content\/uploads\/2019\/03\/Kosodrzewina-pod-Narolem.jpg 763w, https:\/\/roztocze24.info\/wp-content\/uploads\/2019\/03\/Kosodrzewina-pod-Narolem-300x197.jpg 300w\" sizes=\"auto, (max-width: 763px) 85vw, 763px\" \/><\/p>\n<p>\u00a0<\/p>\n<p><strong>Krasnobr\u00f3d (Roztocze \u015arodkowe)<\/strong><\/p>\n<p>Uroczyska Belfont. Wed\u0142ug starych przekaz\u00f3w, tutaj mieli spotyka\u0107 si\u0119 Marysie\u0144ka (w\u00f3wczas jeszcze Zamoyska) i Jan Sobieski (w\u00f3wczas jeszcze bynajmniej nie kr\u00f3l). Mam nadziej\u0119, \u017ce wtedy komar\u00f3w by\u0142o mniej.<\/p>\n<p><img loading=\"lazy\" decoding=\"async\" class=\"aligncenter size-full wp-image-4764\" src=\"http:\/\/roztocze24.info\/wp-content\/uploads\/2019\/03\/BELFONT4.jpg\" alt=\"\" width=\"487\" height=\"320\" srcset=\"https:\/\/roztocze24.info\/wp-content\/uploads\/2019\/03\/BELFONT4.jpg 487w, https:\/\/roztocze24.info\/wp-content\/uploads\/2019\/03\/BELFONT4-300x197.jpg 300w\" sizes=\"auto, (max-width: 487px) 85vw, 487px\" \/><\/p>\n<p>\u00a0<\/p>\n<p><strong>Rzeczki (Roztocze Ukrai\u0144skie)<\/strong><\/p>\n<p>Cerkiew wzniesiona na schronie bojowym z linii Mo\u0142otowa? Nawet je\u017celi to tylko z\u0142udzenie \u2013 wygl\u0105da niesamowicie.<\/p>\n<p><img loading=\"lazy\" decoding=\"async\" class=\"aligncenter size-full wp-image-5820\" src=\"http:\/\/roztocze24.info\/wp-content\/uploads\/2019\/03\/IMG_3293-Rzyczki-Archiwum.jpg\" alt=\"\" width=\"330\" height=\"500\" srcset=\"https:\/\/roztocze24.info\/wp-content\/uploads\/2019\/03\/IMG_3293-Rzyczki-Archiwum.jpg 330w, https:\/\/roztocze24.info\/wp-content\/uploads\/2019\/03\/IMG_3293-Rzyczki-Archiwum-198x300.jpg 198w\" sizes=\"auto, (max-width: 330px) 85vw, 330px\" \/><\/p>\n<p>\u00a0<\/p>\n<p><strong>Fujna (Roztocze Ukrai\u0144skie)<\/strong><\/p>\n<p>Oznakowany wododzia\u0142 zlewni Ba\u0142tyku i Morza Czarnego.<\/p>\n<p><img loading=\"lazy\" decoding=\"async\" class=\"aligncenter size-full wp-image-5955\" src=\"http:\/\/roztocze24.info\/wp-content\/uploads\/2019\/03\/IMG_1356.jpg\" alt=\"\" width=\"750\" height=\"500\" srcset=\"https:\/\/roztocze24.info\/wp-content\/uploads\/2019\/03\/IMG_1356.jpg 750w, https:\/\/roztocze24.info\/wp-content\/uploads\/2019\/03\/IMG_1356-300x200.jpg 300w\" sizes=\"auto, (max-width: 750px) 85vw, 750px\" \/><\/p>\n<p>\u00a0<\/p>\n<p><strong>Majdan Sopocki (Roztocze \u015arodkowe)<\/strong><\/p>\n<p>Osobliwe znaki lokalnych szlak\u00f3w turystycznych.<\/p>\n<p><img loading=\"lazy\" decoding=\"async\" class=\"aligncenter size-full wp-image-4276\" src=\"http:\/\/roztocze24.info\/wp-content\/uploads\/2019\/01\/IMG_4581.jpg\" alt=\"\" width=\"750\" height=\"500\" srcset=\"https:\/\/roztocze24.info\/wp-content\/uploads\/2019\/01\/IMG_4581.jpg 750w, https:\/\/roztocze24.info\/wp-content\/uploads\/2019\/01\/IMG_4581-300x200.jpg 300w\" sizes=\"auto, (max-width: 750px) 85vw, 750px\" \/><\/p>\n<p>\u00a0<\/p>\n<p><strong>Zwierzyniec (Roztocze \u015arodkowe)<\/strong><\/p>\n<p>Legendarny konik polski doczeka\u0142 si\u0119 swojego pomnika.<\/p>\n<p><img loading=\"lazy\" decoding=\"async\" class=\"aligncenter size-full wp-image-4768\" src=\"http:\/\/roztocze24.info\/wp-content\/uploads\/2019\/03\/Konik.jpg\" alt=\"\" width=\"749\" height=\"500\" srcset=\"https:\/\/roztocze24.info\/wp-content\/uploads\/2019\/03\/Konik.jpg 749w, https:\/\/roztocze24.info\/wp-content\/uploads\/2019\/03\/Konik-300x200.jpg 300w\" sizes=\"auto, (max-width: 749px) 85vw, 749px\" \/><\/p>\n<p>\u00a0<\/p>\n<p><strong>Rawa Ruska (Roztocze Ukrai\u0144skie)<\/strong><\/p>\n<p>Bilet kolejowy na zamkni\u0119t\u0105 ju\u017c dzi\u015b tras\u0119 Rawa Ruska \u2013 Hrebenne.<\/p>\n<p><img loading=\"lazy\" decoding=\"async\" class=\"aligncenter size-full wp-image-6688\" src=\"http:\/\/roztocze24.info\/wp-content\/uploads\/2019\/04\/B_008.jpg\" alt=\"\" width=\"760\" height=\"557\" srcset=\"https:\/\/roztocze24.info\/wp-content\/uploads\/2019\/04\/B_008.jpg 760w, https:\/\/roztocze24.info\/wp-content\/uploads\/2019\/04\/B_008-300x220.jpg 300w\" sizes=\"auto, (max-width: 760px) 85vw, 760px\" \/><\/p>\n<p>\u00a0<\/p>\n<p><strong>Poci\u0105g Roztocze<\/strong><\/p>\n<p>Dzi\u015b po Roztoczu je\u017cd\u017c\u0105 g\u0142\u00f3wnie szynobusy, a kiedy\u015b tradycyjne sk\u0142ady wagonowe z funkcjonalnymi wagonami rowerowymi. Tak by\u0142o w poci\u0105gu <em>Roztocze<\/em> zar\u00f3wno w wersji Warszawa Zachodnia \u2013 Rawa Ruska (na zdj\u0119ciu), jak i w wersji Zamo\u015b\u0107 \u2013 Wroc\u0142aw G\u0142\u00f3wny.<\/p>\n<p><img loading=\"lazy\" decoding=\"async\" class=\"aligncenter size-full wp-image-5385\" src=\"http:\/\/roztocze24.info\/wp-content\/uploads\/2019\/03\/rowerowyjpg.jpg\" alt=\"\" width=\"757\" height=\"500\" srcset=\"https:\/\/roztocze24.info\/wp-content\/uploads\/2019\/03\/rowerowyjpg.jpg 757w, https:\/\/roztocze24.info\/wp-content\/uploads\/2019\/03\/rowerowyjpg-300x198.jpg 300w\" sizes=\"auto, (max-width: 757px) 85vw, 757px\" \/><\/p>\n<p>\u00a0<\/p>\n<p><strong>Nowe Brusno (Roztocze Po\u0142udniowe)<\/strong><\/p>\n<p>Nagrobek na cmentarzu z czas\u00f3w kolonizacji j\u00f3zefi\u0144skiej.<\/p>\n<p><img loading=\"lazy\" decoding=\"async\" class=\"aligncenter size-full wp-image-4773\" src=\"http:\/\/roztocze24.info\/wp-content\/uploads\/2019\/03\/IMG_3791.jpg\" alt=\"\" width=\"333\" height=\"500\" srcset=\"https:\/\/roztocze24.info\/wp-content\/uploads\/2019\/03\/IMG_3791.jpg 333w, https:\/\/roztocze24.info\/wp-content\/uploads\/2019\/03\/IMG_3791-200x300.jpg 200w\" sizes=\"auto, (max-width: 333px) 85vw, 333px\" \/><\/p>\n<p>\u00a0<\/p>\n<p><strong>Zwierzyniec (Roztocze \u015arodkowe)<\/strong><\/p>\n<p>Obuwik pospolity \u2013 florystyczny symbol Roztocza\u0144skiego Parku Narodowego. Kwitnie na dzie\u0144 dziecka.<\/p>\n<p><img loading=\"lazy\" decoding=\"async\" class=\"aligncenter size-full wp-image-4774\" src=\"http:\/\/roztocze24.info\/wp-content\/uploads\/2019\/03\/obuwik.jpg\" alt=\"\" width=\"726\" height=\"500\" srcset=\"https:\/\/roztocze24.info\/wp-content\/uploads\/2019\/03\/obuwik.jpg 726w, https:\/\/roztocze24.info\/wp-content\/uploads\/2019\/03\/obuwik-300x207.jpg 300w\" sizes=\"auto, (max-width: 726px) 85vw, 726px\" \/><\/p>\n<p>\u00a0<\/p>\n<p><strong>Monastyr (Roztocze Po\u0142udniowe)<\/strong><\/p>\n<p>Owiane legendami wzg\u00f3rze, na kt\u00f3rym znajduj\u0105 si\u0119 ruiny bazylia\u0144skiego monastyru, cmentarze z okresu I i II wojny \u015bwiatowej oraz miejsce po pustelni Brata Alberta Chmielowskiego.<\/p>\n<p><img loading=\"lazy\" decoding=\"async\" class=\"aligncenter size-full wp-image-4771\" src=\"http:\/\/roztocze24.info\/wp-content\/uploads\/2019\/03\/IMG_8495.jpg\" alt=\"\" width=\"750\" height=\"500\" srcset=\"https:\/\/roztocze24.info\/wp-content\/uploads\/2019\/03\/IMG_8495.jpg 750w, https:\/\/roztocze24.info\/wp-content\/uploads\/2019\/03\/IMG_8495-300x200.jpg 300w\" sizes=\"auto, (max-width: 750px) 85vw, 750px\" \/><\/p>\n<p>\u00a0<\/p>\n<p><strong>Zwierzyniec (Roztocze \u015arodkowe)<\/strong><\/p>\n<p>Stary browar. Nie tylko mo\u017cna si\u0119 tu napi\u0107 piwa, ale tak\u017ce zwiedzi\u0107 sam zak\u0142ad, a w lecie na dziedzi\u0144cu obejrze\u0107 film (kino letnie).<\/p>\n<p><img loading=\"lazy\" decoding=\"async\" class=\"aligncenter size-full wp-image-6946\" src=\"http:\/\/roztocze24.info\/wp-content\/uploads\/2019\/04\/IMG_8609.jpg\" alt=\"\" width=\"750\" height=\"500\" srcset=\"https:\/\/roztocze24.info\/wp-content\/uploads\/2019\/04\/IMG_8609.jpg 750w, https:\/\/roztocze24.info\/wp-content\/uploads\/2019\/04\/IMG_8609-300x200.jpg 300w\" sizes=\"auto, (max-width: 750px) 85vw, 750px\" \/><\/p>\n<p class=\"center\" style=\"text-align: left;\"><a href=\"https:\/\/roztocze24.info\/?page_id=3236\">Cz\u0119\u015b\u0107 3<\/a><\/p>\n\n\n<p><\/p>\n","protected":false},"excerpt":{"rendered":"<p>Poligon Jaworowski (Roztocze Po\u0142udniowe, cz\u0119\u015b\u0107 ukrai\u0144ska) Bodaj najbardziej niesamowite krajobrazowo miejsce na ca\u0142ym Roztoczu! W centralnej cz\u0119\u015bci ruiny cerkwi. Niegdy\u015b znajdowa\u0142a si\u0119 ona w \u015brodku wsi \u2013 teraz w\u015br\u00f3d poligonowych p\u00f3l. Wi\u0119cej. \u00a0 Horod\u0142o (Wy\u017cyna Wo\u0142y\u0144ska) Ko\u015bci\u00f3\u0142 polsko-katolicki z pi\u0119knym napisem: Ko\u015bcio\u0142y drewniane, betonowe, wewn\u0105trz bogate i skromne, du\u017ce, ogromne i malutkie, ale najwa\u017cniejsze \u017ceby &hellip; <a href=\"https:\/\/roztocze24.info\/?page_id=859\" class=\"more-link\">Czytaj dalej<span class=\"screen-reader-text\"> \u201eOsobliwo\u015bci Roztocza cz. 2\u201d<\/span><\/a><\/p>\n","protected":false},"author":1,"featured_media":0,"parent":857,"menu_order":0,"comment_status":"closed","ping_status":"closed","template":"","meta":{"footnotes":""},"class_list":["post-859","page","type-page","status-publish","hentry"],"_links":{"self":[{"href":"https:\/\/roztocze24.info\/index.php?rest_route=\/wp\/v2\/pages\/859","targetHints":{"allow":["GET"]}}],"collection":[{"href":"https:\/\/roztocze24.info\/index.php?rest_route=\/wp\/v2\/pages"}],"about":[{"href":"https:\/\/roztocze24.info\/index.php?rest_route=\/wp\/v2\/types\/page"}],"author":[{"embeddable":true,"href":"https:\/\/roztocze24.info\/index.php?rest_route=\/wp\/v2\/users\/1"}],"replies":[{"embeddable":true,"href":"https:\/\/roztocze24.info\/index.php?rest_route=%2Fwp%2Fv2%2Fcomments&post=859"}],"version-history":[{"count":13,"href":"https:\/\/roztocze24.info\/index.php?rest_route=\/wp\/v2\/pages\/859\/revisions"}],"predecessor-version":[{"id":6947,"href":"https:\/\/roztocze24.info\/index.php?rest_route=\/wp\/v2\/pages\/859\/revisions\/6947"}],"up":[{"embeddable":true,"href":"https:\/\/roztocze24.info\/index.php?rest_route=\/wp\/v2\/pages\/857"}],"wp:attachment":[{"href":"https:\/\/roztocze24.info\/index.php?rest_route=%2Fwp%2Fv2%2Fmedia&parent=859"}],"curies":[{"name":"wp","href":"https:\/\/api.w.org\/{rel}","templated":true}]}}