{"id":863,"date":"2016-02-20T19:20:06","date_gmt":"2016-02-20T19:20:06","guid":{"rendered":"http:\/\/roztocze24.info\/tematy-2\/przyroda\/jaskinie_roztocza\/"},"modified":"2019-04-08T20:00:04","modified_gmt":"2019-04-08T18:00:04","slug":"jaskinie_roztocza","status":"publish","type":"page","link":"https:\/\/roztocze24.info\/?page_id=863","title":{"rendered":"Jaskinie Roztocza"},"content":{"rendered":"\n<h4 class=\"wp-block-heading\">Roztocze \u015arodkowe<\/h4>\n\n\n\n<p>Podziemne Roztocze to przede wszystkim <a href=\"https:\/\/roztocze24.info\/?page_id=906\">sztolnie<\/a> dawnej kopalni kamienia nieopodal wsi <strong>Potok Senderki<\/strong> (Roztocze \u015arodkowe). S\u0105 imponuj\u0105ce, ale jednak to tylko dzie\u0142o cz\u0142owieka, a jedynym elementem naturalnym s\u0105 zimuj\u0105ce tu nietoperze.<\/p>\n\n\n\n<div class=\"wp-block-image\"><figure class=\"aligncenter\"><img loading=\"lazy\" decoding=\"async\" width=\"748\" height=\"500\" src=\"https:\/\/roztocze24.info\/wp-content\/uploads\/2019\/03\/Sztol6.jpg\" alt=\"\" class=\"wp-image-4495\" srcset=\"https:\/\/roztocze24.info\/wp-content\/uploads\/2019\/03\/Sztol6.jpg 748w, https:\/\/roztocze24.info\/wp-content\/uploads\/2019\/03\/Sztol6-300x201.jpg 300w\" sizes=\"auto, (max-width: 748px) 85vw, 748px\" \/><figcaption>Potok Senderki &#8211; jedna ze sztolni dawnej kopalni kamienia<\/figcaption><\/figure><\/div>\n\n\n\n<p>A obiekty naturalne?<\/p>\n\n\n\n<p>Ciekaw\u0105 jaskini\u0119 znajdziemy w <strong>kamienio\u0142omie na Krzy\u017cowej G\u00f3rze<\/strong> w Tarnowoli. Na zdj\u0119ciu (poni\u017cej) wygl\u0105da niepozornie, ale z powodzeniem pomie\u015bci w \u015brodku doros\u0142ego cz\u0142owieka.<\/p>\n\n\n\n<div class=\"wp-block-image\"><figure class=\"aligncenter\"><img loading=\"lazy\" decoding=\"async\" width=\"750\" height=\"500\" src=\"https:\/\/roztocze24.info\/wp-content\/uploads\/2019\/03\/IMG_4951-Krzyzowa-gora.jpg\" alt=\"\" class=\"wp-image-4498\" srcset=\"https:\/\/roztocze24.info\/wp-content\/uploads\/2019\/03\/IMG_4951-Krzyzowa-gora.jpg 750w, https:\/\/roztocze24.info\/wp-content\/uploads\/2019\/03\/IMG_4951-Krzyzowa-gora-300x200.jpg 300w\" sizes=\"auto, (max-width: 750px) 85vw, 750px\" \/><figcaption>Jaskinia w kamienio\u0142omie na Krzy\u017cowej G\u00f3rze w Tarnowli<\/figcaption><\/figure><\/div>\n\n\n\n<h4 class=\"wp-block-heading\">Roztocze Zachodnie<\/h4>\n\n\n\n<p>Grot\u0119 wok\u00f3\u0142 niewielkiego go\u0142oborza odnale\u017a\u0107 mo\u017cna na po\u0142udniowych stokach g\u00f3ry<a href=\"https:\/\/roztocze24.info\/?page_id=941\"> <strong>Czubatka<\/strong> <\/a>nieopodal Kaw\u0119czynka.<\/p>\n\n\n\n<div class=\"wp-block-image\"><figure class=\"aligncenter\"><img loading=\"lazy\" decoding=\"async\" width=\"756\" height=\"500\" src=\"https:\/\/roztocze24.info\/wp-content\/uploads\/2019\/03\/Czubatka-gora5.jpg\" alt=\"\" class=\"wp-image-4500\" srcset=\"https:\/\/roztocze24.info\/wp-content\/uploads\/2019\/03\/Czubatka-gora5.jpg 756w, https:\/\/roztocze24.info\/wp-content\/uploads\/2019\/03\/Czubatka-gora5-300x198.jpg 300w\" sizes=\"auto, (max-width: 756px) 85vw, 756px\" \/><figcaption>Jaskinia na wzg\u00f3rzu Czubatka k. Kaw\u0119czynka<\/figcaption><\/figure><\/div>\n\n\n\n<p>Znacznie wi\u0119ksze groty (tudzie\u017c ska\u0142y) odnajdziemy na stokach wzniesienia w okolicy Goraja. To<a href=\"https:\/\/roztocze24.info\/?page_id=938\"> <strong>Gorajskie Ska\u0142y.<\/strong><\/a><\/p>\n\n\n\n<div class=\"wp-block-image\"><figure class=\"aligncenter\"><img loading=\"lazy\" decoding=\"async\" width=\"750\" height=\"500\" src=\"https:\/\/roztocze24.info\/wp-content\/uploads\/2019\/03\/IMG_0247.jpg\" alt=\"\" class=\"wp-image-4485\" srcset=\"https:\/\/roztocze24.info\/wp-content\/uploads\/2019\/03\/IMG_0247.jpg 750w, https:\/\/roztocze24.info\/wp-content\/uploads\/2019\/03\/IMG_0247-300x200.jpg 300w\" sizes=\"auto, (max-width: 750px) 85vw, 750px\" \/><figcaption>Gorajskie Ska\u0142y<\/figcaption><\/figure><\/div>\n\n\n\n<h4 class=\"wp-block-heading\">Roztocze Po\u0142udniowe (Wschodnie)<\/h4>\n\n\n\n<p>Warte uwagi jest wzg\u00f3rze <strong>Monastyr<\/strong> ko\u0142o Werchraty. To miejsce dawnego klasztoru, na kt\u00f3rego potrzeby w skale wydr\u0105\u017cono studni\u0119 (na zdj\u0119ciu poni\u017cej), z kt\u00f3rej wyros\u0142o potem doros\u0142e drzewo. Obecnie wody w niej ju\u017c nie ma, ale na poziomie obecnego dna&nbsp; znajduje si\u0119 niski tunel prowadz\u0105cy dooko\u0142a studni i b\u0119d\u0105cy ju\u017c najprawdopodobniej tworem naturalnego wietrzenia.<\/p>\n\n\n\n<div class=\"wp-block-image\"><figure class=\"aligncenter\"><img loading=\"lazy\" decoding=\"async\" width=\"333\" height=\"500\" src=\"https:\/\/roztocze24.info\/wp-content\/uploads\/2019\/03\/IMG_3775.jpg\" alt=\"\" class=\"wp-image-4537\" srcset=\"https:\/\/roztocze24.info\/wp-content\/uploads\/2019\/03\/IMG_3775.jpg 333w, https:\/\/roztocze24.info\/wp-content\/uploads\/2019\/03\/IMG_3775-200x300.jpg 200w\" sizes=\"auto, (max-width: 333px) 85vw, 333px\" \/><figcaption>Studnia na wzg\u00f3rzu Monastyr k. Werchraty. Jaskinia jest na jej dnie.<\/figcaption><\/figure><\/div>\n\n\n\n<p>Nieco dalej, nadal na p\u0142n. od szosy Werchrata &#8211; Narol, na wzg\u00f3rzu us\u0142anym g\u0142azami, znajduje si\u0119 tzw. <strong>jaskinia w Dachanach (<a href=\"https:\/\/roztocze24.info\/?page_id=892\">jaskinia Pra\u0142asanta<\/a>)<\/strong>.<\/p>\n\n\n\n<div class=\"wp-block-image\"><figure class=\"aligncenter\"><img loading=\"lazy\" decoding=\"async\" width=\"489\" height=\"320\" src=\"https:\/\/roztocze24.info\/wp-content\/uploads\/2019\/03\/JASKIN4.jpg\" alt=\"\" class=\"wp-image-4503\" srcset=\"https:\/\/roztocze24.info\/wp-content\/uploads\/2019\/03\/JASKIN4.jpg 489w, https:\/\/roztocze24.info\/wp-content\/uploads\/2019\/03\/JASKIN4-300x196.jpg 300w\" sizes=\"auto, (max-width: 489px) 85vw, 489px\" \/><figcaption>Jaskinia Pra\u0142asanta<\/figcaption><\/figure><\/div>\n\n\n\n<p>Kolejny interesuj\u0105cy obiekt to<a href=\"https:\/\/roztocze24.info\/?page_id=893\"> <strong>jaskinia Przyjaci\u00f3\u0142<\/strong><\/a> znajduj\u0105ca si\u0119 w\u015br\u00f3d skalnych w\u0105woz\u00f3w po\u0142o\u017conych na po\u0142udniowych stokach g\u00f3ry Brusno.<\/p>\n\n\n\n<div class=\"wp-block-image\"><figure class=\"aligncenter\"><img loading=\"lazy\" decoding=\"async\" width=\"748\" height=\"500\" src=\"https:\/\/roztocze24.info\/wp-content\/uploads\/2019\/03\/P1010805-Przyjaciol.jpg\" alt=\"\" class=\"wp-image-4504\" srcset=\"https:\/\/roztocze24.info\/wp-content\/uploads\/2019\/03\/P1010805-Przyjaciol.jpg 748w, https:\/\/roztocze24.info\/wp-content\/uploads\/2019\/03\/P1010805-Przyjaciol-300x201.jpg 300w\" sizes=\"auto, (max-width: 748px) 85vw, 748px\" \/><figcaption>Jaskinia Przyjaci\u00f3\u0142 w w\u0105wozie g\u00f3ry Brusno<\/figcaption><\/figure><\/div>\n\n\n\n<p>Na stokach tego samego w\u0105wozu znajduje si\u0119 jeszcze <strong>Jaskinia Koleg\u00f3w ze Schroniskiem Kole\u017canek.<\/strong><\/p>\n\n\n\n<div class=\"wp-block-image\"><figure class=\"aligncenter\"><img loading=\"lazy\" decoding=\"async\" width=\"750\" height=\"500\" src=\"https:\/\/roztocze24.info\/wp-content\/uploads\/2019\/03\/IMG_6546-Jaskinia-Kolegow.jpg\" alt=\"\" class=\"wp-image-5572\" srcset=\"https:\/\/roztocze24.info\/wp-content\/uploads\/2019\/03\/IMG_6546-Jaskinia-Kolegow.jpg 750w, https:\/\/roztocze24.info\/wp-content\/uploads\/2019\/03\/IMG_6546-Jaskinia-Kolegow-300x200.jpg 300w\" sizes=\"auto, (max-width: 750px) 85vw, 750px\" \/><figcaption>Jaskinia Koleg\u00f3w ze Schroniskiem Kole\u017canek w w\u0105wozie g\u00f3ry Brusno<\/figcaption><\/figure><\/div>\n\n\n\n<p>Podobny obiekt odnajdziemy w lesie nieopodal dawnej wsi Chmiele &#8211; to <a href=\"https:\/\/roztocze24.info\/?page_id=891\">jaskinia <strong>Chmielna<\/strong><\/a>.<\/p>\n\n\n\n<div class=\"wp-block-image\"><figure class=\"aligncenter\"><img loading=\"lazy\" decoding=\"async\" width=\"748\" height=\"500\" src=\"https:\/\/roztocze24.info\/wp-content\/uploads\/2019\/03\/P1020055.jpg\" alt=\"\" class=\"wp-image-4506\" srcset=\"https:\/\/roztocze24.info\/wp-content\/uploads\/2019\/03\/P1020055.jpg 748w, https:\/\/roztocze24.info\/wp-content\/uploads\/2019\/03\/P1020055-300x201.jpg 300w\" sizes=\"auto, (max-width: 748px) 85vw, 748px\" \/><figcaption>Jaskinia Chmielna nieopodal dawnej wsi Chmiele<\/figcaption><\/figure><\/div>\n\n\n\n<p>Wiele innych obiekt\u00f3w jest mniejszych. W\u015br\u00f3d nich wymie\u0144my do\u015b\u0107 cho\u0107by skromny <strong>obiekt w Nied\u017awiedziach.<\/strong><\/p>\n\n\n\n<h4 class=\"wp-block-heading\">Roztocze Ukrai\u0144skie<\/h4>\n\n\n\n<p>Tu tak\u017ce jaski\u0144 nie brakuje. Najbardziej znane z nich to <a href=\"https:\/\/roztocze24.info\/?page_id=930\"><strong>groty w Stradczu<\/strong><\/a> (na zdj\u0119ciu poni\u017cej)&#8230;<\/p>\n\n\n\n<div class=\"wp-block-image\"><figure class=\"aligncenter\"><img loading=\"lazy\" decoding=\"async\" width=\"750\" height=\"500\" src=\"https:\/\/roztocze24.info\/wp-content\/uploads\/2019\/03\/IMG_3481.jpg\" alt=\"\" class=\"wp-image-4507\" srcset=\"https:\/\/roztocze24.info\/wp-content\/uploads\/2019\/03\/IMG_3481.jpg 750w, https:\/\/roztocze24.info\/wp-content\/uploads\/2019\/03\/IMG_3481-300x200.jpg 300w\" sizes=\"auto, (max-width: 750px) 85vw, 750px\" \/><figcaption>Grota w Stradczu<\/figcaption><\/figure><\/div>\n\n\n\n<p>&#8230; i Krechowie &#8211; tzw. <a href=\"https:\/\/roztocze24.info\/?page_id=927\"><strong>grota Tymosza<\/strong><\/a>.<\/p>\n\n\n\n<div class=\"wp-block-image\"><figure class=\"aligncenter\"><img loading=\"lazy\" decoding=\"async\" width=\"750\" height=\"500\" src=\"https:\/\/roztocze24.info\/wp-content\/uploads\/2019\/03\/IMG_3455.jpg\" alt=\"\" class=\"wp-image-4508\" srcset=\"https:\/\/roztocze24.info\/wp-content\/uploads\/2019\/03\/IMG_3455.jpg 750w, https:\/\/roztocze24.info\/wp-content\/uploads\/2019\/03\/IMG_3455-300x200.jpg 300w\" sizes=\"auto, (max-width: 750px) 85vw, 750px\" \/><figcaption>Ska\u0142a Tymosza w Krechowie<\/figcaption><\/figure><\/div>\n\n\n\n<p>Bardzo ciekawym obiektem jest du\u017ca<a href=\"https:\/\/roztocze24.info\/?page_id=932\"> <strong>Jaskinia Miodowa<\/strong> <\/a>we Lwowie.<\/p>\n\n\n\n<div class=\"wp-block-image\"><figure class=\"aligncenter\"><img loading=\"lazy\" decoding=\"async\" width=\"750\" height=\"500\" src=\"https:\/\/roztocze24.info\/wp-content\/uploads\/2019\/03\/IMG_1448.jpg\" alt=\"\" class=\"wp-image-4509\" srcset=\"https:\/\/roztocze24.info\/wp-content\/uploads\/2019\/03\/IMG_1448.jpg 750w, https:\/\/roztocze24.info\/wp-content\/uploads\/2019\/03\/IMG_1448-300x200.jpg 300w\" sizes=\"auto, (max-width: 750px) 85vw, 750px\" \/><figcaption>Jaskinia MIodowa we Lwowie<\/figcaption><\/figure><\/div>\n\n\n\n<p>Na pewno te\u017c znalezione zostan\u0105 kolejne skalne ciekawostki&#8230;<\/p>\n","protected":false},"excerpt":{"rendered":"<p>Roztocze \u015arodkowe Podziemne Roztocze to przede wszystkim sztolnie dawnej kopalni kamienia nieopodal wsi Potok Senderki (Roztocze \u015arodkowe). S\u0105 imponuj\u0105ce, ale jednak to tylko dzie\u0142o cz\u0142owieka, a jedynym elementem naturalnym s\u0105 zimuj\u0105ce tu nietoperze. A obiekty naturalne? Ciekaw\u0105 jaskini\u0119 znajdziemy w kamienio\u0142omie na Krzy\u017cowej G\u00f3rze w Tarnowoli. Na zdj\u0119ciu (poni\u017cej) wygl\u0105da niepozornie, ale z powodzeniem pomie\u015bci &hellip; <a href=\"https:\/\/roztocze24.info\/?page_id=863\" class=\"more-link\">Czytaj dalej<span class=\"screen-reader-text\"> \u201eJaskinie Roztocza\u201d<\/span><\/a><\/p>\n","protected":false},"author":1,"featured_media":0,"parent":833,"menu_order":0,"comment_status":"closed","ping_status":"closed","template":"","meta":{"footnotes":""},"class_list":["post-863","page","type-page","status-publish","hentry"],"_links":{"self":[{"href":"https:\/\/roztocze24.info\/index.php?rest_route=\/wp\/v2\/pages\/863","targetHints":{"allow":["GET"]}}],"collection":[{"href":"https:\/\/roztocze24.info\/index.php?rest_route=\/wp\/v2\/pages"}],"about":[{"href":"https:\/\/roztocze24.info\/index.php?rest_route=\/wp\/v2\/types\/page"}],"author":[{"embeddable":true,"href":"https:\/\/roztocze24.info\/index.php?rest_route=\/wp\/v2\/users\/1"}],"replies":[{"embeddable":true,"href":"https:\/\/roztocze24.info\/index.php?rest_route=%2Fwp%2Fv2%2Fcomments&post=863"}],"version-history":[{"count":7,"href":"https:\/\/roztocze24.info\/index.php?rest_route=\/wp\/v2\/pages\/863\/revisions"}],"predecessor-version":[{"id":7052,"href":"https:\/\/roztocze24.info\/index.php?rest_route=\/wp\/v2\/pages\/863\/revisions\/7052"}],"up":[{"embeddable":true,"href":"https:\/\/roztocze24.info\/index.php?rest_route=\/wp\/v2\/pages\/833"}],"wp:attachment":[{"href":"https:\/\/roztocze24.info\/index.php?rest_route=%2Fwp%2Fv2%2Fmedia&parent=863"}],"curies":[{"name":"wp","href":"https:\/\/api.w.org\/{rel}","templated":true}]}}