{"id":870,"date":"2016-02-20T19:20:17","date_gmt":"2016-02-20T19:20:17","guid":{"rendered":"http:\/\/roztocze24.info\/turysta-2\/janowskie\/imielty_lug\/"},"modified":"2019-03-30T18:07:11","modified_gmt":"2019-03-30T17:07:11","slug":"imielty_lug","status":"publish","type":"page","link":"https:\/\/roztocze24.info\/?page_id=870","title":{"rendered":"Lasy Janowskie i bagno Imielty \u0141ug"},"content":{"rendered":"<p>Jednym z najpi\u0119kniejszych miejsc na terenie Las\u00f3w Janowskich (park krajobrazowy, le\u015bny kompleks promocyjny i obszar Natura 2000) jest rezerwat przyrody <em>Imielty \u0141ug<\/em>. Dzi\u0119ki wydmie zwanej Du\u017c\u0105 Gr\u0119p\u0105 mo\u017cna tu bezpiecznie such\u0105 nog\u0105 wej\u015b\u0107 w sam \u015brodek bagna!!! Warto poleci\u0107 przygotowan\u0105 w 2006 r. \u015bcie\u017ck\u0119 dydaktyczn\u0105. Posiada ona dwa punkty styczne z <em>czerwonym<\/em> pieszym szlakiem turystycznym partyzanckim (Zaklik\u00f3w \u2013 Bidacz\u00f3w Stary). Pierwszy przy szosie w Gwizdowie, drugi przy le\u015bnej\u00a0 drodze Gwizd\u00f3w \u2013 \u0141\u0105\u017cek Ordynacki. W obu przypadkach postawiono tablice z przebiegiem \u015bcie\u017cki (takie tablice s\u0105 tak\u017ce w innych miejscach trasy). Za pocz\u0105tek wybra\u0142em to drugie miejsce, bo bli\u017cej st\u0105d na wspania\u0142\u0105 Du\u017c\u0105 Gr\u0119p\u0119. Warto doda\u0107, \u017ce niemal dooko\u0142a tego obszaru prowadzi torowisko dawnej kolejki le\u015bnej.<\/p>\n<p>Na pocz\u0105tku trasy las, kt\u00f3ry jeszcze nie zdradza atrakcji, kt\u00f3re czekaj\u0105 na nas ju\u017c za chwil\u0119.<\/p>\n<p class=\"center\"><img loading=\"lazy\" decoding=\"async\" class=\"aligncenter size-full wp-image-6102\" src=\"http:\/\/roztocze24.info\/wp-content\/uploads\/2019\/03\/IMTY1.jpg\" alt=\"\" width=\"748\" height=\"500\" srcset=\"https:\/\/roztocze24.info\/wp-content\/uploads\/2019\/03\/IMTY1.jpg 748w, https:\/\/roztocze24.info\/wp-content\/uploads\/2019\/03\/IMTY1-300x201.jpg 300w\" sizes=\"auto, (max-width: 748px) 85vw, 748px\" \/><\/p>\n<p>Zaczynaj\u0105 si\u0119 bagna. Rezerwat <em>Imielty \u0141ug<\/em> zajmuje powierzchni\u0119 803 ha. Odnajdziemy tu torfowiska wysokie (mi\u0105\u017cszo\u015b\u0107 torfu ok. 6 m) i przej\u015bciowe, stawy oraz bory (g\u0142\u00f3wnie b\u00f3r mieszany wilgotny i bagienny). Jest to te\u017c raj dla ornitolog\u00f3w \u2013 stwierdzono tu obecno\u015b\u0107 niemal 100 gatunk\u00f3w ptak\u00f3w.<\/p>\n<p class=\"center\"><img loading=\"lazy\" decoding=\"async\" class=\"aligncenter size-full wp-image-6103\" src=\"http:\/\/roztocze24.info\/wp-content\/uploads\/2019\/03\/IMTY2.jpg\" alt=\"\" width=\"748\" height=\"500\" srcset=\"https:\/\/roztocze24.info\/wp-content\/uploads\/2019\/03\/IMTY2.jpg 748w, https:\/\/roztocze24.info\/wp-content\/uploads\/2019\/03\/IMTY2-300x201.jpg 300w\" sizes=\"auto, (max-width: 748px) 85vw, 748px\" \/><\/p>\n<p>Wchodzimy na wydm\u0119. Po lewej zbudowano drewniany pomost, kt\u00f3rym mo\u017cna wej\u015b\u0107 g\u0142\u0119biej w bagno. fantastyczne klimaty!<\/p>\n<p class=\"center\"><img loading=\"lazy\" decoding=\"async\" class=\"aligncenter size-full wp-image-6104\" src=\"http:\/\/roztocze24.info\/wp-content\/uploads\/2019\/03\/IMTY3.jpg\" alt=\"\" width=\"748\" height=\"500\" srcset=\"https:\/\/roztocze24.info\/wp-content\/uploads\/2019\/03\/IMTY3.jpg 748w, https:\/\/roztocze24.info\/wp-content\/uploads\/2019\/03\/IMTY3-300x201.jpg 300w\" sizes=\"auto, (max-width: 748px) 85vw, 748px\" \/><\/p>\n<p>Powracamy na wydm\u0119 i idziemy do jej ko\u0144ca.Po drodze nowa kapliczka \u015bw. Franciszka.<\/p>\n<p><img loading=\"lazy\" decoding=\"async\" class=\"aligncenter size-full wp-image-6505\" src=\"http:\/\/roztocze24.info\/wp-content\/uploads\/2019\/03\/IMG_1013.jpg\" alt=\"\" width=\"750\" height=\"500\" srcset=\"https:\/\/roztocze24.info\/wp-content\/uploads\/2019\/03\/IMG_1013.jpg 750w, https:\/\/roztocze24.info\/wp-content\/uploads\/2019\/03\/IMG_1013-300x200.jpg 300w\" sizes=\"auto, (max-width: 750px) 85vw, 750px\" \/><\/p>\n<p>Nieco dalej drewniana platforma widokowa. Jeste\u015bmy w centralnej cz\u0119\u015bci rezerwatu.<\/p>\n<p class=\"center\"><img loading=\"lazy\" decoding=\"async\" class=\"aligncenter size-full wp-image-6105\" src=\"http:\/\/roztocze24.info\/wp-content\/uploads\/2019\/03\/IMTY4.jpg\" alt=\"\" width=\"748\" height=\"500\" srcset=\"https:\/\/roztocze24.info\/wp-content\/uploads\/2019\/03\/IMTY4.jpg 748w, https:\/\/roztocze24.info\/wp-content\/uploads\/2019\/03\/IMTY4-300x201.jpg 300w\" sizes=\"auto, (max-width: 748px) 85vw, 748px\" \/><\/p>\n<p>Naturalne zag\u0142\u0119bienie terenu wykorzystano tu niegdy\u015b do budowy sztucznego stawu. Obecnie jest on podzielony grobl\u0105 tworz\u0105c dwa zbiorniki: Imielty \u0141ug i Rade\u0142ko. Przed nami widok na Imielty \u0141ug.<\/p>\n<p class=\"center\"><img loading=\"lazy\" decoding=\"async\" class=\"aligncenter size-full wp-image-6106\" src=\"http:\/\/roztocze24.info\/wp-content\/uploads\/2019\/03\/IMTY5.jpg\" alt=\"\" width=\"748\" height=\"500\" srcset=\"https:\/\/roztocze24.info\/wp-content\/uploads\/2019\/03\/IMTY5.jpg 748w, https:\/\/roztocze24.info\/wp-content\/uploads\/2019\/03\/IMTY5-300x201.jpg 300w\" sizes=\"auto, (max-width: 748px) 85vw, 748px\" \/><\/p>\n<p>To nie koniec atrakcji. Wycofujemy si\u0119 teraz do lasu i skr\u0119camy w lewo. Przed nami przej\u015bcie grobl\u0105 rozdzielaj\u0105c\u0105 Imielty \u0141ug i Rade\u0142ko. Miejscami jest ona nieco zaro\u015bni\u0119ta, miejscami \u015bcie\u017cka jest szeroka i wyra\u017ana.<\/p>\n<p class=\"center\"><img loading=\"lazy\" decoding=\"async\" class=\"aligncenter size-full wp-image-6107\" src=\"http:\/\/roztocze24.info\/wp-content\/uploads\/2019\/03\/IMTY6.jpg\" alt=\"\" width=\"748\" height=\"500\" srcset=\"https:\/\/roztocze24.info\/wp-content\/uploads\/2019\/03\/IMTY6.jpg 748w, https:\/\/roztocze24.info\/wp-content\/uploads\/2019\/03\/IMTY6-300x201.jpg 300w\" sizes=\"auto, (max-width: 748px) 85vw, 748px\" \/><\/p>\n<p>Co i rusz ciekawe w<em>idoki na oba boki<\/em>.<\/p>\n<p class=\"center\"><img loading=\"lazy\" decoding=\"async\" class=\"aligncenter size-full wp-image-6108\" src=\"http:\/\/roztocze24.info\/wp-content\/uploads\/2019\/03\/IMTY7.jpg\" alt=\"\" width=\"748\" height=\"500\" srcset=\"https:\/\/roztocze24.info\/wp-content\/uploads\/2019\/03\/IMTY7.jpg 748w, https:\/\/roztocze24.info\/wp-content\/uploads\/2019\/03\/IMTY7-300x201.jpg 300w\" sizes=\"auto, (max-width: 748px) 85vw, 748px\" \/><\/p>\n<p>Potem jeszcze troszk\u0119 lasu i ju\u017c Gwizd\u00f3w \u2013 koniec trasy.<\/p>\n<p>P.S. Imielty \u0141ug zwiedza sie dogodnie w ramach d\u0142u\u017cszej wyprawy pieszym szlakiem <em>czerwonym<\/em> Lipa &#8211; \u0141\u0105\u017cek Ordynacki. Do Lipy obowi\u0105zkowy przyjazdszynobusem (szlak Lublin \u2013 Rozwad\u00f3w), a powr\u00f3t z \u0141\u0105\u017cka zwykle autostopem b\u0105d\u017a autobusem, najpierw do Janowa Lubelskiego, potem dalej.<\/p>\n<p><em>Wrzesie\u0144 2006 r.<\/em><\/p>\n","protected":false},"excerpt":{"rendered":"<p>Jednym z najpi\u0119kniejszych miejsc na terenie Las\u00f3w Janowskich (park krajobrazowy, le\u015bny kompleks promocyjny i obszar Natura 2000) jest rezerwat przyrody Imielty \u0141ug. Dzi\u0119ki wydmie zwanej Du\u017c\u0105 Gr\u0119p\u0105 mo\u017cna tu bezpiecznie such\u0105 nog\u0105 wej\u015b\u0107 w sam \u015brodek bagna!!! Warto poleci\u0107 przygotowan\u0105 w 2006 r. \u015bcie\u017ck\u0119 dydaktyczn\u0105. Posiada ona dwa punkty styczne z czerwonym pieszym szlakiem turystycznym &hellip; <a href=\"https:\/\/roztocze24.info\/?page_id=870\" class=\"more-link\">Czytaj dalej<span class=\"screen-reader-text\"> \u201eLasy Janowskie i bagno Imielty \u0141ug\u201d<\/span><\/a><\/p>\n","protected":false},"author":1,"featured_media":0,"parent":869,"menu_order":0,"comment_status":"closed","ping_status":"closed","template":"","meta":{"footnotes":""},"class_list":["post-870","page","type-page","status-publish","hentry"],"_links":{"self":[{"href":"https:\/\/roztocze24.info\/index.php?rest_route=\/wp\/v2\/pages\/870","targetHints":{"allow":["GET"]}}],"collection":[{"href":"https:\/\/roztocze24.info\/index.php?rest_route=\/wp\/v2\/pages"}],"about":[{"href":"https:\/\/roztocze24.info\/index.php?rest_route=\/wp\/v2\/types\/page"}],"author":[{"embeddable":true,"href":"https:\/\/roztocze24.info\/index.php?rest_route=\/wp\/v2\/users\/1"}],"replies":[{"embeddable":true,"href":"https:\/\/roztocze24.info\/index.php?rest_route=%2Fwp%2Fv2%2Fcomments&post=870"}],"version-history":[{"count":3,"href":"https:\/\/roztocze24.info\/index.php?rest_route=\/wp\/v2\/pages\/870\/revisions"}],"predecessor-version":[{"id":6506,"href":"https:\/\/roztocze24.info\/index.php?rest_route=\/wp\/v2\/pages\/870\/revisions\/6506"}],"up":[{"embeddable":true,"href":"https:\/\/roztocze24.info\/index.php?rest_route=\/wp\/v2\/pages\/869"}],"wp:attachment":[{"href":"https:\/\/roztocze24.info\/index.php?rest_route=%2Fwp%2Fv2%2Fmedia&parent=870"}],"curies":[{"name":"wp","href":"https:\/\/api.w.org\/{rel}","templated":true}]}}