{"id":871,"date":"2016-02-20T19:20:17","date_gmt":"2016-02-20T19:20:17","guid":{"rendered":"http:\/\/roztocze24.info\/turysta-2\/janowskie\/janow_zima\/"},"modified":"2019-03-30T18:27:14","modified_gmt":"2019-03-30T17:27:14","slug":"janow_zima","status":"publish","type":"page","link":"https:\/\/roztocze24.info\/?page_id=871","title":{"rendered":"Lasy Janowskie zim\u0105"},"content":{"rendered":"<p><img loading=\"lazy\" decoding=\"async\" class=\"aligncenter size-full wp-image-6511\" src=\"http:\/\/roztocze24.info\/wp-content\/uploads\/2019\/03\/Untitled-297.jpg\" alt=\"\" width=\"750\" height=\"500\" srcset=\"https:\/\/roztocze24.info\/wp-content\/uploads\/2019\/03\/Untitled-297.jpg 750w, https:\/\/roztocze24.info\/wp-content\/uploads\/2019\/03\/Untitled-297-300x200.jpg 300w\" sizes=\"auto, (max-width: 750px) 85vw, 750px\" \/><\/p>\n<p>Lasy Janowskie zim\u0105 maj\u0105 sw\u00f3j klimat tak\u017ce zim\u0105, szczeg\u00f3lnie je\u017celi uda nam si\u0119 trafi\u0107 na szad\u017a. Najpierw jednak\u00a0 Jan\u00f3w Lubelski. Warto by\u0142o zatrzyma\u0107 si\u0119 chocia\u017c na chwil\u0119 przy \u017ar\u00f3dlisku <em>Stoki Janowskie.<\/em><\/p>\n<p><img loading=\"lazy\" decoding=\"async\" class=\"aligncenter size-full wp-image-6514\" src=\"http:\/\/roztocze24.info\/wp-content\/uploads\/2019\/03\/Untitled-314.jpg\" alt=\"\" width=\"750\" height=\"500\" srcset=\"https:\/\/roztocze24.info\/wp-content\/uploads\/2019\/03\/Untitled-314.jpg 750w, https:\/\/roztocze24.info\/wp-content\/uploads\/2019\/03\/Untitled-314-300x200.jpg 300w\" sizes=\"auto, (max-width: 750px) 85vw, 750px\" \/><\/p>\n<p><img loading=\"lazy\" decoding=\"async\" class=\"aligncenter size-full wp-image-6509\" src=\"http:\/\/roztocze24.info\/wp-content\/uploads\/2019\/03\/Untitled-315.jpg\" alt=\"\" width=\"750\" height=\"500\" srcset=\"https:\/\/roztocze24.info\/wp-content\/uploads\/2019\/03\/Untitled-315.jpg 750w, https:\/\/roztocze24.info\/wp-content\/uploads\/2019\/03\/Untitled-315-300x200.jpg 300w\" sizes=\"auto, (max-width: 750px) 85vw, 750px\" \/><\/p>\n<p>Potem ju\u017c ta jedyna w swoim rodzaju szosa do Szklarni, Momot\u00f3w i na Porytowe Wzg\u00f3rze. Jest w\u0105ska, a las dooko\u0142a przecudnej urody i to o ka\u017cdej porze roku. Przy niej \u0142adne polanki.<\/p>\n<p><img loading=\"lazy\" decoding=\"async\" class=\"aligncenter size-full wp-image-6515\" src=\"http:\/\/roztocze24.info\/wp-content\/uploads\/2019\/03\/Untitled-296.jpg\" alt=\"\" width=\"333\" height=\"500\" srcset=\"https:\/\/roztocze24.info\/wp-content\/uploads\/2019\/03\/Untitled-296.jpg 333w, https:\/\/roztocze24.info\/wp-content\/uploads\/2019\/03\/Untitled-296-200x300.jpg 200w\" sizes=\"auto, (max-width: 333px) 85vw, 333px\" \/><\/p>\n<p><img loading=\"lazy\" decoding=\"async\" class=\"aligncenter size-full wp-image-6512\" src=\"http:\/\/roztocze24.info\/wp-content\/uploads\/2019\/03\/Untitled-299.jpg\" alt=\"\" width=\"750\" height=\"500\" srcset=\"https:\/\/roztocze24.info\/wp-content\/uploads\/2019\/03\/Untitled-299.jpg 750w, https:\/\/roztocze24.info\/wp-content\/uploads\/2019\/03\/Untitled-299-300x200.jpg 300w\" sizes=\"auto, (max-width: 750px) 85vw, 750px\" \/><\/p>\n<p>No i wreszcie rejon Porytowego Wzg\u00f3rza. Partyzanci z pomnika cali w \u015bniegu, a rzeka Branew zamarzni\u0119ta.<\/p>\n<p class=\"center\"><img loading=\"lazy\" decoding=\"async\" class=\"aligncenter size-full wp-image-6516\" src=\"http:\/\/roztocze24.info\/wp-content\/uploads\/2019\/03\/Untitled-305.jpg\" alt=\"\" width=\"333\" height=\"500\" srcset=\"https:\/\/roztocze24.info\/wp-content\/uploads\/2019\/03\/Untitled-305.jpg 333w, https:\/\/roztocze24.info\/wp-content\/uploads\/2019\/03\/Untitled-305-200x300.jpg 200w\" sizes=\"auto, (max-width: 333px) 85vw, 333px\" \/><\/p>\n<p class=\"center\">Pi\u0119knie prezentowa\u0142 si\u0119 most dawnej kolejki w\u0105skotorowej.<\/p>\n<p><img loading=\"lazy\" decoding=\"async\" class=\"aligncenter size-full wp-image-6517\" src=\"http:\/\/roztocze24.info\/wp-content\/uploads\/2019\/03\/Untitled-302.jpg\" alt=\"\" width=\"750\" height=\"500\" srcset=\"https:\/\/roztocze24.info\/wp-content\/uploads\/2019\/03\/Untitled-302.jpg 750w, https:\/\/roztocze24.info\/wp-content\/uploads\/2019\/03\/Untitled-302-300x200.jpg 300w\" sizes=\"auto, (max-width: 750px) 85vw, 750px\" \/><\/p>\n<p>Zach\u00f3d s\u0142o\u0144ca niestety ju\u017c blisko, pora wraca\u0107. Na koniec jeszcze jedna fotka.<\/p>\n<p><img loading=\"lazy\" decoding=\"async\" class=\"aligncenter size-full wp-image-6518\" src=\"http:\/\/roztocze24.info\/wp-content\/uploads\/2019\/03\/Untitled-319.jpg\" alt=\"\" width=\"750\" height=\"500\" srcset=\"https:\/\/roztocze24.info\/wp-content\/uploads\/2019\/03\/Untitled-319.jpg 750w, https:\/\/roztocze24.info\/wp-content\/uploads\/2019\/03\/Untitled-319-300x200.jpg 300w\" sizes=\"auto, (max-width: 750px) 85vw, 750px\" \/><\/p>\n<p><em>Zima 2004 r.<\/em><\/p>\n","protected":false},"excerpt":{"rendered":"<p>Lasy Janowskie zim\u0105 maj\u0105 sw\u00f3j klimat tak\u017ce zim\u0105, szczeg\u00f3lnie je\u017celi uda nam si\u0119 trafi\u0107 na szad\u017a. Najpierw jednak\u00a0 Jan\u00f3w Lubelski. Warto by\u0142o zatrzyma\u0107 si\u0119 chocia\u017c na chwil\u0119 przy \u017ar\u00f3dlisku Stoki Janowskie. Potem ju\u017c ta jedyna w swoim rodzaju szosa do Szklarni, Momot\u00f3w i na Porytowe Wzg\u00f3rze. Jest w\u0105ska, a las dooko\u0142a przecudnej urody i to &hellip; <a href=\"https:\/\/roztocze24.info\/?page_id=871\" class=\"more-link\">Czytaj dalej<span class=\"screen-reader-text\"> \u201eLasy Janowskie zim\u0105\u201d<\/span><\/a><\/p>\n","protected":false},"author":1,"featured_media":0,"parent":869,"menu_order":0,"comment_status":"closed","ping_status":"closed","template":"","meta":{"footnotes":""},"class_list":["post-871","page","type-page","status-publish","hentry"],"_links":{"self":[{"href":"https:\/\/roztocze24.info\/index.php?rest_route=\/wp\/v2\/pages\/871","targetHints":{"allow":["GET"]}}],"collection":[{"href":"https:\/\/roztocze24.info\/index.php?rest_route=\/wp\/v2\/pages"}],"about":[{"href":"https:\/\/roztocze24.info\/index.php?rest_route=\/wp\/v2\/types\/page"}],"author":[{"embeddable":true,"href":"https:\/\/roztocze24.info\/index.php?rest_route=\/wp\/v2\/users\/1"}],"replies":[{"embeddable":true,"href":"https:\/\/roztocze24.info\/index.php?rest_route=%2Fwp%2Fv2%2Fcomments&post=871"}],"version-history":[{"count":5,"href":"https:\/\/roztocze24.info\/index.php?rest_route=\/wp\/v2\/pages\/871\/revisions"}],"predecessor-version":[{"id":6519,"href":"https:\/\/roztocze24.info\/index.php?rest_route=\/wp\/v2\/pages\/871\/revisions\/6519"}],"up":[{"embeddable":true,"href":"https:\/\/roztocze24.info\/index.php?rest_route=\/wp\/v2\/pages\/869"}],"wp:attachment":[{"href":"https:\/\/roztocze24.info\/index.php?rest_route=%2Fwp%2Fv2%2Fmedia&parent=871"}],"curies":[{"name":"wp","href":"https:\/\/api.w.org\/{rel}","templated":true}]}}