{"id":873,"date":"2016-02-20T19:20:18","date_gmt":"2016-02-20T19:20:18","guid":{"rendered":"http:\/\/roztocze24.info\/turysta-2\/janowskie\/sanna\/"},"modified":"2019-03-29T07:40:38","modified_gmt":"2019-03-29T06:40:38","slug":"sanna","status":"publish","type":"page","link":"https:\/\/roztocze24.info\/?page_id=873","title":{"rendered":"Lasy Lipskie i dolina Sanny: Zaklik\u00f3w \u2013 Bor\u00f3w"},"content":{"rendered":"<p><strong>Wyprawa I<\/strong><\/p>\n<p>W 2004 r. na kolejowej linii z Lublina do Stalowej Woli Rozwadowa nie by\u0142o poci\u0105g\u00f3w osobowych zwyk\u0142\u0105 rann\u0105 por\u0105. Pozosta\u0142 jedynie pospieszny sk\u0142ad Solina o 10.38. Lepsze to ni\u017c nic. A poniewa\u017c poci\u0105g ten zatrzymywa\u0142 si\u0119 wtedy w Zaklikowie, a poniewa\u017c od dawna chcia\u0142em pozna\u0107 tras\u0119 nr 3 z klasycznego przewodnika W. W\u00f3jcikowskiego i L. Paczy\u0144skiego <em>Puszcza Solska, Lasy Janowskie i Lipskie<\/em>, a poniewa\u017c odcinek wok\u00f3\u0142 Zaklikowa liczy ledwie 43 km, a poniewa\u017c czas na wycieczk\u0119 do odjazdu poci\u0105gu powrotnego wynosi\u0142 5 godzin, a poniewa\u017c prognoza pogody by\u0142a zach\u0119caj\u0105ca (upa\u0142, 32 stopnie, ale bez burz) to wniosek prosty: na rower i w drog\u0119!<\/p>\n<p>W poci\u0105gu Solina nowo\u015bci\u0105 by\u0142 w\u00f3wczas wagon rowerowy, przerobiony z wagonu towarowo-osobowego. Jest w nim kilka zwyk\u0142ych przedzia\u0142\u00f3w. S\u0105 do nich drzwi, ale pomi\u0119dzy przedzia\u0142ami nie ma pe\u0142nych \u015bcianek. Powy\u017cej foteli, w \u015bciance, jest po prostu gustownie obita dziura. Ujmuj\u0105c rzecz inaczej, mo\u017cna pog\u0142aska\u0107 pasa\u017cer\u00f3w z s\u0105siedniego przedzia\u0142u po g\u0142owach. Poza tym \u2013 dzi\u0119ki owej dziurze \u2013 nasze rowery s\u0105 ca\u0142y czas dobrze widoczne. P\u00f3\u017aniej takich wagon\u00f3w w sieci PKP by\u0142o coraz wi\u0119cej \u2013 i bardzo dobrze!<\/p>\n<p>Wysiadam w Zaklikowie i wyruszam na spotkanie z dolin\u0105 Sanny. Pierwszy odcinek bardzo piaszczysty. Jad\u0119 pograniczem R\u00f3wniny Bi\u0142gorajskiej (nale\u017c\u0105cej do Kotliny Sandomierskiej) i Wy\u017cyny Lubelskiej, w\u015br\u00f3d kraw\u0119dziowych wzniesie\u0144 wy\u017cyny. Robi si\u0119 nieco podmokle, ale ju\u017c niebawem wygodniejszy dukt i prostopad\u0142a droga le\u015bna w rejonie Ireny. Zje\u017cd\u017cam do rzeki Sanny i szukam drogi w pobli\u017cu jej biegu. Tu jednak panuj\u0105 niepodzielnie chaszcze. Szcz\u0119\u015bliwie odnajduj\u0119 jednak ca\u0142kiem szeroki go\u015bciniec w lesie. Mo\u017ce Sanna troch\u0119 daleko, ale las bardzo \u0142adny. Nadal sporo piachu. Teraz niespodzianka \u2013 co\u015b szumi. Wodospady? Nie to tylko pozosta\u0142o\u015bci instalacji m\u0142y\u0144skich i zapory wodnej w rejonie osady \u0141\u0105\u017cek Tartak.<\/p>\n<p><img loading=\"lazy\" decoding=\"async\" class=\"aligncenter size-full wp-image-6137\" src=\"http:\/\/roztocze24.info\/wp-content\/uploads\/2019\/03\/Ruinyi.jpg\" alt=\"\" width=\"750\" height=\"500\" srcset=\"https:\/\/roztocze24.info\/wp-content\/uploads\/2019\/03\/Ruinyi.jpg 750w, https:\/\/roztocze24.info\/wp-content\/uploads\/2019\/03\/Ruinyi-300x200.jpg 300w\" sizes=\"auto, (max-width: 750px) 85vw, 750px\" \/><\/p>\n<p>Niespodziewanie s\u0142ysz\u0119 grzmoty, zbli\u017ca si\u0119 burza.Wychodz\u0119 na otwart\u0105 przestrze\u0144, ca\u0142e niebo sine. Gdzie tu si\u0119 schowa\u0107? Wracam nad rzeczk\u0119. Chwil\u0119 potem ostra ulewa. I pomy\u015ble\u0107, \u017ce wed\u0142ug prognozy mia\u0142o by\u0107 s\u0142o\u0144ce! Kontempluj\u0119 ten fakt siedz\u0105c na piasku nad Sann\u0105.<\/p>\n<p>Opady nie by\u0142y na szcz\u0119\u015bcie d\u0142ugie. Wsz\u0119dzie jest jednak teraz bardzo mokro, poza tym zrobi\u0142o si\u0119 ju\u017c do\u015b\u0107 p\u00f3\u017ano. Docieram wi\u0119c do pobliskiej szosy i szybko wracam do Zaklikowa. Na stacji melduj\u0119 si\u0119 o 16.50. Ju\u017c niebawem b\u0119dzie poci\u0105g, tymczasem ponownie s\u0142ysz\u0119 grzmoty. Poci\u0105g wje\u017cd\u017ca na stacj\u0119. D\u0142ugi strasznie, wagon rowerowy zatrzymuje si\u0119 w krzakach. Wsiadam, a chwil\u0119 potem rozp\u0119ta\u0142a si\u0119 kolejna burza.<\/p>\n<p>Natomiast w w Lublinie by\u0142o ju\u017c na szcz\u0119\u015bcie po burzy (trzeciej ju\u017c tego dnia), wi\u0119c powr\u00f3t ze stacji do domu bezproblemowy. W ka\u017cdym razie ten rajd mog\u0119 okre\u015bli\u0107 <em>wypraw\u0105 3 burz<\/em>.<\/p>\n<p><strong>Wyprawa II<\/strong><\/p>\n<p>Na szlak do Zaklikowa powracam kilkana\u015bcie dni p\u00f3\u017aniej. Dojazd ponownie poci\u0105giem Solina. Liczy\u0142 on dzi\u015b 13 wagon\u00f3w, w tym 4 ukrai\u0144skie: dwa do Odessy, jeden do Lwowa i jeden do Kiszyniowa.<\/p>\n<p>Pierwszy odcinek trasy traktuj\u0119 ulgowo i jad\u0119 szos\u0105. Te\u017c mi\u0142o. W Irenie m\u0142yn.<\/p>\n<p><img loading=\"lazy\" decoding=\"async\" class=\"aligncenter size-full wp-image-6136\" src=\"http:\/\/roztocze24.info\/wp-content\/uploads\/2019\/03\/MlynIrena.jpg\" alt=\"\" width=\"750\" height=\"500\" srcset=\"https:\/\/roztocze24.info\/wp-content\/uploads\/2019\/03\/MlynIrena.jpg 750w, https:\/\/roztocze24.info\/wp-content\/uploads\/2019\/03\/MlynIrena-300x200.jpg 300w\" sizes=\"auto, (max-width: 750px) 85vw, 750px\" \/><\/p>\n<p>Skr\u0119cam w prawo i znanym mi ju\u017c go\u015bci\u0144cem jad\u0119 przez ciekawe podmok\u0142e lasy. Tym razem nie skr\u0119cam do ruin zapory i utrzymuj\u0119 sta\u0142y kierunek. W rejonie \u0141\u0105\u017cka Zaklikowskiego docieram do szosy. Zatrzymuj\u0119 si\u0119 na mo\u015bcie nad wodami Sanny. Dalej, zgodnie z opisem szlaku, jad\u0119 przez \u0141\u0105\u017cek Chwa\u0142owski. Tu spotykam wiat\u0119 i znaki szlaku rowerowego powiatu stalowowolskiego. T\u0119 tras\u0119 ju\u017c znam. Chwil\u0119 potem goni mnie jaki\u015b w\u015bciek\u0142y pies. Co\u015b te psy nie lubi\u0105 rowerzyst\u00f3w. Pies szcz\u0119\u015bliwie szybko rezygnuje. Dalej le\u015bna droga z boczn\u0105 wycieczk\u0105 nad sam\u0105 Sann\u0119. Trzymam sta\u0142y kierunek.<\/p>\n<p class=\"center\"><img loading=\"lazy\" decoding=\"async\" class=\"aligncenter size-full wp-image-6140\" src=\"http:\/\/roztocze24.info\/wp-content\/uploads\/2019\/03\/Sanna.jpg\" alt=\"\" width=\"750\" height=\"500\" srcset=\"https:\/\/roztocze24.info\/wp-content\/uploads\/2019\/03\/Sanna.jpg 750w, https:\/\/roztocze24.info\/wp-content\/uploads\/2019\/03\/Sanna-300x200.jpg 300w\" sizes=\"auto, (max-width: 750px) 85vw, 750px\" \/><\/p>\n<p>Niebawem le\u015bnicz\u00f3wka i ju\u017c zabudowania Borowa. Docieram do szosy 854 i jad\u0119 do centrum. \u0141adnie tu. Zwiedzam zabytkowy drewniany ko\u015bci\u00f3\u0142ek, fotografuj\u0119 rze\u017ab\u0119 Chrystusa Frasobliwego i pomnik marsza\u0142ka Pi\u0142sudskiego (mam ju\u017c ca\u0142kiem poka\u017an\u0105 kolekcj\u0119 zdj\u0119\u0107 takich pomnik\u00f3w z Roztocza i okolic). Zatrzymuj\u0119 si\u0119 tak\u017ce na dw\u00f3ch tutejszych cmentarzach. Na pierwszym z nich mogi\u0142a ofiar wyj\u0105tkowo krwawej niemieckiej pacyfikacji z okresu II wojny \u015bwiatowej, na drugim mogi\u0142a powsta\u0144c\u00f3w styczniowych z krzy\u017cem z <em>cierniowego<\/em> drzewa.<\/p>\n<p><img loading=\"lazy\" decoding=\"async\" class=\"aligncenter size-full wp-image-6141\" src=\"http:\/\/roztocze24.info\/wp-content\/uploads\/2019\/03\/Frasobl.jpg\" alt=\"\" width=\"550\" height=\"733\" srcset=\"https:\/\/roztocze24.info\/wp-content\/uploads\/2019\/03\/Frasobl.jpg 550w, https:\/\/roztocze24.info\/wp-content\/uploads\/2019\/03\/Frasobl-225x300.jpg 225w\" sizes=\"auto, (max-width: 550px) 85vw, 550px\" \/><\/p>\n<p class=\"center\"><img loading=\"lazy\" decoding=\"async\" class=\"aligncenter size-full wp-image-6142\" src=\"http:\/\/roztocze24.info\/wp-content\/uploads\/2019\/03\/Styczen.jpg\" alt=\"\" width=\"413\" height=\"550\" srcset=\"https:\/\/roztocze24.info\/wp-content\/uploads\/2019\/03\/Styczen.jpg 413w, https:\/\/roztocze24.info\/wp-content\/uploads\/2019\/03\/Styczen-225x300.jpg 225w\" sizes=\"auto, (max-width: 413px) 85vw, 413px\" \/><\/p>\n<p>Zaczyna brakowa\u0107 czasu, miast wi\u0119c uda\u0107 si\u0119 na poszukiwania le\u015bnego pomnika i dalej do wsi o intryguj\u0105cej nazwie Szczecyn, wracam szos\u0105 do Zaklikowa. Do powrotnego poci\u0105gu zosta\u0142o ostatecznie 30 minut.<\/p>\n<p><strong>Wyprawa III<\/strong><\/p>\n<p>Do poci\u0105gu Solina i na szlak wracam miesi\u0105c p\u00f3\u017aniej. Najpierw szybka jazda do Borowa. Teraz zagadka. Czy odnajd\u0119 zagubiony w le\u015bnej g\u0142uszy pomnik? Jest zaznaczony na mapie, opisany w starym przewodniku, ale jak b\u0119dzie w rzeczywisto\u015bci? Uda\u0142o si\u0119!<\/p>\n<p><img loading=\"lazy\" decoding=\"async\" class=\"aligncenter size-full wp-image-6143\" src=\"http:\/\/roztocze24.info\/wp-content\/uploads\/2019\/03\/19Bor\u00f3w1.jpg\" alt=\"\" width=\"750\" height=\"500\" srcset=\"https:\/\/roztocze24.info\/wp-content\/uploads\/2019\/03\/19Bor\u00f3w1.jpg 750w, https:\/\/roztocze24.info\/wp-content\/uploads\/2019\/03\/19Bor\u00f3w1-300x200.jpg 300w\" sizes=\"auto, (max-width: 750px) 85vw, 750px\" \/><\/p>\n<p>Zaliczy\u0142em wprawdzie troch\u0119 przedzierania si\u0119 przez pokrzywy z rowerem, ale co tam. Stoj\u0119 przy pomniku, kt\u00f3ry upami\u0119tnia gwardzist\u00f3w z AL zabitych przez cz\u0142onk\u00f3w NSZ.\u00a0 <a href=\"https:\/\/pl.wikipedia.org\/wiki\/Mord_pod_Borowem\">Wi\u0119cej tu<\/a><\/p>\n<p>Wsiadam na rower i jad\u0119 dalej. Teraz stawy i miejscowo\u015b\u0107 o jedynej w swoim rodzaju nazwie: Szczecyn. Bior\u0105c pod uwag\u0119, \u017ce jestem nadal na Lubelszczy\u017anie, to wra\u017cenie ca\u0142kiem ciekawe. Jeszcze troch\u0119 piachu i ju\u017c szosa. Ponownie spotykam szlak rowerowy powiatu stalowolskiego. Jad\u0119 dalej, zahaczaj\u0105c jeszcze o ciekawe le\u015bne sanktuarium na Radnej G\u00f3rze. Warto zobaczy\u0107. Teraz jeszcze Zdziechowice, Zaklik\u00f3w i ju\u017c powrotny poci\u0105g Solina. Trasa sko\u0144czona.<\/p>\n<p><em>Lipiec\/sierpie\u0144 2004<\/em><\/p>\n","protected":false},"excerpt":{"rendered":"<p>Wyprawa I W 2004 r. na kolejowej linii z Lublina do Stalowej Woli Rozwadowa nie by\u0142o poci\u0105g\u00f3w osobowych zwyk\u0142\u0105 rann\u0105 por\u0105. Pozosta\u0142 jedynie pospieszny sk\u0142ad Solina o 10.38. Lepsze to ni\u017c nic. A poniewa\u017c poci\u0105g ten zatrzymywa\u0142 si\u0119 wtedy w Zaklikowie, a poniewa\u017c od dawna chcia\u0142em pozna\u0107 tras\u0119 nr 3 z klasycznego przewodnika W. W\u00f3jcikowskiego &hellip; <a href=\"https:\/\/roztocze24.info\/?page_id=873\" class=\"more-link\">Czytaj dalej<span class=\"screen-reader-text\"> \u201eLasy Lipskie i dolina Sanny: Zaklik\u00f3w \u2013 Bor\u00f3w\u201d<\/span><\/a><\/p>\n","protected":false},"author":1,"featured_media":0,"parent":869,"menu_order":0,"comment_status":"closed","ping_status":"closed","template":"","meta":{"footnotes":""},"class_list":["post-873","page","type-page","status-publish","hentry"],"_links":{"self":[{"href":"https:\/\/roztocze24.info\/index.php?rest_route=\/wp\/v2\/pages\/873","targetHints":{"allow":["GET"]}}],"collection":[{"href":"https:\/\/roztocze24.info\/index.php?rest_route=\/wp\/v2\/pages"}],"about":[{"href":"https:\/\/roztocze24.info\/index.php?rest_route=\/wp\/v2\/types\/page"}],"author":[{"embeddable":true,"href":"https:\/\/roztocze24.info\/index.php?rest_route=\/wp\/v2\/users\/1"}],"replies":[{"embeddable":true,"href":"https:\/\/roztocze24.info\/index.php?rest_route=%2Fwp%2Fv2%2Fcomments&post=873"}],"version-history":[{"count":3,"href":"https:\/\/roztocze24.info\/index.php?rest_route=\/wp\/v2\/pages\/873\/revisions"}],"predecessor-version":[{"id":6157,"href":"https:\/\/roztocze24.info\/index.php?rest_route=\/wp\/v2\/pages\/873\/revisions\/6157"}],"up":[{"embeddable":true,"href":"https:\/\/roztocze24.info\/index.php?rest_route=\/wp\/v2\/pages\/869"}],"wp:attachment":[{"href":"https:\/\/roztocze24.info\/index.php?rest_route=%2Fwp%2Fv2%2Fmedia&parent=873"}],"curies":[{"name":"wp","href":"https:\/\/api.w.org\/{rel}","templated":true}]}}