{"id":878,"date":"2016-02-20T19:20:20","date_gmt":"2016-02-20T19:20:20","guid":{"rendered":"http:\/\/roztocze24.info\/turysta-2\/okolice\/manasterz\/"},"modified":"2019-03-28T22:26:06","modified_gmt":"2019-03-28T21:26:06","slug":"manasterz","status":"publish","type":"page","link":"https:\/\/roztocze24.info\/?page_id=878","title":{"rendered":"Wodospady na Lubacz\u00f3wce w Manasterzu"},"content":{"rendered":"<p class=\"center\">Kto si\u0119 uwa\u017cnie rozgl\u0105da, pokonuj\u0105c most na Lubacz\u00f3wce w Manasterzu, wypatrzy seri\u0119 niewielkich <em>wodospad\u00f3w<\/em>, por\u00f3wnywalnych na oko z roztocza\u0144skimi szumami. Rzecz mnie zaintrygowa\u0142a, bowiem nie pisano o nich dotychczas w literaturze. Skoro jednak znajduj\u0105 si\u0119 one tak blisko mostu, to trudno ich nie zauwa\u017cy\u0107. Te najwi\u0119ksze zobaczymy tu\u017c co za wspomnianym mostem. Nieco dalej te\u017c jest ciekawie. Opr\u00f3cz <em>wodospad\u00f3w<\/em> mamy tu istne rumowisko skalne.<\/p>\n<p class=\"center\"><img loading=\"lazy\" decoding=\"async\" class=\"aligncenter size-full wp-image-6030\" src=\"http:\/\/roztocze24.info\/wp-content\/uploads\/2019\/03\/Lubaczowka2.jpg\" alt=\"\" width=\"746\" height=\"500\" srcset=\"https:\/\/roztocze24.info\/wp-content\/uploads\/2019\/03\/Lubaczowka2.jpg 746w, https:\/\/roztocze24.info\/wp-content\/uploads\/2019\/03\/Lubaczowka2-300x201.jpg 300w\" sizes=\"auto, (max-width: 746px) 85vw, 746px\" \/><\/p>\n<p class=\"center\"><img loading=\"lazy\" decoding=\"async\" class=\"aligncenter size-full wp-image-6029\" src=\"http:\/\/roztocze24.info\/wp-content\/uploads\/2019\/03\/Lubaczowka1.jpg\" alt=\"\" width=\"754\" height=\"500\" srcset=\"https:\/\/roztocze24.info\/wp-content\/uploads\/2019\/03\/Lubaczowka1.jpg 754w, https:\/\/roztocze24.info\/wp-content\/uploads\/2019\/03\/Lubaczowka1-300x199.jpg 300w\" sizes=\"auto, (max-width: 754px) 85vw, 754px\" \/><\/p>\n<p><img loading=\"lazy\" decoding=\"async\" class=\"aligncenter size-full wp-image-6031\" src=\"http:\/\/roztocze24.info\/wp-content\/uploads\/2019\/03\/Lubaczowka3.jpg\" alt=\"\" width=\"751\" height=\"500\" srcset=\"https:\/\/roztocze24.info\/wp-content\/uploads\/2019\/03\/Lubaczowka3.jpg 751w, https:\/\/roztocze24.info\/wp-content\/uploads\/2019\/03\/Lubaczowka3-300x200.jpg 300w\" sizes=\"auto, (max-width: 751px) 85vw, 751px\" \/><\/p>\n<p>Pora wyja\u015bni\u0107, dlaczego s\u0142owo <em>wodospady<\/em> pisz\u0119 drukiem pochy\u0142ym, a wi\u0119c niejako w cudzys\u0142owie. Ot\u00f3\u017c \u2013 cho\u0107 na zdj\u0119ciach tego nie wida\u0107 \u2013 wodospady te okaza\u0142y si\u0119 by\u0107 w istocie zatopionymi w rzece betonowymi kolejowymi podk\u0142adami. Du\u017co ich tutaj, a rozmieszczone zosta\u0142y w do\u015b\u0107 uporz\u0105dkowany spos\u00f3b. Trud to by\u0142 spory, w promieniu kilkunastu km nie ma wszak \u017cadnej stacji, ani nawet linii kolejowej. Widoczne rumowisko g\u0142az\u00f3w te\u017c nie wygl\u0105da tak ca\u0142kiem naturalnie. W ka\u017cdym razie obiekt ciekawy i na pewno wart odwiedzenia.<\/p>\n<p><em>Pa\u017adziernik 2005 r.<\/em><\/p>\n","protected":false},"excerpt":{"rendered":"<p>Kto si\u0119 uwa\u017cnie rozgl\u0105da, pokonuj\u0105c most na Lubacz\u00f3wce w Manasterzu, wypatrzy seri\u0119 niewielkich wodospad\u00f3w, por\u00f3wnywalnych na oko z roztocza\u0144skimi szumami. Rzecz mnie zaintrygowa\u0142a, bowiem nie pisano o nich dotychczas w literaturze. Skoro jednak znajduj\u0105 si\u0119 one tak blisko mostu, to trudno ich nie zauwa\u017cy\u0107. Te najwi\u0119ksze zobaczymy tu\u017c co za wspomnianym mostem. Nieco dalej te\u017c &hellip; <a href=\"https:\/\/roztocze24.info\/?page_id=878\" class=\"more-link\">Czytaj dalej<span class=\"screen-reader-text\"> \u201eWodospady na Lubacz\u00f3wce w Manasterzu\u201d<\/span><\/a><\/p>\n","protected":false},"author":1,"featured_media":0,"parent":874,"menu_order":0,"comment_status":"closed","ping_status":"closed","template":"","meta":{"footnotes":""},"class_list":["post-878","page","type-page","status-publish","hentry"],"_links":{"self":[{"href":"https:\/\/roztocze24.info\/index.php?rest_route=\/wp\/v2\/pages\/878","targetHints":{"allow":["GET"]}}],"collection":[{"href":"https:\/\/roztocze24.info\/index.php?rest_route=\/wp\/v2\/pages"}],"about":[{"href":"https:\/\/roztocze24.info\/index.php?rest_route=\/wp\/v2\/types\/page"}],"author":[{"embeddable":true,"href":"https:\/\/roztocze24.info\/index.php?rest_route=\/wp\/v2\/users\/1"}],"replies":[{"embeddable":true,"href":"https:\/\/roztocze24.info\/index.php?rest_route=%2Fwp%2Fv2%2Fcomments&post=878"}],"version-history":[{"count":2,"href":"https:\/\/roztocze24.info\/index.php?rest_route=\/wp\/v2\/pages\/878\/revisions"}],"predecessor-version":[{"id":6054,"href":"https:\/\/roztocze24.info\/index.php?rest_route=\/wp\/v2\/pages\/878\/revisions\/6054"}],"up":[{"embeddable":true,"href":"https:\/\/roztocze24.info\/index.php?rest_route=\/wp\/v2\/pages\/874"}],"wp:attachment":[{"href":"https:\/\/roztocze24.info\/index.php?rest_route=%2Fwp%2Fv2%2Fmedia&parent=878"}],"curies":[{"name":"wp","href":"https:\/\/api.w.org\/{rel}","templated":true}]}}