{"id":879,"date":"2016-02-20T19:20:21","date_gmt":"2016-02-20T19:20:21","guid":{"rendered":"http:\/\/roztocze24.info\/turysta-2\/okolice\/marynopole\/"},"modified":"2019-03-28T22:50:21","modified_gmt":"2019-03-28T21:50:21","slug":"marynopole","status":"publish","type":"page","link":"https:\/\/roztocze24.info\/?page_id=879","title":{"rendered":"Le\u015bny rezerwat Marynopole ko\u0142o Go\u015bcieradowa"},"content":{"rendered":"<p><img loading=\"lazy\" decoding=\"async\" class=\"aligncenter size-full wp-image-6057\" src=\"http:\/\/roztocze24.info\/wp-content\/uploads\/2019\/03\/P1010778.jpg\" alt=\"\" width=\"748\" height=\"500\" srcset=\"https:\/\/roztocze24.info\/wp-content\/uploads\/2019\/03\/P1010778.jpg 748w, https:\/\/roztocze24.info\/wp-content\/uploads\/2019\/03\/P1010778-300x201.jpg 300w\" sizes=\"auto, (max-width: 748px) 85vw, 748px\" \/><\/p>\n<p>W\u0119druj\u0105c \u015bcie\u017ckami dydaktycznymi Roztocza i okolic trafi\u0142em a\u017c po Go\u015bcierad\u00f3w. Nieco dalej na po\u0142udnie przebiega pieszy szlak czerwony z Zaklikowa do Annopola, po drodze s\u0105 jeszcze (warte oddzielnej opowie\u015bci) przepi\u0119kne Do\u0142y Szczeckie, a nieco dalej rezerwat <em>Marynopole<\/em>. W\u0142a\u015bnie w tym ostatnim przygotowano ciekaw\u0105 \u015bcie\u017ck\u0119 edukacyjn\u0105. Rezerwat <em>Marynopole<\/em> ma powierzchni\u0119 157 ha, a utworzono go w 1976 r. Ochronie podlega tu jod\u0142a znajduj\u0105ca si\u0119 na p\u00f3\u0142nocno-wschodniej granicy swego zasi\u0119gu wyst\u0119powania.<\/p>\n<p>Najpierw jazda szos\u0105 z Kra\u015bnika w stron\u0119 Annopola. Jest ona \u0142adna, ale w\u0105ska, a nat\u0119\u017cenie ruchu bardzo du\u017ce. W Olb\u0119cinie szcz\u0119\u015bliwie skr\u0119camy na po\u0142udnie, wybieraj\u0105c znacznie spokojniejsz\u0105 drog\u0119 prowadz\u0105c\u0105 do Zaklikowa. Niebawem kolejna boczna asfalt\u00f3wka. Bez problemu trafiamy do wsi Marynopole i le\u015bnicz\u00f3wki po\u0142o\u017conej na skraju rezerwatu. Spotykam le\u015bniczego, kt\u00f3ry bezinteresownie oferuje wsp\u00f3lne przej\u015bcie ca\u0142ej trasy. Bardzo dzi\u0119kuj\u0119! Towarzysz\u0105 nam jeszcze sympatyczne zwierzaki: pies i kot. \u017badnych antagonizm\u00f3w mi\u0119dzygatunkowych. Samoch\u00f3d czeka na nas na ko\u0144cu trasy, a my pokonujemy najpierw kr\u00f3tk\u0105 p\u0119telk\u0119 w pobli\u017cu le\u015bnicz\u00f3wki. Po drodze przygotowano dla turyst\u00f3w miejsce na ognisko (fotka powy\u017cej).<\/p>\n<p>Dalej trasa w\u0142a\u015bciwa. Za le\u015bnicz\u00f3wk\u0105 wchodzimy w las, na jego skraju znajduje si\u0119 tablica informacyjna. Oznakowanie \u015bcie\u017cki nieco zatarte, ale jest ona planowana do odnowienia. Niebawem uwaga! Skr\u0119t w prawo!<\/p>\n<p><img loading=\"lazy\" decoding=\"async\" class=\"aligncenter size-full wp-image-6058\" src=\"http:\/\/roztocze24.info\/wp-content\/uploads\/2019\/03\/P1010779.jpg\" alt=\"\" width=\"748\" height=\"500\" srcset=\"https:\/\/roztocze24.info\/wp-content\/uploads\/2019\/03\/P1010779.jpg 748w, https:\/\/roztocze24.info\/wp-content\/uploads\/2019\/03\/P1010779-300x201.jpg 300w\" sizes=\"auto, (max-width: 748px) 85vw, 748px\" \/><\/p>\n<p>Spacer trwa. Pies i kot radz\u0105 sobie znakomicie! Las dooko\u0142a coraz to zmienia swe oblicze. Idziemy raz w\u0105sk\u0105 \u015bcie\u017ck\u0105, raz wygodn\u0105 drog\u0105.<\/p>\n<p><img loading=\"lazy\" decoding=\"async\" class=\"aligncenter size-full wp-image-6059\" src=\"http:\/\/roztocze24.info\/wp-content\/uploads\/2019\/03\/P1010780.jpg\" alt=\"\" width=\"748\" height=\"500\" srcset=\"https:\/\/roztocze24.info\/wp-content\/uploads\/2019\/03\/P1010780.jpg 748w, https:\/\/roztocze24.info\/wp-content\/uploads\/2019\/03\/P1010780-300x201.jpg 300w\" sizes=\"auto, (max-width: 748px) 85vw, 748px\" \/><\/p>\n<p class=\"center\"><img loading=\"lazy\" decoding=\"async\" class=\"aligncenter size-full wp-image-6060\" src=\"http:\/\/roztocze24.info\/wp-content\/uploads\/2019\/03\/P1010781.jpg\" alt=\"\" width=\"748\" height=\"500\" srcset=\"https:\/\/roztocze24.info\/wp-content\/uploads\/2019\/03\/P1010781.jpg 748w, https:\/\/roztocze24.info\/wp-content\/uploads\/2019\/03\/P1010781-300x201.jpg 300w\" sizes=\"auto, (max-width: 748px) 85vw, 748px\" \/><\/p>\n<p>Czas mija niezwykle szybko. Po drodze drugie nieco mylne miejsce. Na rozwidleniu le\u015bnych dukt\u00f3w, przy prostopad\u0142ej drodze, trzeba skr\u0119ci\u0107 lekko w lewo.<\/p>\n<p class=\"center\"><img loading=\"lazy\" decoding=\"async\" class=\"aligncenter size-full wp-image-6061\" src=\"http:\/\/roztocze24.info\/wp-content\/uploads\/2019\/03\/P1010787.jpg\" alt=\"\" width=\"748\" height=\"500\" srcset=\"https:\/\/roztocze24.info\/wp-content\/uploads\/2019\/03\/P1010787.jpg 748w, https:\/\/roztocze24.info\/wp-content\/uploads\/2019\/03\/P1010787-300x201.jpg 300w\" sizes=\"auto, (max-width: 748px) 85vw, 748px\" \/><\/p>\n<p>\u015acie\u017cka ko\u0144czy si\u0119 na skraju lasu. St\u0105d pi\u0119kna panorama. W tle Go\u015bcierad\u00f3w.<\/p>\n<p class=\"center\"><img loading=\"lazy\" decoding=\"async\" class=\"aligncenter size-full wp-image-6062\" src=\"http:\/\/roztocze24.info\/wp-content\/uploads\/2019\/03\/P1010791.jpg\" alt=\"\" width=\"748\" height=\"500\" srcset=\"https:\/\/roztocze24.info\/wp-content\/uploads\/2019\/03\/P1010791.jpg 748w, https:\/\/roztocze24.info\/wp-content\/uploads\/2019\/03\/P1010791-300x201.jpg 300w\" sizes=\"auto, (max-width: 748px) 85vw, 748px\" \/><\/p>\n<p>Pies wr\u00f3ci st\u0105d sam, natomiast kot razem z nami wsiada do samochodu. Przed nami pi\u0119kny przejazd szos\u0105 prowadz\u0105c\u0105 przez sam \u015brodek rezerwatu.<\/p>\n<p class=\"center\"><img loading=\"lazy\" decoding=\"async\" class=\"aligncenter size-full wp-image-6063\" src=\"http:\/\/roztocze24.info\/wp-content\/uploads\/2019\/03\/P1010794.jpg\" alt=\"\" width=\"748\" height=\"500\" srcset=\"https:\/\/roztocze24.info\/wp-content\/uploads\/2019\/03\/P1010794.jpg 748w, https:\/\/roztocze24.info\/wp-content\/uploads\/2019\/03\/P1010794-300x201.jpg 300w\" sizes=\"auto, (max-width: 748px) 85vw, 748px\" \/><\/p>\n<p>Kot bardzo szybko znalaz\u0142 sobie miejsce pod fotelem kierowcy, a gdy dojechali\u015bmy do le\u015bnicz\u00f3wki \u2013 za nic nie chcia\u0142 spod tego fotela wyj\u015b\u0107. Wyci\u0105gn\u0105\u0107 go nie by\u0142o \u0142atwo. Ta nier\u00f3wna walka z niezwykle zwinnym stworzeniem trwa\u0142a dobre pi\u0119\u0107 minut! Ale si\u0119 uda\u0142o! W ka\u017cdym razie po opuszczeniu samochodu kot zachowa\u0142 kamienny spok\u00f3j.<\/p>\n<p>Dalsza droga wiod\u0142a widokowymi szosami przez Salomin do Zdziechowic, a dalej w Lasy Janowskie. Ale to w\u0142a\u015bnie las Marynopole b\u0119d\u0119 wspomina\u0142 z tego dnia szczeg\u00f3lnie mi\u0142o. \u015acie\u017ck\u0119 w rezerwacie gor\u0105co polecam! Przed wypraw\u0105 warto uda\u0107 najpierw si\u0119 do nadle\u015bnictwa w Go\u015bcieradowie (przy g\u0142\u00f3wnej szosie, ul. Folwark 1e) i poprosi\u0107 o folder z przebiegiem trasy.<\/p>\n<p><em>Pa\u017adziernik 2006 r.<\/em><\/p>\n","protected":false},"excerpt":{"rendered":"<p>W\u0119druj\u0105c \u015bcie\u017ckami dydaktycznymi Roztocza i okolic trafi\u0142em a\u017c po Go\u015bcierad\u00f3w. Nieco dalej na po\u0142udnie przebiega pieszy szlak czerwony z Zaklikowa do Annopola, po drodze s\u0105 jeszcze (warte oddzielnej opowie\u015bci) przepi\u0119kne Do\u0142y Szczeckie, a nieco dalej rezerwat Marynopole. W\u0142a\u015bnie w tym ostatnim przygotowano ciekaw\u0105 \u015bcie\u017ck\u0119 edukacyjn\u0105. Rezerwat Marynopole ma powierzchni\u0119 157 ha, a utworzono go w &hellip; <a href=\"https:\/\/roztocze24.info\/?page_id=879\" class=\"more-link\">Czytaj dalej<span class=\"screen-reader-text\"> \u201eLe\u015bny rezerwat Marynopole ko\u0142o Go\u015bcieradowa\u201d<\/span><\/a><\/p>\n","protected":false},"author":1,"featured_media":0,"parent":874,"menu_order":0,"comment_status":"closed","ping_status":"closed","template":"","meta":{"footnotes":""},"class_list":["post-879","page","type-page","status-publish","hentry"],"_links":{"self":[{"href":"https:\/\/roztocze24.info\/index.php?rest_route=\/wp\/v2\/pages\/879","targetHints":{"allow":["GET"]}}],"collection":[{"href":"https:\/\/roztocze24.info\/index.php?rest_route=\/wp\/v2\/pages"}],"about":[{"href":"https:\/\/roztocze24.info\/index.php?rest_route=\/wp\/v2\/types\/page"}],"author":[{"embeddable":true,"href":"https:\/\/roztocze24.info\/index.php?rest_route=\/wp\/v2\/users\/1"}],"replies":[{"embeddable":true,"href":"https:\/\/roztocze24.info\/index.php?rest_route=%2Fwp%2Fv2%2Fcomments&post=879"}],"version-history":[{"count":2,"href":"https:\/\/roztocze24.info\/index.php?rest_route=\/wp\/v2\/pages\/879\/revisions"}],"predecessor-version":[{"id":6065,"href":"https:\/\/roztocze24.info\/index.php?rest_route=\/wp\/v2\/pages\/879\/revisions\/6065"}],"up":[{"embeddable":true,"href":"https:\/\/roztocze24.info\/index.php?rest_route=\/wp\/v2\/pages\/874"}],"wp:attachment":[{"href":"https:\/\/roztocze24.info\/index.php?rest_route=%2Fwp%2Fv2%2Fmedia&parent=879"}],"curies":[{"name":"wp","href":"https:\/\/api.w.org\/{rel}","templated":true}]}}