{"id":880,"date":"2016-02-20T19:20:21","date_gmt":"2016-02-20T19:20:21","guid":{"rendered":"http:\/\/roztocze24.info\/turysta-2\/okolice\/nielisz\/"},"modified":"2019-03-28T22:24:32","modified_gmt":"2019-03-28T21:24:32","slug":"nielisz","status":"publish","type":"page","link":"https:\/\/roztocze24.info\/?page_id=880","title":{"rendered":"Szlaki rowerowe w rejonie zalewu Nielisz"},"content":{"rendered":"<p>Plan by\u0142 prosty: poznanie dw\u00f3ch nowych szlak\u00f3w rowerowych w rejonie Nielisza. Okaza\u0142o si\u0119, \u017ce to rajd trzech pa\u0142ac\u00f3w (Ruskie Piaski, Ujazd\u00f3w, Michal\u00f3w\/Klemens\u00f3w), licznych krzy\u017cy i \u0142adnych kapliczek, a do tego jeszcze w\u015br\u00f3d urozmaiconej rze\u017aby doliny Wieprza. Dobrze, \u017ce powsta\u0142y tu szlaki rowerowe!<\/p>\n<p>Dojazd i powr\u00f3t poci\u0105giem Solina Warszawa Zachodnia &#8211; Zamo\u015b\u0107. To poci\u0105g pospieszny, kt\u00f3ry zatrzymywa\u0142 si\u0119 w okolicy Nielisza na przystanku Ruskie Piaski (na marginesie, jego lokalizacj\u0119 p\u00f3\u017aniej zmieniono). W podr\u00f3\u017cy towarzyszy\u0142a mi dw\u00f3jka turyst\u00f3w, tak\u017ce z Lublina, kt\u00f3rych dane mi by\u0142o spotka\u0107 raz jeszcze w drodze powrotnej (tras\u0119 rowerow\u0105 r\u00f3wnie\u017c zaczynali i ko\u0144czyli w tym samym miejscu). Wysiadam w Ruskich Piaskach. W budynku by\u0142a wtedy jest poczta, ale czynna tylko do 12.00.<\/p>\n<p>Najpierw szybki dojazd do <strong>rowerowego szlaku zielonego (Nielisz \u2013 Ruskie Piaski \u2013 Tarzymiechy \u2013 Ujazd\u00f3w \u2013 Staw Noakowski, 17 km).<\/strong> Pojawiaj\u0105 si\u0119 do\u015b\u0107 liczne meszki, obecne tak\u017ce p\u00f3\u017aniej, ale jako\u015b niespecjalnie przeszkadzaj\u0105ce. Przeje\u017cd\u017cam mostem nad bardzo malownicz\u0105 w tym miejscu \u0141abu\u0144k\u0105.<\/p>\n<p class=\"center\"><img loading=\"lazy\" decoding=\"async\" class=\"aligncenter size-full wp-image-6035\" src=\"http:\/\/roztocze24.info\/wp-content\/uploads\/2019\/03\/Nielisz01.jpg\" alt=\"\" width=\"740\" height=\"500\" srcset=\"https:\/\/roztocze24.info\/wp-content\/uploads\/2019\/03\/Nielisz01.jpg 740w, https:\/\/roztocze24.info\/wp-content\/uploads\/2019\/03\/Nielisz01-300x203.jpg 300w\" sizes=\"auto, (max-width: 740px) 85vw, 740px\" \/><\/p>\n<p>Za ni\u0105 pa\u0142ac. To nadal <strong>Ruskie Piaski<\/strong>.<\/p>\n<p class=\"center\"><img loading=\"lazy\" decoding=\"async\" class=\"aligncenter size-full wp-image-6036\" src=\"http:\/\/roztocze24.info\/wp-content\/uploads\/2019\/03\/Nielisz02.jpg\" alt=\"\" width=\"741\" height=\"500\" srcset=\"https:\/\/roztocze24.info\/wp-content\/uploads\/2019\/03\/Nielisz02.jpg 741w, https:\/\/roztocze24.info\/wp-content\/uploads\/2019\/03\/Nielisz02-300x202.jpg 300w\" sizes=\"auto, (max-width: 741px) 85vw, 741px\" \/><\/p>\n<p>Niebawem g\u0142\u0119boki piach. Tu przypa\u0142\u0119ta\u0142 si\u0119 wrogo nastawiony piesek, kt\u00f3rego uda\u0142o si\u0119 jednak przestraszy\u0107 d\u017awi\u0119kowo (zawy\u0142em przeci\u0105gle). Wje\u017cd\u017cam w las, niebawem piach ko\u0144czy si\u0119 na dobre i mo\u017cna jecha\u0107 normalnie. Po prawej klimatyczne jezioro Sodoma. Jest \u0142adnie, ale nazwa jednak odstrasza.<\/p>\n<p class=\"center\"><img loading=\"lazy\" decoding=\"async\" class=\"aligncenter size-full wp-image-6037\" src=\"http:\/\/roztocze24.info\/wp-content\/uploads\/2019\/03\/Nielisz03.jpg\" alt=\"\" width=\"748\" height=\"500\" srcset=\"https:\/\/roztocze24.info\/wp-content\/uploads\/2019\/03\/Nielisz03.jpg 748w, https:\/\/roztocze24.info\/wp-content\/uploads\/2019\/03\/Nielisz03-300x201.jpg 300w\" sizes=\"auto, (max-width: 748px) 85vw, 748px\" \/><\/p>\n<p>Obok spora wydma, w tym lesie jest ich wi\u0119cej. Przypomina mi si\u0119 droga Chy\u017ce \u2013 Podlesina. Dalej <strong>Zamszany<\/strong>. Tu bodaj pierwszy z wyj\u0105tkowo licznych na trasie du\u017cych drewnianych krzy\u017cy i ma\u0142y ko\u015bci\u00f3\u0142ek. Przy kolejnym krzy\u017cu, nieopodal boiska, skr\u0119t szlaku w lewo. Ja jednak jad\u0119 w prawo, bowiem nieopodal jest stacja kolejowa <strong>Tarzymiechy<\/strong>. Po torach jecha\u0142em tu niezliczon\u0105 ilo\u015b\u0107 razy. \u0141adny baraczek zdewastowany, ale w \u015brodku zachowa\u0142 si\u0119 jeszcze kaflowy piec (niegdy\u015b znajdowa\u0142y si\u0119 one na niemal ka\u017cdej roztocza\u0144skiej stacji). Przypis p\u00f3\u017aniejszy \u2013 obecnie nie tylko po piecu, ale i po ca\u0142ym budynku nie ma ju\u017c \u015bladu \u2013 zosta\u0142 rozebrany.<\/p>\n<p><img loading=\"lazy\" decoding=\"async\" class=\"aligncenter size-full wp-image-6038\" src=\"http:\/\/roztocze24.info\/wp-content\/uploads\/2019\/03\/Nielisz04.jpg\" alt=\"\" width=\"746\" height=\"500\" srcset=\"https:\/\/roztocze24.info\/wp-content\/uploads\/2019\/03\/Nielisz04.jpg 746w, https:\/\/roztocze24.info\/wp-content\/uploads\/2019\/03\/Nielisz04-300x201.jpg 300w\" sizes=\"auto, (max-width: 746px) 85vw, 746px\" \/><br \/>\nWracam na szlak. Czas zjecha\u0107 w dolin\u0119 Wieprza. Rze\u017aba terenu na skraju doliny wielce urozmaicona. Jest pi\u0119knie!<\/p>\n<p class=\"center\"><img loading=\"lazy\" decoding=\"async\" class=\"aligncenter size-full wp-image-6039\" src=\"http:\/\/roztocze24.info\/wp-content\/uploads\/2019\/03\/Nielisz05.jpg\" alt=\"\" width=\"750\" height=\"500\" srcset=\"https:\/\/roztocze24.info\/wp-content\/uploads\/2019\/03\/Nielisz05.jpg 750w, https:\/\/roztocze24.info\/wp-content\/uploads\/2019\/03\/Nielisz05-300x200.jpg 300w\" sizes=\"auto, (max-width: 750px) 85vw, 750px\" \/><\/p>\n<p class=\"center\"><img loading=\"lazy\" decoding=\"async\" class=\"aligncenter size-full wp-image-6040\" src=\"http:\/\/roztocze24.info\/wp-content\/uploads\/2019\/03\/Nielisz06.jpg\" alt=\"\" width=\"738\" height=\"500\" srcset=\"https:\/\/roztocze24.info\/wp-content\/uploads\/2019\/03\/Nielisz06.jpg 738w, https:\/\/roztocze24.info\/wp-content\/uploads\/2019\/03\/Nielisz06-300x203.jpg 300w\" sizes=\"auto, (max-width: 738px) 85vw, 738px\" \/><\/p>\n<p>Zaraz za mostem na Wieprzu przyjemna kapliczka.<\/p>\n<p class=\"center\"><img loading=\"lazy\" decoding=\"async\" class=\"aligncenter size-full wp-image-6041\" src=\"http:\/\/roztocze24.info\/wp-content\/uploads\/2019\/03\/Nielisz07.jpg\" alt=\"\" width=\"740\" height=\"500\" srcset=\"https:\/\/roztocze24.info\/wp-content\/uploads\/2019\/03\/Nielisz07.jpg 740w, https:\/\/roztocze24.info\/wp-content\/uploads\/2019\/03\/Nielisz07-300x203.jpg 300w\" sizes=\"auto, (max-width: 740px) 85vw, 740px\" \/><\/p>\n<p>Nast\u0119pnie <strong>Ujazd\u00f3w<\/strong>. Przez trawy przechodz\u0119 do pa\u0142acu.<\/p>\n<p class=\"center\"><img loading=\"lazy\" decoding=\"async\" class=\"aligncenter size-full wp-image-6042\" src=\"http:\/\/roztocze24.info\/wp-content\/uploads\/2019\/03\/Nielisz08.jpg\" alt=\"\" width=\"747\" height=\"500\" srcset=\"https:\/\/roztocze24.info\/wp-content\/uploads\/2019\/03\/Nielisz08.jpg 747w, https:\/\/roztocze24.info\/wp-content\/uploads\/2019\/03\/Nielisz08-300x201.jpg 300w\" sizes=\"auto, (max-width: 747px) 85vw, 747px\" \/><\/p>\n<p>W <strong>Kolonii Staw Noakowski<\/strong> kolejna intryguj\u0105ca kapliczka.<\/p>\n<p><img loading=\"lazy\" decoding=\"async\" class=\"aligncenter size-full wp-image-6043\" src=\"http:\/\/roztocze24.info\/wp-content\/uploads\/2019\/03\/Nielisz09.jpg\" alt=\"\" width=\"334\" height=\"500\" srcset=\"https:\/\/roztocze24.info\/wp-content\/uploads\/2019\/03\/Nielisz09.jpg 334w, https:\/\/roztocze24.info\/wp-content\/uploads\/2019\/03\/Nielisz09-200x300.jpg 200w\" sizes=\"auto, (max-width: 334px) 85vw, 334px\" \/><\/p>\n<p>A dalej ju\u017c w\u0142a\u015bciwy <strong>Staw Noakowski<\/strong> i koniec szlaku <em>zielonego<\/em>. Nieopodal tabliczka wskazuj\u0105ca kierunek do \u017ar\u00f3de\u0142ka \u015bw. Jana. Pytam w kiosku, pono\u0107 to tylko jakie\u015b 5 km st\u0105d, ale dzi\u015b sobie t\u0119 wypraw\u0119 odpuszczam. Musz\u0119 zd\u0105\u017cy\u0107 na poci\u0105g powrotny.<\/p>\n<p>Zje\u017cd\u017cam do <strong>Nielisza<\/strong>. Teraz prowadzi\u0107 mnie b\u0119d\u0105 znaki <strong>rowerowego szlaku niebieskiego (Nielisz \u2013 Naw\u00f3z \u2013 Micha\u0142\u00f3w \u2013 Deszkowice \u2013 Nielisz).<\/strong> Najpierw mocna rzecz \u2013 pi\u0119kna jazda tam\u0105 z widokami na ogromny zalew w Nieliszu.<\/p>\n<p class=\"center\"><img loading=\"lazy\" decoding=\"async\" class=\"aligncenter size-full wp-image-6044\" src=\"http:\/\/roztocze24.info\/wp-content\/uploads\/2019\/03\/Nielisz10.jpg\" alt=\"\" width=\"755\" height=\"500\" srcset=\"https:\/\/roztocze24.info\/wp-content\/uploads\/2019\/03\/Nielisz10.jpg 755w, https:\/\/roztocze24.info\/wp-content\/uploads\/2019\/03\/Nielisz10-300x199.jpg 300w\" sizes=\"auto, (max-width: 755px) 85vw, 755px\" \/><\/p>\n<p>Dalej p\u0142asko, a zalew przestaje by\u0107 widoczny. Za <strong>Nawozem<\/strong> (nazwa wsi) robi si\u0119 ponownie ciekawie, zje\u017cd\u017camy w dolin\u0119 Wieprza. Klimaty jakby znane z Polesia i jeszcze jedna ciekawa kapliczka, tym razem niebieska.<\/p>\n<p>Nast\u0119pnie <strong>Kulik\u00f3w<\/strong>, na t\u0119 nazw\u0119 wielbiciele ukrai\u0144skiej cz\u0119\u015bci Roztocza powinni zareagowa\u0107 \u017cywio\u0142owo. Ja ucieszy\u0142em si\u0119 w ka\u017cdym razie niezmiernie.<\/p>\n<p>Doje\u017cd\u017cam do prostopad\u0142ej szosy w rejonie <strong>Deszkowic<\/strong>. Tu w lewo. Mijam ogromn\u0105 upraw\u0119 wie<strong>lce po\u017cytecznej ro\u015bliny, czyli chmielu. Nast\u0119pnie \u0142adna kapliczka i most na Wieprzu w Michalowie\/Klemensowie<\/strong>. Czas na wycieczk\u0119 boczn\u0105: do parku i pa\u0142acu. Park przepi\u0119kny, obje\u017cd\u017cam go sympatyczn\u0105 p\u0119tl\u0105 prowadz\u0105c\u0105 utwardzan\u0105 drog\u0105. Pe\u0142no tu g\u0142\u0119bokich jar\u00f3w i starych drzew! Sam pa\u0142ac du\u017cy, na jego lewym skraju zwraca uwag\u0119 ko\u015bci\u00f3\u0142ek.<\/p>\n<p class=\"center\"><img loading=\"lazy\" decoding=\"async\" class=\"aligncenter size-full wp-image-6045\" src=\"http:\/\/roztocze24.info\/wp-content\/uploads\/2019\/03\/Nielisz11.jpg\" alt=\"\" width=\"332\" height=\"500\" srcset=\"https:\/\/roztocze24.info\/wp-content\/uploads\/2019\/03\/Nielisz11.jpg 332w, https:\/\/roztocze24.info\/wp-content\/uploads\/2019\/03\/Nielisz11-199x300.jpg 199w\" sizes=\"auto, (max-width: 332px) 85vw, 332px\" \/><\/p>\n<p><img loading=\"lazy\" decoding=\"async\" class=\"aligncenter size-full wp-image-6046\" src=\"http:\/\/roztocze24.info\/wp-content\/uploads\/2019\/03\/Nielisz12.jpg\" alt=\"\" width=\"759\" height=\"500\" srcset=\"https:\/\/roztocze24.info\/wp-content\/uploads\/2019\/03\/Nielisz12.jpg 759w, https:\/\/roztocze24.info\/wp-content\/uploads\/2019\/03\/Nielisz12-300x198.jpg 300w\" sizes=\"auto, (max-width: 759px) 85vw, 759px\" \/><\/p>\n<p>Wracam na szlak. Teraz udaj\u0119 si\u0119 do <strong>Deszkowic<\/strong>, po drodze ponownie wielce urozmaicona rze\u017aba terenu. Zgodnie z oznakowaniem skr\u0119cam w prawo, a p\u00f3\u017aniej przychodzi czas na opuszczenie szosy (ko\u0142o krzy\u017ca). Bia\u0142\u0105, utwardzan\u0105 drog\u0105 jad\u0119 w kierunku lasu. Szlak wiedzie najpierw jego skrajem, potem skr\u0119ca w lewo. Przed nami przyjemna jazda przez las mieszany. Trzeba jednak uwa\u017ca\u0107 na znaki! Niebawem skr\u0119t w prawo, a potem w lewo. Mijam le\u015bnicz\u00f3wk\u0119. St\u0105d udaj\u0119 si\u0119 g\u0142\u00f3wn\u0105 drog\u0105, tym razem przez suchy las sosnowy. Nawi\u0105zanie do Puszczy Solskiej?<\/p>\n<p>Dalej <strong>Nielisz<\/strong>. W sklepie uzupe\u0142niam p\u0142yny. Na trasie pomnik wojenny i spory drewniany ko\u015bci\u00f3\u0142ek. Powracam nad tam\u0119 nad zalewem. Pozosta\u0142 mi jeszcze kr\u00f3tki fragment szlaku <em>zielonego<\/em>, prowadz\u0105cego do Ruskich Piask\u00f3w. Le\u015bny dukt przejezdny, cho\u0107 po bokach tu i \u00f3wdzie spore chaszcze. Po drodze przecinam torowisko dawnej w\u0105skotor\u00f3wki. Na stacji PKP <strong>Ruskie Piaski <\/strong>melduj\u0119 si\u0119 20 minut przed poci\u0105giem.<\/p>\n<p><img loading=\"lazy\" decoding=\"async\" class=\"aligncenter size-full wp-image-6047\" src=\"http:\/\/roztocze24.info\/wp-content\/uploads\/2019\/03\/Nielisz13.jpg\" alt=\"\" width=\"750\" height=\"500\" srcset=\"https:\/\/roztocze24.info\/wp-content\/uploads\/2019\/03\/Nielisz13.jpg 750w, https:\/\/roztocze24.info\/wp-content\/uploads\/2019\/03\/Nielisz13-300x200.jpg 300w\" sizes=\"auto, (max-width: 750px) 85vw, 750px\" \/><br \/>\nP.S. Na szlaku niebieskim mo\u017cna zobaczy\u0107 tak\u017ce m.in. &#8230; strusie. Zwierz\u0119 to jednak nieroztocza\u0144skie i w podstawowym opisie spotkanie z nim (bezkonfliktowe) omijam.<\/p>\n<p><em>Wrzesie\u0144 2005 r.<\/em><\/p>\n","protected":false},"excerpt":{"rendered":"<p>Plan by\u0142 prosty: poznanie dw\u00f3ch nowych szlak\u00f3w rowerowych w rejonie Nielisza. Okaza\u0142o si\u0119, \u017ce to rajd trzech pa\u0142ac\u00f3w (Ruskie Piaski, Ujazd\u00f3w, Michal\u00f3w\/Klemens\u00f3w), licznych krzy\u017cy i \u0142adnych kapliczek, a do tego jeszcze w\u015br\u00f3d urozmaiconej rze\u017aby doliny Wieprza. Dobrze, \u017ce powsta\u0142y tu szlaki rowerowe! Dojazd i powr\u00f3t poci\u0105giem Solina Warszawa Zachodnia &#8211; Zamo\u015b\u0107. To poci\u0105g pospieszny, kt\u00f3ry &hellip; <a href=\"https:\/\/roztocze24.info\/?page_id=880\" class=\"more-link\">Czytaj dalej<span class=\"screen-reader-text\"> \u201eSzlaki rowerowe w rejonie zalewu Nielisz\u201d<\/span><\/a><\/p>\n","protected":false},"author":1,"featured_media":0,"parent":874,"menu_order":0,"comment_status":"closed","ping_status":"closed","template":"","meta":{"footnotes":""},"class_list":["post-880","page","type-page","status-publish","hentry"],"_links":{"self":[{"href":"https:\/\/roztocze24.info\/index.php?rest_route=\/wp\/v2\/pages\/880","targetHints":{"allow":["GET"]}}],"collection":[{"href":"https:\/\/roztocze24.info\/index.php?rest_route=\/wp\/v2\/pages"}],"about":[{"href":"https:\/\/roztocze24.info\/index.php?rest_route=\/wp\/v2\/types\/page"}],"author":[{"embeddable":true,"href":"https:\/\/roztocze24.info\/index.php?rest_route=\/wp\/v2\/users\/1"}],"replies":[{"embeddable":true,"href":"https:\/\/roztocze24.info\/index.php?rest_route=%2Fwp%2Fv2%2Fcomments&post=880"}],"version-history":[{"count":1,"href":"https:\/\/roztocze24.info\/index.php?rest_route=\/wp\/v2\/pages\/880\/revisions"}],"predecessor-version":[{"id":6048,"href":"https:\/\/roztocze24.info\/index.php?rest_route=\/wp\/v2\/pages\/880\/revisions\/6048"}],"up":[{"embeddable":true,"href":"https:\/\/roztocze24.info\/index.php?rest_route=\/wp\/v2\/pages\/874"}],"wp:attachment":[{"href":"https:\/\/roztocze24.info\/index.php?rest_route=%2Fwp%2Fv2%2Fmedia&parent=880"}],"curies":[{"name":"wp","href":"https:\/\/api.w.org\/{rel}","templated":true}]}}