{"id":885,"date":"2016-02-20T19:20:25","date_gmt":"2016-02-20T19:20:25","guid":{"rendered":"http:\/\/roztocze24.info\/turysta-2\/poludniowe\/roztocze_czerwinki\/"},"modified":"2019-04-05T19:42:36","modified_gmt":"2019-04-05T17:42:36","slug":"roztocze_czerwinki","status":"publish","type":"page","link":"https:\/\/roztocze24.info\/?page_id=885","title":{"rendered":"Tajna (niegdy\u015b) bocznica kolejowa w Czerwinkach (Kaplisze)"},"content":{"rendered":"<p><img loading=\"lazy\" decoding=\"async\" class=\"aligncenter size-full wp-image-5686\" src=\"http:\/\/roztocze24.info\/wp-content\/uploads\/2019\/03\/RAMPA6.jpg\" alt=\"\" width=\"487\" height=\"334\" srcset=\"https:\/\/roztocze24.info\/wp-content\/uploads\/2019\/03\/RAMPA6.jpg 487w, https:\/\/roztocze24.info\/wp-content\/uploads\/2019\/03\/RAMPA6-300x206.jpg 300w\" sizes=\"auto, (max-width: 487px) 85vw, 487px\" \/><\/p>\n<p>Niepodal Werchraty znajduje si\u0119 wie\u015b Prusie, a tu\u017c co za ni\u0105 granica pa\u0144stwowa. Odnajdziemy tu tak\u017ce tor roztocza\u0144skiej linii kolejowej. W miejscu, gdzie gwa\u0142townie\u00a0 skr\u0119ca, obok pojawia si\u0119 jeszcze tor szeroki. Zaczyna si\u0119 on w Rawie Ruskiej (w\u0119ze\u0142 kolejowy). Po stronie polskiej prowadzi do pobliskiego portu prze\u0142adunkowego w Werchracie. To jednak nie jest jego w\u0142a\u015bciwy koniec, cho\u0107 dalszy odcinek jest ju\u017c bardzo zaro\u015bni\u0119ty i do tego z ubytkami. Trzeba min\u0105\u0107 jeszcze Dziewi\u0119cierz i Horyniec. Za zabudowaniami W\u00f3li Horynieckiej boczny nasyp prowadzi pocz\u0105tkowo na p\u0142d.-zach, nast\u0119pnie na p\u0142d.-wsch., do lasu. W nim, nieopodal przysi\u00f3\u0142ka Czerwinki (inna nazwa Kaplisze), mie\u015bci\u0142a si\u0119 tajna rampa i baza prze\u0142adunkowa. Pod os\u0142on\u0105 mo\u017cna by\u0142o prze\u0142adowywa\u0107 sprz\u0119t z transportu wojskowego Armii Czerwonej jad\u0105cego po torze szerokim na wagony wykorzystuj\u0105ce tor normalny. Podobno nigdy nie wjecha\u0142 tu \u017caden poci\u0105g i ju\u017c raczej nie wjedzie, bowiem obecnie niemal ca\u0142a infrastruktura zosta\u0142a zdemontowana. Nadal jest to jednak do\u015b\u0107 ciekawe miejsce, na pewno warte odwiedzenia podczas np. pobytu w Hory\u0144cu.<\/p>\n<p>Oto przysi\u00f3\u0142ki mostu bocznicy kolejowej prowadz\u0105cej do wspomnianej rampy.<\/p>\n<p><img loading=\"lazy\" decoding=\"async\" class=\"aligncenter size-full wp-image-5683\" src=\"http:\/\/roztocze24.info\/wp-content\/uploads\/2019\/03\/RAMPA2.jpg\" alt=\"\" width=\"209\" height=\"320\" srcset=\"https:\/\/roztocze24.info\/wp-content\/uploads\/2019\/03\/RAMPA2.jpg 209w, https:\/\/roztocze24.info\/wp-content\/uploads\/2019\/03\/RAMPA2-196x300.jpg 196w\" sizes=\"auto, (max-width: 209px) 85vw, 209px\" \/>\u00a0\u00a0\u00a0<img loading=\"lazy\" decoding=\"async\" class=\"aligncenter size-full wp-image-5682\" src=\"http:\/\/roztocze24.info\/wp-content\/uploads\/2019\/03\/RAMPA1.jpg\" alt=\"\" width=\"486\" height=\"320\" srcset=\"https:\/\/roztocze24.info\/wp-content\/uploads\/2019\/03\/RAMPA1.jpg 486w, https:\/\/roztocze24.info\/wp-content\/uploads\/2019\/03\/RAMPA1-300x198.jpg 300w\" sizes=\"auto, (max-width: 486px) 85vw, 486px\" \/><\/p>\n<p>A oto i sama rampa.<\/p>\n<p class=\"center\"><img loading=\"lazy\" decoding=\"async\" class=\"aligncenter size-full wp-image-5684\" src=\"http:\/\/roztocze24.info\/wp-content\/uploads\/2019\/03\/RAMPA3-1.jpg\" alt=\"\" width=\"487\" height=\"320\" srcset=\"https:\/\/roztocze24.info\/wp-content\/uploads\/2019\/03\/RAMPA3-1.jpg 487w, https:\/\/roztocze24.info\/wp-content\/uploads\/2019\/03\/RAMPA3-1-300x197.jpg 300w\" sizes=\"auto, (max-width: 487px) 85vw, 487px\" \/><\/p>\n<p>Tu i \u00f3wdzie znajduj\u0105 si\u0119 jeszcze zaro\u015bni\u0119te tory.<\/p>\n<p class=\"center\"><img loading=\"lazy\" decoding=\"async\" class=\"aligncenter size-full wp-image-5685\" src=\"http:\/\/roztocze24.info\/wp-content\/uploads\/2019\/03\/RAMPA5.jpg\" alt=\"\" width=\"488\" height=\"320\" srcset=\"https:\/\/roztocze24.info\/wp-content\/uploads\/2019\/03\/RAMPA5.jpg 488w, https:\/\/roztocze24.info\/wp-content\/uploads\/2019\/03\/RAMPA5-300x197.jpg 300w\" sizes=\"auto, (max-width: 488px) 85vw, 488px\" \/><\/p>\n<p>P.S. Powy\u017csze zdj\u0119cia pochodz\u0105 z 2001 r. Obecnie do tego miejsca prowadzi tabliczka turystyczna, a przy samej rampie postawiono tablic\u0119 informacyjn\u0105. Teren odkrzaczono (dobrze!), ale zarazem zdemontowano tory (bardzo \u017ale!). Update. Stan peronu bocznicy z 2012 r. prezentuje zdj\u0119cie zamieszczone poni\u017cej.<\/p>\n<p><img loading=\"lazy\" decoding=\"async\" class=\"aligncenter size-full wp-image-6835\" src=\"http:\/\/roztocze24.info\/wp-content\/uploads\/2019\/04\/IMG_0958.jpg\" alt=\"\" width=\"750\" height=\"500\" srcset=\"https:\/\/roztocze24.info\/wp-content\/uploads\/2019\/04\/IMG_0958.jpg 750w, https:\/\/roztocze24.info\/wp-content\/uploads\/2019\/04\/IMG_0958-300x200.jpg 300w\" sizes=\"auto, (max-width: 750px) 85vw, 750px\" \/><\/p>\n<p><em>Sierpie\u0144 2001.<\/em><\/p>\n","protected":false},"excerpt":{"rendered":"<p>Niepodal Werchraty znajduje si\u0119 wie\u015b Prusie, a tu\u017c co za ni\u0105 granica pa\u0144stwowa. Odnajdziemy tu tak\u017ce tor roztocza\u0144skiej linii kolejowej. W miejscu, gdzie gwa\u0142townie\u00a0 skr\u0119ca, obok pojawia si\u0119 jeszcze tor szeroki. Zaczyna si\u0119 on w Rawie Ruskiej (w\u0119ze\u0142 kolejowy). Po stronie polskiej prowadzi do pobliskiego portu prze\u0142adunkowego w Werchracie. To jednak nie jest jego w\u0142a\u015bciwy &hellip; <a href=\"https:\/\/roztocze24.info\/?page_id=885\" class=\"more-link\">Czytaj dalej<span class=\"screen-reader-text\"> \u201eTajna (niegdy\u015b) bocznica kolejowa w Czerwinkach (Kaplisze)\u201d<\/span><\/a><\/p>\n","protected":false},"author":1,"featured_media":0,"parent":883,"menu_order":0,"comment_status":"closed","ping_status":"closed","template":"","meta":{"footnotes":""},"class_list":["post-885","page","type-page","status-publish","hentry"],"_links":{"self":[{"href":"https:\/\/roztocze24.info\/index.php?rest_route=\/wp\/v2\/pages\/885","targetHints":{"allow":["GET"]}}],"collection":[{"href":"https:\/\/roztocze24.info\/index.php?rest_route=\/wp\/v2\/pages"}],"about":[{"href":"https:\/\/roztocze24.info\/index.php?rest_route=\/wp\/v2\/types\/page"}],"author":[{"embeddable":true,"href":"https:\/\/roztocze24.info\/index.php?rest_route=\/wp\/v2\/users\/1"}],"replies":[{"embeddable":true,"href":"https:\/\/roztocze24.info\/index.php?rest_route=%2Fwp%2Fv2%2Fcomments&post=885"}],"version-history":[{"count":3,"href":"https:\/\/roztocze24.info\/index.php?rest_route=\/wp\/v2\/pages\/885\/revisions"}],"predecessor-version":[{"id":6836,"href":"https:\/\/roztocze24.info\/index.php?rest_route=\/wp\/v2\/pages\/885\/revisions\/6836"}],"up":[{"embeddable":true,"href":"https:\/\/roztocze24.info\/index.php?rest_route=\/wp\/v2\/pages\/883"}],"wp:attachment":[{"href":"https:\/\/roztocze24.info\/index.php?rest_route=%2Fwp%2Fv2%2Fmedia&parent=885"}],"curies":[{"name":"wp","href":"https:\/\/api.w.org\/{rel}","templated":true}]}}