{"id":889,"date":"2016-02-20T19:20:32","date_gmt":"2016-02-20T19:20:32","guid":{"rendered":"http:\/\/roztocze24.info\/turysta-2\/poludniowe\/roztocze_szlak_centralny_3\/"},"modified":"2019-03-30T14:54:24","modified_gmt":"2019-03-30T13:54:24","slug":"roztocze_szlak_centralny_3","status":"publish","type":"page","link":"https:\/\/roztocze24.info\/?page_id=889","title":{"rendered":"Centralny Szlak Rowerowy Roztocza, Etap II, cz\u0119\u015b\u0107 2: Be\u0142\u017cec \u2013 Hrebenne"},"content":{"rendered":"<p><strong>Be\u0142\u017cec \u2013Lubycza Kr\u00f3lewska \u2013 Teniatyska \u2013 Hrebenne (20 km), lub Lubycza \u2013 Siedliska \u2013 Hrebenne (28 km)<\/strong><\/p>\n<p><strong>Info<\/strong><br \/>\nEtap II szlaku wyznakowano na prze\u0142omie 2004 i 2005 r. Na odcinku Lubycza Kr\u00f3lewska \u2013 Hrebenne pierwotnie jego trasa prowadzi\u0142a przez Teniatyska, a wi\u0119c jedynie skrajem Roztocza Po\u0142udniowego. W 2007 r. przygotowano ciekawszy, ale i trudniejszy, przebieg szlaku wiod\u0105cy przez bukowe lasy g\u00f3ry Siedliska.<br \/>\nCa\u0142o\u015b\u0107 znakowana jest kolorem <em>czerwonym<\/em>.<\/p>\n<p><strong>Wyprawa I<\/strong><\/p>\n<p>To by\u0142a druga cz\u0119\u015b\u0107 rajdu prowadz\u0105cego Centralnym Szlakiem Rowerowym z Su\u015bca.<br \/>\nZaczynamy nieopodal stacji PKP <strong>Be\u0142\u017cec<\/strong>. Trasa przebiega nieco na p\u0142n.-wsch. od niej, za torami. W pobli\u017cu znajduje si\u0119 monumentalna szczelina upami\u0119tniaj\u0105ca ofiary niemieckiego obozu zag\u0142ady.<\/p>\n<p><img loading=\"lazy\" decoding=\"async\" class=\"aligncenter size-full wp-image-5924\" src=\"http:\/\/roztocze24.info\/wp-content\/uploads\/2019\/03\/DSCN0548.jpg\" alt=\"\" width=\"375\" height=\"500\" srcset=\"https:\/\/roztocze24.info\/wp-content\/uploads\/2019\/03\/DSCN0548.jpg 375w, https:\/\/roztocze24.info\/wp-content\/uploads\/2019\/03\/DSCN0548-225x300.jpg 225w\" sizes=\"auto, (max-width: 375px) 85vw, 375px\" \/><\/p>\n<p>Mijamy kolejow\u0105 bocznic\u0119, za ni\u0105, po lewej, spory fragment ewidentnie kolejowego nasypu. Niewykluczone, \u017ce to fragment torowiska dawnej w\u0105skotor\u00f3wki prowadz\u0105cej st\u0105d w kierunku Tomaszowa Lubelskiego.&nbsp; Dalej robi si\u0119 p\u0142asko. Wstecz wida\u0107 wprawdzie Goraje, ale z du\u017cej odleg\u0142o\u015bci.<\/p>\n<p>Na trasie <strong>Szalenik<\/strong> i ju\u017c <strong>Lubycza Kr\u00f3lewska<\/strong>. Do miejscowo\u015bci wje\u017cd\u017cam nieopodal zalewu. Zagl\u0105dam do centrum, kupuj\u0119 col\u0119 i siadam przy jednym ze stolik\u00f3w. Przede mn\u0105 widok na krajow\u0105 17-tk\u0119, jako\u015b wyj\u0105tkowo dzisiaj pust\u0105.<\/p>\n<p>Dalszy fragment trasy rowerowej, w jej pierwotnej wersji, pokrywa si\u0119 z niebieskim szlakiem pieszym. Za Lubycz\u0105 las. Na tym odcinku warto po lewej odnale\u017a\u0107 ciekawe wzg\u00f3rze, przysi\u00f3\u0142ek wsi <strong>Teniatyska<\/strong>. Na nim sta\u0142\u0105 niegdy\u015b drewniana cerkiew grekokatolicka pw. \u015bw. Dymitra, zbudowana w 1754 r. (pierwsza cerkiew stan\u0119\u0142a tu ju\u017c w 1578 r.). Cerkiew zawali\u0142a si\u0119, a w jej miejsce postawiono nowy obiekt. Stoj\u0105c\u0105 niegdy\u015b nieopodal dzwonnic\u0119 przeniesiono na cmentarz w Lubyczy Kr\u00f3lewskiej.<\/p>\n<p><img loading=\"lazy\" decoding=\"async\" class=\"aligncenter size-full wp-image-5927\" src=\"http:\/\/roztocze24.info\/wp-content\/uploads\/2019\/03\/WP_20160610_044.jpg\" alt=\"\" width=\"750\" height=\"500\" srcset=\"https:\/\/roztocze24.info\/wp-content\/uploads\/2019\/03\/WP_20160610_044.jpg 750w, https:\/\/roztocze24.info\/wp-content\/uploads\/2019\/03\/WP_20160610_044-300x200.jpg 300w\" sizes=\"auto, (max-width: 750px) 85vw, 750px\" \/><\/p>\n<p>Post\u00f3j przy drewnianej dzwonnicy w <strong>Mostach Ma\u0142ych<\/strong>. Tyle pozosta\u0142o po cerkwi zbudowanej w 1917 r. Na p\u0142d. od szlaku, za So\u0142okij\u0105, pod lasem, cmentarz grekokatolicki, tam te\u017c groby \u017co\u0142nierzy radzieckich z 1940 r.<\/p>\n<p>Teraz wzrokowa kontemplacja rozrzuconych w\u015br\u00f3d p\u00f3l betonowych schrony bojowych z tzw. linii Mo\u0142otowa. Mijam stacj\u0119 PKP <strong>Hrebenne<\/strong>. Koniec szlaku niemal 2 km dalej, przy wzg\u00f3rzu cerkiewnym. Na jego szczycie zobaczy\u0107 mo\u017cna jedn\u0105 z najciekawszych i najstarszych drewnianych cerkwi na Roztoczu. Zbudowano j\u0105 pw. \u015bw. Miko\u0142aja najprawdopodobniej w 1697 r. (inni podaj\u0105 dat\u0119 1685, a w starszych publikacjach 1600 r.) i przebudowano w 1797 r.&nbsp; Obok stoi dzwonnica z XVIII w.<\/p>\n<p class=\"center\"><img loading=\"lazy\" decoding=\"async\" class=\"aligncenter size-full wp-image-5929\" src=\"http:\/\/roztocze24.info\/wp-content\/uploads\/2019\/03\/IMG_4266a.jpg\" alt=\"\" width=\"333\" height=\"500\" srcset=\"https:\/\/roztocze24.info\/wp-content\/uploads\/2019\/03\/IMG_4266a.jpg 333w, https:\/\/roztocze24.info\/wp-content\/uploads\/2019\/03\/IMG_4266a-200x300.jpg 200w\" sizes=\"auto, (max-width: 333px) 85vw, 333px\" \/><\/p>\n<p>A w\u015br\u00f3d drzew zobaczy\u0107 mo\u017cna fragment pobliskiego, du\u017cego systemu staw\u00f3w. Mam jeszcze godzin\u0119 czasu. Poniewa\u017c droga krajowa nr 17 dalej wygl\u0105da na do\u015b\u0107 pust\u0105, decyduj\u0119 si\u0119 jecha\u0107 ni\u0105 z powrotem do Lubyczy. Ciekawostk\u0105 na \u201e17-tce\u201d by\u0142y porzucone na poboczu plastikowe butelki po litrowym piwie Obo\u0142o\u0144. Ciekawostka<br \/>\npolega\u0142a na tym, \u017ce zalega\u0142y one po jednej sztuce, gdzie\u015b tak co 500 metr\u00f3w, a\u017c do Lubyczy. Kto\u015b musia\u0142 szybko pi\u0107. Po drodze te\u017c zdecydowanie bardziej znacz\u0105ca ciekawostka \u2013 murowana kapliczka w Potokach.<\/p>\n<p>W Lubyczy siadam na pustym peronie i czekam na powrotny poci\u0105g Roztocze z Rawy Ruskiej do Lublina i Warszawy.<\/p>\n<p><strong>Wyprawa II<\/strong><\/p>\n<p>W 2007 r. wyznakowano alternatywn\u0105 wersj\u0119 szlaku na odcinku Lubycza \u2013 Hrebenne. Dojazd tak\u017ce poci\u0105giem Roztocze, kt\u00f3ry w mi\u0119dzyczasie zmieni\u0142 znacz\u0105co relacj\u0119 (z Warszawa \u2013 Rawa Ruska na Zamo\u015b\u0107 \u2013 Wroc\u0142aw, aby kilka lat p\u00f3\u017aniej ulec likwidacji). Tym razem wsiada\u0142em w Su\u015bcu (w pobliskiej Rybnicy by\u0142a moja baza na kilka przyjemnych sierpniowych dni). W Be\u0142\u017ccu spotkanie z Wojtkiem. Jedziemy do Siedlisk, <em>zaatakowa\u0107<\/em> szlak od tej w\u0142a\u015bnie strony.<\/p>\n<p>Siedliska s\u0105 ciekawe same w sobie, koniecznie trzeba pozna\u0107 tu \u015bcie\u017ck\u0119 dydaktyczn\u0105 skamienia\u0142ych drzew, zatrzyma\u0107 si\u0119 przy kaplicy postawionej nad \u017ar\u00f3de\u0142kami, zobaczy\u0107 cerkiew i ko\u015bci\u00f3\u0142, a tak\u017ce zwiedzi\u0107 lokalne muzeum. Tym razem jednak udali\u015bmy si\u0119 prosto do lasu. Odnale\u017ali\u015bmy tam znaki lokalnej \u015bcie\u017cki rowerowej, kt\u00f3ra w du\u017cej mierze pokrywa si\u0119 z naszym szlakiem (cho\u0107 s\u0105 wyj\u0105tki, znakowana jest <em>bia\u0142o-czerwonymi<\/em> kwadratami). Droga niegdy\u015b kamienista, obecnie zosta\u0142a wyasfaltowana.<\/p>\n<p class=\"center\"><img loading=\"lazy\" decoding=\"async\" class=\"aligncenter size-full wp-image-5930\" src=\"http:\/\/roztocze24.info\/wp-content\/uploads\/2019\/03\/IMG_2172.jpg\" alt=\"\" width=\"750\" height=\"500\" srcset=\"https:\/\/roztocze24.info\/wp-content\/uploads\/2019\/03\/IMG_2172.jpg 750w, https:\/\/roztocze24.info\/wp-content\/uploads\/2019\/03\/IMG_2172-300x200.jpg 300w\" sizes=\"auto, (max-width: 750px) 85vw, 750px\" \/><\/p>\n<p>A las dooko\u0142a taki.<\/p>\n<p class=\"center\"><img loading=\"lazy\" decoding=\"async\" class=\"aligncenter size-full wp-image-5931\" src=\"http:\/\/roztocze24.info\/wp-content\/uploads\/2019\/03\/IMG_2171.jpg\" alt=\"\" width=\"750\" height=\"500\" srcset=\"https:\/\/roztocze24.info\/wp-content\/uploads\/2019\/03\/IMG_2171.jpg 750w, https:\/\/roztocze24.info\/wp-content\/uploads\/2019\/03\/IMG_2171-300x200.jpg 300w\" sizes=\"auto, (max-width: 750px) 85vw, 750px\" \/><\/p>\n<p>Najciekawsze miejsce na tym odcinku szlaku to okolice dawnej osady Horaj. Nieopodal zaro\u015bni\u0119ty kamienio\u0142om, a wsz\u0119dzie dooko\u0142a buczyna karpacka.<\/p>\n<p class=\"center\"><img loading=\"lazy\" decoding=\"async\" class=\"aligncenter size-full wp-image-5932\" src=\"http:\/\/roztocze24.info\/wp-content\/uploads\/2019\/03\/IMG_2177.jpg\" alt=\"\" width=\"333\" height=\"500\" srcset=\"https:\/\/roztocze24.info\/wp-content\/uploads\/2019\/03\/IMG_2177.jpg 333w, https:\/\/roztocze24.info\/wp-content\/uploads\/2019\/03\/IMG_2177-200x300.jpg 200w\" sizes=\"auto, (max-width: 333px) 85vw, 333px\" \/><\/p>\n<p>Z czasem opuszczamy szos\u0119. Ten odcinek b\u0119dzie do\u015b\u0107 trudny, pojawi\u0105 si\u0119 bowiem piachy. Poza tym mapa szlaku odbiega tu znacz\u0105co od rzeczywisto\u015bci, trzeba uwa\u017ca\u0107. Docieramy do skraju wsi <strong>Potoki<\/strong>. Tu w lewo, do niewielkiego lasku. Uwaga! Przerwa w znakowaniu. Nasza droga wprowadza w ogrodzenie, trzeba cofn\u0105\u0107 si\u0119 nieco i skr\u0119ci\u0107 w dr\u00f3\u017ck\u0119 przecinaj\u0105c\u0105 lasek. Potem jedziemy wzd\u0142u\u017c niego w lewo i dalej za g\u0142\u00f3wn\u0105 drog\u0105 przez pola.<\/p>\n<p><img loading=\"lazy\" decoding=\"async\" class=\"aligncenter size-full wp-image-5933\" src=\"http:\/\/roztocze24.info\/wp-content\/uploads\/2019\/03\/IMG_2198.jpg\" alt=\"\" width=\"750\" height=\"500\" srcset=\"https:\/\/roztocze24.info\/wp-content\/uploads\/2019\/03\/IMG_2198.jpg 750w, https:\/\/roztocze24.info\/wp-content\/uploads\/2019\/03\/IMG_2198-300x200.jpg 300w\" sizes=\"auto, (max-width: 750px) 85vw, 750px\" \/><\/p>\n<p>Wida\u0107 st\u0105d pierwsz\u0105 na Roztoczu elektrowni\u0119 wiatrow\u0105. Podczas rajdu sta\u0142y tu dwa wiatraki, obecnie jest ich ju\u017c wi\u0119cej.<\/p>\n<p>Docieramy do kamiennej drogi i skr\u0119camy w prawo. Przed nami zabudowania osady D\u0119by. Niebawem zaczyna si\u0119 asfalt, kt\u00f3rym zje\u017cd\u017camy ju\u017c prosto do Lubyczy. Po lewej, w\u015br\u00f3d p\u00f3l, liczne betonowe schrony bojowe Linii Mo\u0142otowa. Przekraczamy krajow\u0105 17-tk\u0119. Przed nami stacja PKP Lubycza Kr\u00f3lewska. St\u0105d zabierze nas z powrotem poci\u0105g. Wojtek wysiada w Be\u0142\u017ccu, a ja pojad\u0119 do D\u0142ugiego K\u0105ta na jeszcze jeden popo\u0142udniowy rajdzik prowadz\u0105cy lasami do Su\u015bca.<\/p>\n<p><em>Wiosna 2005 i wiosna 2007 r.<\/em><\/p>\n<p><a href=\"https:\/\/roztocze24.info\/?page_id=931\">Etap III: Hrebenne &#8211; Lw\u00f3w<\/a><\/p>\n","protected":false},"excerpt":{"rendered":"<p>Be\u0142\u017cec \u2013Lubycza Kr\u00f3lewska \u2013 Teniatyska \u2013 Hrebenne (20 km), lub Lubycza \u2013 Siedliska \u2013 Hrebenne (28 km) Info Etap II szlaku wyznakowano na prze\u0142omie 2004 i 2005 r. Na odcinku Lubycza Kr\u00f3lewska \u2013 Hrebenne pierwotnie jego trasa prowadzi\u0142a przez Teniatyska, a wi\u0119c jedynie skrajem Roztocza Po\u0142udniowego. W 2007 r. przygotowano ciekawszy, ale i trudniejszy, przebieg &hellip; <a href=\"https:\/\/roztocze24.info\/?page_id=889\" class=\"more-link\">Czytaj dalej<span class=\"screen-reader-text\"> \u201eCentralny Szlak Rowerowy Roztocza, Etap II, cz\u0119\u015b\u0107 2: Be\u0142\u017cec \u2013 Hrebenne\u201d<\/span><\/a><\/p>\n","protected":false},"author":1,"featured_media":0,"parent":5846,"menu_order":0,"comment_status":"closed","ping_status":"closed","template":"","meta":{"footnotes":""},"class_list":["post-889","page","type-page","status-publish","hentry"],"_links":{"self":[{"href":"https:\/\/roztocze24.info\/index.php?rest_route=\/wp\/v2\/pages\/889","targetHints":{"allow":["GET"]}}],"collection":[{"href":"https:\/\/roztocze24.info\/index.php?rest_route=\/wp\/v2\/pages"}],"about":[{"href":"https:\/\/roztocze24.info\/index.php?rest_route=\/wp\/v2\/types\/page"}],"author":[{"embeddable":true,"href":"https:\/\/roztocze24.info\/index.php?rest_route=\/wp\/v2\/users\/1"}],"replies":[{"embeddable":true,"href":"https:\/\/roztocze24.info\/index.php?rest_route=%2Fwp%2Fv2%2Fcomments&post=889"}],"version-history":[{"count":6,"href":"https:\/\/roztocze24.info\/index.php?rest_route=\/wp\/v2\/pages\/889\/revisions"}],"predecessor-version":[{"id":6443,"href":"https:\/\/roztocze24.info\/index.php?rest_route=\/wp\/v2\/pages\/889\/revisions\/6443"}],"up":[{"embeddable":true,"href":"https:\/\/roztocze24.info\/index.php?rest_route=\/wp\/v2\/pages\/5846"}],"wp:attachment":[{"href":"https:\/\/roztocze24.info\/index.php?rest_route=%2Fwp%2Fv2%2Fmedia&parent=889"}],"curies":[{"name":"wp","href":"https:\/\/api.w.org\/{rel}","templated":true}]}}