{"id":8919,"date":"2024-05-17T12:51:51","date_gmt":"2024-05-17T10:51:51","guid":{"rendered":"https:\/\/roztocze24.info\/?page_id=8919"},"modified":"2024-06-25T22:54:26","modified_gmt":"2024-06-25T20:54:26","slug":"nowe-wieze-widokowe-na-roztoczu-poludniowym-wschodnim","status":"publish","type":"page","link":"https:\/\/roztocze24.info\/?page_id=8919","title":{"rendered":"Nowe wie\u017ce widokowe na Roztoczu Po\u0142udniowym (Wschodnim)"},"content":{"rendered":"\n<p>Wiosn\u0105 2024 r. otwarto 4 nowe wysokie wie\u017ce widokowe, kt\u00f3re warto odwiedzi\u0107. Znajduj\u0105 si\u0119 one w okolicy Cieszanowa, Borowej G\u00f3ry, Hory\u0144ca i Narola.<\/p>\n\n\n\n<p><strong>Cieszan\u00f3w<\/strong><\/p>\n\n\n\n<p>Lokalizacja: Z Cieszanowa jedziemy w stron\u0119 Nowego Sio\u0142a, wie\u017c\u0119 zobaczymy z lewej strony.<\/p>\n\n\n\n<figure class=\"wp-block-image size-large\"><img loading=\"lazy\" decoding=\"async\" width=\"1024\" height=\"576\" src=\"https:\/\/roztocze24.info\/wp-content\/uploads\/2024\/05\/PXL_20240512_101649883-1024x576.jpg\" alt=\"\" class=\"wp-image-8920\" srcset=\"https:\/\/roztocze24.info\/wp-content\/uploads\/2024\/05\/PXL_20240512_101649883-1024x576.jpg 1024w, https:\/\/roztocze24.info\/wp-content\/uploads\/2024\/05\/PXL_20240512_101649883-300x169.jpg 300w, https:\/\/roztocze24.info\/wp-content\/uploads\/2024\/05\/PXL_20240512_101649883-768x432.jpg 768w, https:\/\/roztocze24.info\/wp-content\/uploads\/2024\/05\/PXL_20240512_101649883-1536x864.jpg 1536w, https:\/\/roztocze24.info\/wp-content\/uploads\/2024\/05\/PXL_20240512_101649883-1200x675.jpg 1200w, https:\/\/roztocze24.info\/wp-content\/uploads\/2024\/05\/PXL_20240512_101649883.jpg 1778w\" sizes=\"auto, (max-width: 709px) 85vw, (max-width: 909px) 67vw, (max-width: 1362px) 62vw, 840px\" \/><\/figure>\n\n\n\n<p><\/p>\n\n\n\n<figure class=\"wp-block-image size-large\"><img loading=\"lazy\" decoding=\"async\" width=\"1024\" height=\"576\" src=\"https:\/\/roztocze24.info\/wp-content\/uploads\/2024\/05\/PXL_20240512_101910157-1024x576.jpg\" alt=\"\" class=\"wp-image-8921\" srcset=\"https:\/\/roztocze24.info\/wp-content\/uploads\/2024\/05\/PXL_20240512_101910157-1024x576.jpg 1024w, https:\/\/roztocze24.info\/wp-content\/uploads\/2024\/05\/PXL_20240512_101910157-300x169.jpg 300w, https:\/\/roztocze24.info\/wp-content\/uploads\/2024\/05\/PXL_20240512_101910157-768x432.jpg 768w, https:\/\/roztocze24.info\/wp-content\/uploads\/2024\/05\/PXL_20240512_101910157-1536x864.jpg 1536w, https:\/\/roztocze24.info\/wp-content\/uploads\/2024\/05\/PXL_20240512_101910157-1200x675.jpg 1200w, https:\/\/roztocze24.info\/wp-content\/uploads\/2024\/05\/PXL_20240512_101910157.jpg 1778w\" sizes=\"auto, (max-width: 709px) 85vw, (max-width: 909px) 67vw, (max-width: 1362px) 62vw, 840px\" \/><\/figure>\n\n\n\n<p><\/p>\n\n\n\n<p><strong>Borowa G\u00f3ra<\/strong><\/p>\n\n\n\n<p>Lokalizacja: dojazd od strony Borowej G\u00f3ry lub Baszni G\u00f3rnej niebieskim szlakiem rowerowym kamienist\u0105 drog\u0105 w\u015br\u00f3d p\u00f3l.<\/p>\n\n\n\n<figure class=\"wp-block-image size-large\"><img loading=\"lazy\" decoding=\"async\" width=\"1024\" height=\"576\" src=\"https:\/\/roztocze24.info\/wp-content\/uploads\/2024\/05\/PXL_20240512_105854194-1024x576.jpg\" alt=\"\" class=\"wp-image-8922\" style=\"object-fit:cover\" srcset=\"https:\/\/roztocze24.info\/wp-content\/uploads\/2024\/05\/PXL_20240512_105854194-1024x576.jpg 1024w, https:\/\/roztocze24.info\/wp-content\/uploads\/2024\/05\/PXL_20240512_105854194-300x169.jpg 300w, https:\/\/roztocze24.info\/wp-content\/uploads\/2024\/05\/PXL_20240512_105854194-768x432.jpg 768w, https:\/\/roztocze24.info\/wp-content\/uploads\/2024\/05\/PXL_20240512_105854194-1536x864.jpg 1536w, https:\/\/roztocze24.info\/wp-content\/uploads\/2024\/05\/PXL_20240512_105854194-1200x675.jpg 1200w, https:\/\/roztocze24.info\/wp-content\/uploads\/2024\/05\/PXL_20240512_105854194.jpg 1778w\" sizes=\"auto, (max-width: 709px) 85vw, (max-width: 909px) 67vw, (max-width: 1362px) 62vw, 840px\" \/><\/figure>\n\n\n\n<p><\/p>\n\n\n\n<figure class=\"wp-block-image size-large\"><img loading=\"lazy\" decoding=\"async\" width=\"1024\" height=\"576\" src=\"https:\/\/roztocze24.info\/wp-content\/uploads\/2024\/05\/PXL_20240512_110107764-1-1024x576.jpg\" alt=\"\" class=\"wp-image-8924\" srcset=\"https:\/\/roztocze24.info\/wp-content\/uploads\/2024\/05\/PXL_20240512_110107764-1-1024x576.jpg 1024w, https:\/\/roztocze24.info\/wp-content\/uploads\/2024\/05\/PXL_20240512_110107764-1-300x169.jpg 300w, https:\/\/roztocze24.info\/wp-content\/uploads\/2024\/05\/PXL_20240512_110107764-1-768x432.jpg 768w, https:\/\/roztocze24.info\/wp-content\/uploads\/2024\/05\/PXL_20240512_110107764-1-1536x864.jpg 1536w, https:\/\/roztocze24.info\/wp-content\/uploads\/2024\/05\/PXL_20240512_110107764-1-1200x675.jpg 1200w, https:\/\/roztocze24.info\/wp-content\/uploads\/2024\/05\/PXL_20240512_110107764-1.jpg 1778w\" sizes=\"auto, (max-width: 709px) 85vw, (max-width: 909px) 67vw, (max-width: 1362px) 62vw, 840px\" \/><\/figure>\n\n\n\n<p><\/p>\n\n\n\n<p><strong>Horyniec Zdr\u00f3j<\/strong><\/p>\n\n\n\n<p>Lokalizacja: na skraju deptaka od strony uzdrowiska.<\/p>\n\n\n\n<figure class=\"wp-block-image size-large\"><img loading=\"lazy\" decoding=\"async\" width=\"1024\" height=\"576\" src=\"https:\/\/roztocze24.info\/wp-content\/uploads\/2024\/05\/PXL_20240512_114116533-1024x576.jpg\" alt=\"\" class=\"wp-image-8925\" srcset=\"https:\/\/roztocze24.info\/wp-content\/uploads\/2024\/05\/PXL_20240512_114116533-1024x576.jpg 1024w, https:\/\/roztocze24.info\/wp-content\/uploads\/2024\/05\/PXL_20240512_114116533-300x169.jpg 300w, https:\/\/roztocze24.info\/wp-content\/uploads\/2024\/05\/PXL_20240512_114116533-768x432.jpg 768w, https:\/\/roztocze24.info\/wp-content\/uploads\/2024\/05\/PXL_20240512_114116533-1536x864.jpg 1536w, https:\/\/roztocze24.info\/wp-content\/uploads\/2024\/05\/PXL_20240512_114116533-1200x675.jpg 1200w, https:\/\/roztocze24.info\/wp-content\/uploads\/2024\/05\/PXL_20240512_114116533.jpg 1778w\" sizes=\"auto, (max-width: 709px) 85vw, (max-width: 909px) 67vw, (max-width: 1362px) 62vw, 840px\" \/><\/figure>\n\n\n\n<p><\/p>\n\n\n\n<figure class=\"wp-block-image size-large\"><img loading=\"lazy\" decoding=\"async\" width=\"1024\" height=\"576\" src=\"https:\/\/roztocze24.info\/wp-content\/uploads\/2024\/05\/PXL_20240512_114508104-1024x576.jpg\" alt=\"\" class=\"wp-image-8926\" style=\"object-fit:cover\" srcset=\"https:\/\/roztocze24.info\/wp-content\/uploads\/2024\/05\/PXL_20240512_114508104-1024x576.jpg 1024w, https:\/\/roztocze24.info\/wp-content\/uploads\/2024\/05\/PXL_20240512_114508104-300x169.jpg 300w, https:\/\/roztocze24.info\/wp-content\/uploads\/2024\/05\/PXL_20240512_114508104-768x432.jpg 768w, https:\/\/roztocze24.info\/wp-content\/uploads\/2024\/05\/PXL_20240512_114508104-1536x864.jpg 1536w, https:\/\/roztocze24.info\/wp-content\/uploads\/2024\/05\/PXL_20240512_114508104-1200x675.jpg 1200w, https:\/\/roztocze24.info\/wp-content\/uploads\/2024\/05\/PXL_20240512_114508104.jpg 1778w\" sizes=\"auto, (max-width: 709px) 85vw, (max-width: 909px) 67vw, (max-width: 1362px) 62vw, 840px\" \/><\/figure>\n\n\n\n<p><\/p>\n\n\n\n<p><strong>Narol<\/strong><\/p>\n\n\n\n<p>Lokalizacja: Z Narola wyruszamy za szos\u0105 w kierunku Lubaczowa, zaraz za mostem na Tanwi skr\u0119camy w lewo w ul. Targow\u0105, a nast\u0119pnie kierunek do wie\u017cy wska\u017ce tabliczka kierunkowa. <\/p>\n\n\n\n<figure class=\"wp-block-image size-large\"><img loading=\"lazy\" decoding=\"async\" width=\"1024\" height=\"576\" src=\"https:\/\/roztocze24.info\/wp-content\/uploads\/2024\/05\/PXL_20240512_160408318-1024x576.jpg\" alt=\"\" class=\"wp-image-8927\" srcset=\"https:\/\/roztocze24.info\/wp-content\/uploads\/2024\/05\/PXL_20240512_160408318-1024x576.jpg 1024w, https:\/\/roztocze24.info\/wp-content\/uploads\/2024\/05\/PXL_20240512_160408318-300x169.jpg 300w, https:\/\/roztocze24.info\/wp-content\/uploads\/2024\/05\/PXL_20240512_160408318-768x432.jpg 768w, https:\/\/roztocze24.info\/wp-content\/uploads\/2024\/05\/PXL_20240512_160408318-1536x864.jpg 1536w, https:\/\/roztocze24.info\/wp-content\/uploads\/2024\/05\/PXL_20240512_160408318-1200x675.jpg 1200w, https:\/\/roztocze24.info\/wp-content\/uploads\/2024\/05\/PXL_20240512_160408318.jpg 1778w\" sizes=\"auto, (max-width: 709px) 85vw, (max-width: 909px) 67vw, (max-width: 1362px) 62vw, 840px\" \/><\/figure>\n\n\n\n<p><\/p>\n\n\n\n<p>Ta wie\u017ca moim zdaniem ma najciekawsze widoki. Zobaczymy z niej m.in. Wielki Dzia\u0142 (na zdj\u0119ciu poni\u017cej) i Goraje.<\/p>\n\n\n\n<figure class=\"wp-block-image size-large\"><img loading=\"lazy\" decoding=\"async\" width=\"1024\" height=\"576\" src=\"https:\/\/roztocze24.info\/wp-content\/uploads\/2024\/05\/PXL_20240512_161043699-1024x576.jpg\" alt=\"\" class=\"wp-image-8929\" srcset=\"https:\/\/roztocze24.info\/wp-content\/uploads\/2024\/05\/PXL_20240512_161043699-1024x576.jpg 1024w, https:\/\/roztocze24.info\/wp-content\/uploads\/2024\/05\/PXL_20240512_161043699-300x169.jpg 300w, https:\/\/roztocze24.info\/wp-content\/uploads\/2024\/05\/PXL_20240512_161043699-768x432.jpg 768w, https:\/\/roztocze24.info\/wp-content\/uploads\/2024\/05\/PXL_20240512_161043699-1536x864.jpg 1536w, https:\/\/roztocze24.info\/wp-content\/uploads\/2024\/05\/PXL_20240512_161043699-1200x675.jpg 1200w, https:\/\/roztocze24.info\/wp-content\/uploads\/2024\/05\/PXL_20240512_161043699.jpg 1778w\" sizes=\"auto, (max-width: 709px) 85vw, (max-width: 909px) 67vw, (max-width: 1362px) 62vw, 840px\" \/><\/figure>\n\n\n\n<p><\/p>\n\n\n\n<p><strong>Jest jeszcze ciekawa wie\u017ca widokowa w obserwatorium astronomicznym Tymce<\/strong>. To zaadaptowana dawna kolejowa wie\u017ca ci\u015bnie\u0144 i temat na inn\u0105 opowie\u015b\u0107.<\/p>\n\n\n\n<p><em>Maj 2024<\/em>, update czerwiec 2024<\/p>\n","protected":false},"excerpt":{"rendered":"<p>Wiosn\u0105 2024 r. otwarto 4 nowe wysokie wie\u017ce widokowe, kt\u00f3re warto odwiedzi\u0107. Znajduj\u0105 si\u0119 one w okolicy Cieszanowa, Borowej G\u00f3ry, Hory\u0144ca i Narola. Cieszan\u00f3w Lokalizacja: Z Cieszanowa jedziemy w stron\u0119 Nowego Sio\u0142a, wie\u017c\u0119 zobaczymy z lewej strony. Borowa G\u00f3ra Lokalizacja: dojazd od strony Borowej G\u00f3ry lub Baszni G\u00f3rnej niebieskim szlakiem rowerowym kamienist\u0105 drog\u0105 w\u015br\u00f3d p\u00f3l. &hellip; <a href=\"https:\/\/roztocze24.info\/?page_id=8919\" class=\"more-link\">Czytaj dalej<span class=\"screen-reader-text\"> \u201eNowe wie\u017ce widokowe na Roztoczu Po\u0142udniowym (Wschodnim)\u201d<\/span><\/a><\/p>\n","protected":false},"author":1,"featured_media":0,"parent":883,"menu_order":0,"comment_status":"closed","ping_status":"closed","template":"","meta":{"footnotes":""},"class_list":["post-8919","page","type-page","status-publish","hentry"],"_links":{"self":[{"href":"https:\/\/roztocze24.info\/index.php?rest_route=\/wp\/v2\/pages\/8919","targetHints":{"allow":["GET"]}}],"collection":[{"href":"https:\/\/roztocze24.info\/index.php?rest_route=\/wp\/v2\/pages"}],"about":[{"href":"https:\/\/roztocze24.info\/index.php?rest_route=\/wp\/v2\/types\/page"}],"author":[{"embeddable":true,"href":"https:\/\/roztocze24.info\/index.php?rest_route=\/wp\/v2\/users\/1"}],"replies":[{"embeddable":true,"href":"https:\/\/roztocze24.info\/index.php?rest_route=%2Fwp%2Fv2%2Fcomments&post=8919"}],"version-history":[{"count":7,"href":"https:\/\/roztocze24.info\/index.php?rest_route=\/wp\/v2\/pages\/8919\/revisions"}],"predecessor-version":[{"id":8981,"href":"https:\/\/roztocze24.info\/index.php?rest_route=\/wp\/v2\/pages\/8919\/revisions\/8981"}],"up":[{"embeddable":true,"href":"https:\/\/roztocze24.info\/index.php?rest_route=\/wp\/v2\/pages\/883"}],"wp:attachment":[{"href":"https:\/\/roztocze24.info\/index.php?rest_route=%2Fwp%2Fv2%2Fmedia&parent=8919"}],"curies":[{"name":"wp","href":"https:\/\/api.w.org\/{rel}","templated":true}]}}