{"id":892,"date":"2016-02-20T19:20:34","date_gmt":"2016-02-20T19:20:34","guid":{"rendered":"http:\/\/roztocze24.info\/turysta-2\/poludniowe\/roztocze_jaskinia_dachany\/"},"modified":"2019-03-27T21:27:56","modified_gmt":"2019-03-27T20:27:56","slug":"roztocze_jaskinia_dachany","status":"publish","type":"page","link":"https:\/\/roztocze24.info\/?page_id=892","title":{"rendered":"Jaskinia w Dachanach (jaskinia Pra\u0142asanta)"},"content":{"rendered":"<p>Okolice Werchraty s\u0105 wr\u0119cz magiczne, ci\u0105gle mo\u017cna tu odnale\u017a\u0107 co\u015b nowego i ciekawego. Na wiosn\u0119 2003 r. koledzy Pra\u0142asant i M\u0142ody podali informacj\u0119 o samodzielnym znalezieniu groty. Obiekt znajduje si\u0119 w kamiennym pa\u015bmie wyrobisk dawnych kamienio\u0142om\u00f3w rozci\u0105gaj\u0105cym si\u0119 na p\u0142n. od szosy Wola Wielka \u2013 Werchrata, pomi\u0119dzy G\u00f3rnikami a Monastyrem.<\/p>\n<p>Najpierw jeden z Diabelskich Kamieni, znajduj\u0105cy si\u0119 u st\u00f3p wzg\u00f3rza pe\u0142nego skalnych niespodzianek.<\/p>\n<p class=\"center\"><img loading=\"lazy\" decoding=\"async\" class=\"aligncenter size-full wp-image-5663\" src=\"http:\/\/roztocze24.info\/wp-content\/uploads\/2019\/03\/JASKIN0.jpg\" alt=\"\" width=\"495\" height=\"320\" srcset=\"https:\/\/roztocze24.info\/wp-content\/uploads\/2019\/03\/JASKIN0.jpg 495w, https:\/\/roztocze24.info\/wp-content\/uploads\/2019\/03\/JASKIN0-300x194.jpg 300w\" sizes=\"auto, (max-width: 495px) 85vw, 495px\" \/><\/p>\n<p>W\u015br\u00f3d nich jest poszukiwana jaskinia.<\/p>\n<p class=\"center\"><img loading=\"lazy\" decoding=\"async\" class=\"aligncenter size-full wp-image-4503\" src=\"http:\/\/roztocze24.info\/wp-content\/uploads\/2019\/03\/JASKIN4.jpg\" alt=\"\" width=\"489\" height=\"320\" srcset=\"https:\/\/roztocze24.info\/wp-content\/uploads\/2019\/03\/JASKIN4.jpg 489w, https:\/\/roztocze24.info\/wp-content\/uploads\/2019\/03\/JASKIN4-300x196.jpg 300w\" sizes=\"auto, (max-width: 489px) 85vw, 489px\" \/><\/p>\n<p class=\"center\"><img loading=\"lazy\" decoding=\"async\" class=\"aligncenter size-full wp-image-5664\" src=\"http:\/\/roztocze24.info\/wp-content\/uploads\/2019\/03\/JASKIN10.jpg\" alt=\"\" width=\"489\" height=\"320\" srcset=\"https:\/\/roztocze24.info\/wp-content\/uploads\/2019\/03\/JASKIN10.jpg 489w, https:\/\/roztocze24.info\/wp-content\/uploads\/2019\/03\/JASKIN10-300x196.jpg 300w\" sizes=\"auto, (max-width: 489px) 85vw, 489px\" \/><\/p>\n<p><img loading=\"lazy\" decoding=\"async\" class=\"aligncenter size-full wp-image-5665\" src=\"http:\/\/roztocze24.info\/wp-content\/uploads\/2019\/03\/JASKIN11.jpg\" alt=\"\" width=\"490\" height=\"320\" srcset=\"https:\/\/roztocze24.info\/wp-content\/uploads\/2019\/03\/JASKIN11.jpg 490w, https:\/\/roztocze24.info\/wp-content\/uploads\/2019\/03\/JASKIN11-300x196.jpg 300w\" sizes=\"auto, (max-width: 490px) 85vw, 490px\" \/><\/p>\n<p><em>Wiosna 2003 r.<\/em><\/p>\n","protected":false},"excerpt":{"rendered":"<p>Okolice Werchraty s\u0105 wr\u0119cz magiczne, ci\u0105gle mo\u017cna tu odnale\u017a\u0107 co\u015b nowego i ciekawego. Na wiosn\u0119 2003 r. koledzy Pra\u0142asant i M\u0142ody podali informacj\u0119 o samodzielnym znalezieniu groty. Obiekt znajduje si\u0119 w kamiennym pa\u015bmie wyrobisk dawnych kamienio\u0142om\u00f3w rozci\u0105gaj\u0105cym si\u0119 na p\u0142n. od szosy Wola Wielka \u2013 Werchrata, pomi\u0119dzy G\u00f3rnikami a Monastyrem. Najpierw jeden z Diabelskich Kamieni, &hellip; <a href=\"https:\/\/roztocze24.info\/?page_id=892\" class=\"more-link\">Czytaj dalej<span class=\"screen-reader-text\"> \u201eJaskinia w Dachanach (jaskinia Pra\u0142asanta)\u201d<\/span><\/a><\/p>\n","protected":false},"author":1,"featured_media":0,"parent":883,"menu_order":0,"comment_status":"closed","ping_status":"closed","template":"","meta":{"footnotes":""},"class_list":["post-892","page","type-page","status-publish","hentry"],"_links":{"self":[{"href":"https:\/\/roztocze24.info\/index.php?rest_route=\/wp\/v2\/pages\/892","targetHints":{"allow":["GET"]}}],"collection":[{"href":"https:\/\/roztocze24.info\/index.php?rest_route=\/wp\/v2\/pages"}],"about":[{"href":"https:\/\/roztocze24.info\/index.php?rest_route=\/wp\/v2\/types\/page"}],"author":[{"embeddable":true,"href":"https:\/\/roztocze24.info\/index.php?rest_route=\/wp\/v2\/users\/1"}],"replies":[{"embeddable":true,"href":"https:\/\/roztocze24.info\/index.php?rest_route=%2Fwp%2Fv2%2Fcomments&post=892"}],"version-history":[{"count":1,"href":"https:\/\/roztocze24.info\/index.php?rest_route=\/wp\/v2\/pages\/892\/revisions"}],"predecessor-version":[{"id":5666,"href":"https:\/\/roztocze24.info\/index.php?rest_route=\/wp\/v2\/pages\/892\/revisions\/5666"}],"up":[{"embeddable":true,"href":"https:\/\/roztocze24.info\/index.php?rest_route=\/wp\/v2\/pages\/883"}],"wp:attachment":[{"href":"https:\/\/roztocze24.info\/index.php?rest_route=%2Fwp%2Fv2%2Fmedia&parent=892"}],"curies":[{"name":"wp","href":"https:\/\/api.w.org\/{rel}","templated":true}]}}