{"id":893,"date":"2016-02-20T19:20:34","date_gmt":"2016-02-20T19:20:34","guid":{"rendered":"http:\/\/roztocze24.info\/turysta-2\/poludniowe\/roztocze_jaskinia_przyjaciol\/"},"modified":"2019-03-27T18:32:09","modified_gmt":"2019-03-27T17:32:09","slug":"roztocze_jaskinia_przyjaciol","status":"publish","type":"page","link":"https:\/\/roztocze24.info\/?page_id=893","title":{"rendered":"Skalny w\u0105w\u00f3z i Jaskinia Przyjaci\u00f3\u0142"},"content":{"rendered":"<p><strong>Wyprawa I<\/strong><\/p>\n<p>W pa\u017adzierniku 2006 r. znalaz\u0142em wreszcie czas (sk\u0142ad: Zdzichu i ja) na planowan\u0105 od dawna wypraw\u0119 prowadz\u0105c\u0105 w\u0105wozami znajduj\u0105cymi si\u0119 na po\u0142udniowych stokach g\u00f3ry Brusno. Motywacj\u0105 specjaln\u0105 by\u0142a informacja o znajduj\u0105cej si\u0119 tu jaskini, otrzymana od przyjaci\u00f3\u0142. To zarazem bodaj najciekawsza grupa w\u0105woz\u00f3w Roztocza Po\u0142udniowego, a to z racji obecno\u015bci du\u017cej ilo\u015bci ska\u0142ek.<\/p>\n<p class=\"center\"><img loading=\"lazy\" decoding=\"async\" class=\"aligncenter size-full wp-image-5576\" src=\"http:\/\/roztocze24.info\/wp-content\/uploads\/2019\/03\/P1010830.jpg\" alt=\"\" width=\"748\" height=\"500\" srcset=\"https:\/\/roztocze24.info\/wp-content\/uploads\/2019\/03\/P1010830.jpg 748w, https:\/\/roztocze24.info\/wp-content\/uploads\/2019\/03\/P1010830-300x201.jpg 300w\" sizes=\"auto, (max-width: 748px) 85vw, 748px\" \/><\/p>\n<p>Wchodzimy do w\u0105wozu.<\/p>\n<p><img loading=\"lazy\" decoding=\"async\" class=\"aligncenter size-full wp-image-5577\" src=\"http:\/\/roztocze24.info\/wp-content\/uploads\/2019\/03\/P1010820.jpg\" alt=\"\" width=\"748\" height=\"500\" srcset=\"https:\/\/roztocze24.info\/wp-content\/uploads\/2019\/03\/P1010820.jpg 748w, https:\/\/roztocze24.info\/wp-content\/uploads\/2019\/03\/P1010820-300x201.jpg 300w\" sizes=\"auto, (max-width: 748px) 85vw, 748px\" \/><\/p>\n<p>Oto niewielka bezimienna jaskinia.<\/p>\n<p><img loading=\"lazy\" decoding=\"async\" class=\"aligncenter size-full wp-image-5578\" src=\"http:\/\/roztocze24.info\/wp-content\/uploads\/2019\/03\/P1010801.jpg\" alt=\"\" width=\"748\" height=\"500\" srcset=\"https:\/\/roztocze24.info\/wp-content\/uploads\/2019\/03\/P1010801.jpg 748w, https:\/\/roztocze24.info\/wp-content\/uploads\/2019\/03\/P1010801-300x201.jpg 300w\" sizes=\"auto, (max-width: 748px) 85vw, 748px\" \/><\/p>\n<p>W tej cz\u0119\u015bci w\u0105woz\u00f3w ska\u0142y s\u0105 niemal wsz\u0119dzie!<\/p>\n<p><img loading=\"lazy\" decoding=\"async\" class=\"aligncenter size-full wp-image-5579\" src=\"http:\/\/roztocze24.info\/wp-content\/uploads\/2019\/03\/P1010800.jpg\" alt=\"\" width=\"748\" height=\"500\" srcset=\"https:\/\/roztocze24.info\/wp-content\/uploads\/2019\/03\/P1010800.jpg 748w, https:\/\/roztocze24.info\/wp-content\/uploads\/2019\/03\/P1010800-300x201.jpg 300w\" sizes=\"auto, (max-width: 748px) 85vw, 748px\" \/><\/p>\n<p class=\"center\">W ko\u0144cu jest jaskinia! D\u0142uga na 6 metr\u00f3w i g\u0142\u0119boka na 1,5 m. Lokalizacj\u0119 tego obiektu zawdzi\u0119czam niezale\u017cnym roztocza\u0144skim pasjonatom, kt\u00f3rzy zaproponowali dla niej nazw\u0119 <strong>Jaskinia Przyjaci\u00f3\u0142.<\/strong><\/p>\n<p class=\"center\"><img loading=\"lazy\" decoding=\"async\" class=\"aligncenter size-full wp-image-4504\" src=\"http:\/\/roztocze24.info\/wp-content\/uploads\/2019\/03\/P1010805-Przyjaciol.jpg\" alt=\"\" width=\"748\" height=\"500\" srcset=\"https:\/\/roztocze24.info\/wp-content\/uploads\/2019\/03\/P1010805-Przyjaciol.jpg 748w, https:\/\/roztocze24.info\/wp-content\/uploads\/2019\/03\/P1010805-Przyjaciol-300x201.jpg 300w\" sizes=\"auto, (max-width: 748px) 85vw, 748px\" \/><\/p>\n<p>Mo\u017cna w niej spokojnie schroni\u0107 si\u0119 przed deszczem. Ma\u0142o brakowa\u0142o, a przetestowaliby\u015bmy to osobi\u015bcie, bowiem nadci\u0105gn\u0119\u0142a bardzo ciemna chmura, kt\u00f3rej towarzyszy\u0142\u00a0 zimny i przenikliwy silny wiatr . Przyspieszamy kroku i zmierzamy do szosy prowadz\u0105cej do Nowin Horynieckich. Chmura w mi\u0119dzyczasie szcz\u0119\u015bliwie si\u0119 rozprasza, a nasz rajd dobiega niestety ko\u0144ca. Na pocieszenie pozostaje s\u0142o\u0144ce!<\/p>\n<p><strong>Wyprawa II<\/strong><\/p>\n<p>Jaskinia Przyjaci\u00f3\u0142 okaza\u0142a si\u0119 by\u0107 pocz\u0105tkiem wi\u0119kszej przygody. Kilka dni potem tury\u015bci z GTR-u odnale\u017ali w pobli\u017cu kolejn\u0105 jaskini\u0119 (Chmieln\u0105, po\u015bwi\u0119cam jej oddzieln\u0105 stron\u0119). Tymczasem do skalnego w\u0105wozu po\u0142o\u017conego na po\u0142udniowych stokach g\u00f3ry Brusno powr\u00f3cili\u015bmy ju\u017c miesi\u0105c p\u00f3\u017aniej w sk\u0142adzie: Zdzichu, Wojtek i ja (internetowa Grupa Turystyczna Roztocze).\u00a0 Oto pierwsza z napotkanych ska\u0142ek i.<\/p>\n<p><img loading=\"lazy\" decoding=\"async\" class=\"aligncenter size-full wp-image-5580\" src=\"http:\/\/roztocze24.info\/wp-content\/uploads\/2019\/03\/P1020080.jpg\" alt=\"\" width=\"748\" height=\"500\" srcset=\"https:\/\/roztocze24.info\/wp-content\/uploads\/2019\/03\/P1020080.jpg 748w, https:\/\/roztocze24.info\/wp-content\/uploads\/2019\/03\/P1020080-300x201.jpg 300w\" sizes=\"auto, (max-width: 748px) 85vw, 748px\" \/><\/p>\n<p>Dalej na zach. ska\u0142 jest chwilowo mniej. Ale za to jaka niesamowita rze\u017aba terenu!<\/p>\n<p class=\"center\"><img loading=\"lazy\" decoding=\"async\" class=\"aligncenter size-full wp-image-5582\" src=\"http:\/\/roztocze24.info\/wp-content\/uploads\/2019\/03\/P1020094.jpg\" alt=\"\" width=\"748\" height=\"500\" srcset=\"https:\/\/roztocze24.info\/wp-content\/uploads\/2019\/03\/P1020094.jpg 748w, https:\/\/roztocze24.info\/wp-content\/uploads\/2019\/03\/P1020094-300x201.jpg 300w\" sizes=\"auto, (max-width: 748px) 85vw, 748px\" \/><\/p>\n<p>Idziemy g\u00f3r\u0105, w dole jest bardzo bagni\u015bcie. Za zakr\u0119tem niespodziewanie s\u0142yszymy charakterystyczny szum. Czy\u017cby by\u0142 tu gdzie\u015b wodospad? Schodzimy w d\u00f3\u0142.\u00a0 Faktycznie, jest tu malutki wodospadzik! \u0141atwo go przeoczy\u0107, jest on bowiem ukryty w\u015br\u00f3d powalonych drzew.<\/p>\n<p class=\"center\"><img loading=\"lazy\" decoding=\"async\" class=\"aligncenter size-full wp-image-5583\" src=\"http:\/\/roztocze24.info\/wp-content\/uploads\/2019\/03\/P1020099.jpg\" alt=\"\" width=\"748\" height=\"500\" srcset=\"https:\/\/roztocze24.info\/wp-content\/uploads\/2019\/03\/P1020099.jpg 748w, https:\/\/roztocze24.info\/wp-content\/uploads\/2019\/03\/P1020099-300x201.jpg 300w\" sizes=\"auto, (max-width: 748px) 85vw, 748px\" \/><\/p>\n<p>Za nim ska\u0142 ponownie wi\u0119cej, a w nich kolejne dziury. W\u0105wozy po\u0142o\u017cone na po\u0142udniowych stokach g\u00f3ry Brusno to prawdziwe roztocza\u0144skie <em>zag\u0142\u0119bie<\/em> jaskiniowe!<\/p>\n<p class=\"center\"><img loading=\"lazy\" decoding=\"async\" class=\"aligncenter size-full wp-image-5584\" src=\"http:\/\/roztocze24.info\/wp-content\/uploads\/2019\/03\/P1020102.jpg\" alt=\"\" width=\"748\" height=\"500\" srcset=\"https:\/\/roztocze24.info\/wp-content\/uploads\/2019\/03\/P1020102.jpg 748w, https:\/\/roztocze24.info\/wp-content\/uploads\/2019\/03\/P1020102-300x201.jpg 300w\" sizes=\"auto, (max-width: 748px) 85vw, 748px\" \/><\/p>\n<p>W mi\u0119dzyczasie robi si\u0119 do\u015b\u0107 p\u00f3\u017ano, w grudniu dzie\u0144 niestety jest bardzo kr\u00f3tki. Wychodzimy na poblisk\u0105 le\u015bn\u0105 drog\u0119 z Brusna do Werchraty. W pobli\u017cu s\u0105 kamienio\u0142omy, obowi\u0105zkowo trzeba do nich zajrze\u0107, tym bardziej, \u017ce ciekawe grupy ska\u0142ek odnajdziemy tu tak\u017ce poza g\u0142\u00f3wnymi wyrobiskami.<\/p>\n<p class=\"center\"><img loading=\"lazy\" decoding=\"async\" class=\"aligncenter size-full wp-image-5585\" src=\"http:\/\/roztocze24.info\/wp-content\/uploads\/2019\/03\/P1020112.jpg\" alt=\"\" width=\"748\" height=\"500\" srcset=\"https:\/\/roztocze24.info\/wp-content\/uploads\/2019\/03\/P1020112.jpg 748w, https:\/\/roztocze24.info\/wp-content\/uploads\/2019\/03\/P1020112-300x201.jpg 300w\" sizes=\"auto, (max-width: 748px) 85vw, 748px\" \/><\/p>\n<p>Powracamy na le\u015bn\u0105 drog\u0119, przed nami przyjemny <em>kolorowy<\/em> zach\u00f3d s\u0142o\u0144ca. To ju\u017c niestety koniec wyprawy. Niebawem zapadnie zmrok.<\/p>\n<p>Update. W 2017 r. okaza\u0142o si\u0119, \u017ce w pobli\u017cu jest jeszcze <strong>Jaskinia Koleg\u00f3w ze schroniskiem Kole\u017canek.<\/strong><\/p>\n<p><img loading=\"lazy\" decoding=\"async\" class=\"aligncenter size-full wp-image-5572\" src=\"http:\/\/roztocze24.info\/wp-content\/uploads\/2019\/03\/IMG_6546-Jaskinia-Kolegow.jpg\" alt=\"\" width=\"750\" height=\"500\" srcset=\"https:\/\/roztocze24.info\/wp-content\/uploads\/2019\/03\/IMG_6546-Jaskinia-Kolegow.jpg 750w, https:\/\/roztocze24.info\/wp-content\/uploads\/2019\/03\/IMG_6546-Jaskinia-Kolegow-300x200.jpg 300w\" sizes=\"auto, (max-width: 750px) 85vw, 750px\" \/><\/p>\n<p><em>Pa\u017adziernik\/grudzie\u0144 2006<\/em><\/p>\n","protected":false},"excerpt":{"rendered":"<p>Wyprawa I W pa\u017adzierniku 2006 r. znalaz\u0142em wreszcie czas (sk\u0142ad: Zdzichu i ja) na planowan\u0105 od dawna wypraw\u0119 prowadz\u0105c\u0105 w\u0105wozami znajduj\u0105cymi si\u0119 na po\u0142udniowych stokach g\u00f3ry Brusno. Motywacj\u0105 specjaln\u0105 by\u0142a informacja o znajduj\u0105cej si\u0119 tu jaskini, otrzymana od przyjaci\u00f3\u0142. To zarazem bodaj najciekawsza grupa w\u0105woz\u00f3w Roztocza Po\u0142udniowego, a to z racji obecno\u015bci du\u017cej ilo\u015bci ska\u0142ek. &hellip; <a href=\"https:\/\/roztocze24.info\/?page_id=893\" class=\"more-link\">Czytaj dalej<span class=\"screen-reader-text\"> \u201eSkalny w\u0105w\u00f3z i Jaskinia Przyjaci\u00f3\u0142\u201d<\/span><\/a><\/p>\n","protected":false},"author":1,"featured_media":0,"parent":883,"menu_order":0,"comment_status":"closed","ping_status":"closed","template":"","meta":{"footnotes":""},"class_list":["post-893","page","type-page","status-publish","hentry"],"_links":{"self":[{"href":"https:\/\/roztocze24.info\/index.php?rest_route=\/wp\/v2\/pages\/893","targetHints":{"allow":["GET"]}}],"collection":[{"href":"https:\/\/roztocze24.info\/index.php?rest_route=\/wp\/v2\/pages"}],"about":[{"href":"https:\/\/roztocze24.info\/index.php?rest_route=\/wp\/v2\/types\/page"}],"author":[{"embeddable":true,"href":"https:\/\/roztocze24.info\/index.php?rest_route=\/wp\/v2\/users\/1"}],"replies":[{"embeddable":true,"href":"https:\/\/roztocze24.info\/index.php?rest_route=%2Fwp%2Fv2%2Fcomments&post=893"}],"version-history":[{"count":3,"href":"https:\/\/roztocze24.info\/index.php?rest_route=\/wp\/v2\/pages\/893\/revisions"}],"predecessor-version":[{"id":5591,"href":"https:\/\/roztocze24.info\/index.php?rest_route=\/wp\/v2\/pages\/893\/revisions\/5591"}],"up":[{"embeddable":true,"href":"https:\/\/roztocze24.info\/index.php?rest_route=\/wp\/v2\/pages\/883"}],"wp:attachment":[{"href":"https:\/\/roztocze24.info\/index.php?rest_route=%2Fwp%2Fv2%2Fmedia&parent=893"}],"curies":[{"name":"wp","href":"https:\/\/api.w.org\/{rel}","templated":true}]}}