{"id":897,"date":"2016-02-20T19:20:34","date_gmt":"2016-02-20T19:20:34","guid":{"rendered":"http:\/\/roztocze24.info\/turysta-2\/srodkowe\/roztocze_belfont\/"},"modified":"2019-03-26T22:23:46","modified_gmt":"2019-03-26T21:23:46","slug":"roztocze_belfont","status":"publish","type":"page","link":"https:\/\/roztocze24.info\/?page_id=897","title":{"rendered":"Uroczysko Belfont ko\u0142o Krasnobrodu"},"content":{"rendered":"<p>W Krasnobrodzie wyznakowano na prze\u0142omie 2004 i 2005 r. kilka nowych \u015bcie\u017cek spacerowych. W\u015br\u00f3d nich szczeg\u00f3lnie interesuj\u0105ca wydaje si\u0119 by\u0107 trasa prowadz\u0105ca do uroczyska Belfont, gdzie \u2013 wed\u0142ug starych przekaz\u00f3w \u2013 mieli spotyka\u0107 si\u0119 Marysie\u0144ka (w\u00f3wczas jeszcze Zamoyska) i Jan Sobieski (w\u00f3wczas jeszcze bynajmniej nie kr\u00f3l).<\/p>\n<p>\u015acie\u017cka, znakowana jest kolorem <em>czarnym<\/em>, zaczyna si\u0119 przy szkole w Kacz\u00f3rkach. Warto zobaczy\u0107 znajduj\u0105cy przed ni\u0105 mini ogr\u00f3d-botaniczny.<\/p>\n<p>Zaczynamy w\u0142a\u015bciw\u0105 w\u0119dr\u00f3wk\u0119. Przyjemna \u015bcie\u017cka wprowadza nas do sosnowego lasu. Nieco dalej szlak staje si\u0119 mniej wygodny, bowiem wchodzimy w pokrzywy, latem si\u0119gaj\u0105ce po pas. Wiosn\u0105 jest pewnie lepiej\u2026. Najwi\u0119ksze wra\u017cenie zapewne wywiera\u0107 b\u0119d\u0105 one na rowerzystach, na szcz\u0119\u015bcie ja by\u0142em tam pieszo. W ka\u017cdym razie <em>k\u0105piel pokrzywowa<\/em> pono\u0107 wp\u0142ywa zbawiennie na zdrowie.<\/p>\n<p class=\"center\"><img loading=\"lazy\" decoding=\"async\" class=\"aligncenter size-full wp-image-5468\" src=\"http:\/\/roztocze24.info\/wp-content\/uploads\/2019\/03\/BELFONT1.jpg\" alt=\"\" width=\"485\" height=\"320\" srcset=\"https:\/\/roztocze24.info\/wp-content\/uploads\/2019\/03\/BELFONT1.jpg 485w, https:\/\/roztocze24.info\/wp-content\/uploads\/2019\/03\/BELFONT1-300x198.jpg 300w\" sizes=\"auto, (max-width: 485px) 85vw, 485px\" \/><\/p>\n<p>Jeszcze chwila i trafiam na k\u0142adk\u0119 z pni, kt\u00f3ra przeprowadza nad wodami pobliskiego potoczka. Autorzy \u015bcie\u017cki informuj\u0105, \u017ce w pobli\u017cu znajduje si\u0119 \u017ceremie bobrowe. Mo\u017cna poprzesta\u0107 na tej informacji, lub te\u017c spr\u00f3bowa\u0107 je odnale\u017a\u0107 \u2013 prosz\u0119 tylko zachowywa\u0107 si\u0119 spokojnie i nie denerwowa\u0107 bobr\u00f3w. Do \u017ceremia mo\u017cna dosta\u0107 si\u0119 przechodz\u0105c w\u015br\u00f3d pokrzyw, lub w\u0119druj\u0105c dnem strumyka. Wybieram t\u0119 drug\u0105 opcj\u0119. Woda zimna, ale pokrzyw wszak tu nie ma. Je\u017celi chodzi o \u017ceremie, to nie nale\u017cy ono wprawdzie do tych najwi\u0119kszych, ale te\u017c jest interesuj\u0105ce. \u017beremia same w sobie to wszak jedne z najbardziej niesamowitych konstrukcji, jakie potrafi\u0105 by\u0107 wzniesione przez <em>si\u0142y przyrody<\/em>, a nie cz\u0142owieka. Poza tym maszerowanie po ch\u0142odnej wodzie bez w\u0105tpienia o\u017cywia. Gorzej, gdy chcemy zrobi\u0107 zdj\u0119cia, bo wtedy latem pojawiaj\u0105 si\u0119 chmary komar\u00f3w. Takie \u017cycie.<\/p>\n<p class=\"center\"><img loading=\"lazy\" decoding=\"async\" class=\"aligncenter size-full wp-image-5469\" src=\"http:\/\/roztocze24.info\/wp-content\/uploads\/2019\/03\/BELFONT2.jpg\" alt=\"\" width=\"483\" height=\"320\" srcset=\"https:\/\/roztocze24.info\/wp-content\/uploads\/2019\/03\/BELFONT2.jpg 483w, https:\/\/roztocze24.info\/wp-content\/uploads\/2019\/03\/BELFONT2-300x199.jpg 300w\" sizes=\"auto, (max-width: 483px) 85vw, 483px\" \/><\/p>\n<p class=\"center\"><img loading=\"lazy\" decoding=\"async\" class=\"aligncenter size-full wp-image-5470\" src=\"http:\/\/roztocze24.info\/wp-content\/uploads\/2019\/03\/BELFONT3.jpg\" alt=\"\" width=\"485\" height=\"320\" srcset=\"https:\/\/roztocze24.info\/wp-content\/uploads\/2019\/03\/BELFONT3.jpg 485w, https:\/\/roztocze24.info\/wp-content\/uploads\/2019\/03\/BELFONT3-300x198.jpg 300w\" sizes=\"auto, (max-width: 485px) 85vw, 485px\" \/><\/p>\n<p>Dalsza cz\u0119\u015b\u0107 \u015bcie\u017cki jest r\u00f3wnie\u017c nieco podmok\u0142a (<em>Zapadlisko<\/em>), co gwarantuje liczne spotkania z kolejnymi zast\u0119pami komar\u00f3w.<\/p>\n<p>Potem Belfont, czyli wspomniane ju\u017c miejsce tajemnych spotka\u0144 Marysie\u0144ki i Jana Sobieskiego. Mam nadziej\u0119, \u017ce w owym czasie w tym \u0142adnym \u2013 cho\u0107 bagnistym \u2013 terenie komar\u00f3w by\u0142o mniej. Inna rzecz, \u017ce znam pewnego osobnika, kt\u00f3rego komary (i kleszcze) omijaj\u0105 szerokim \u0142ukiem. Nie wiem, jak tam Jan Sobieski w tym wzgl\u0119dzie wypada\u0142&#8230; W ka\u017cdym razie, je\u017celi nie b\u0119dziemy my\u015ble\u0107 o komarach, albo po prostu trafimy tu por\u0105 roku, gdy one nie wyst\u0119puj\u0105, to na pewno zauwa\u017cymy, \u017ce <em>okoliczno\u015bci przyrody<\/em> s\u0105 tu bardzo \u0142adne. Po prawdzie to nie tylko przyrody, na Belfoncie odnajdziemy tak\u017ce \u2013 na grobli \u2013 stary krzy\u017c dedykowany powsta\u0144com z 1863 r.<\/p>\n<p class=\"center\"><img loading=\"lazy\" decoding=\"async\" class=\"aligncenter size-full wp-image-5471\" src=\"http:\/\/roztocze24.info\/wp-content\/uploads\/2019\/03\/BELFONT4-1.jpg\" alt=\"\" width=\"487\" height=\"320\" srcset=\"https:\/\/roztocze24.info\/wp-content\/uploads\/2019\/03\/BELFONT4-1.jpg 487w, https:\/\/roztocze24.info\/wp-content\/uploads\/2019\/03\/BELFONT4-1-300x197.jpg 300w\" sizes=\"auto, (max-width: 487px) 85vw, 487px\" \/><\/p>\n<p class=\"center\"><img loading=\"lazy\" decoding=\"async\" class=\"aligncenter size-full wp-image-5472\" src=\"http:\/\/roztocze24.info\/wp-content\/uploads\/2019\/03\/BELFONT6.jpg\" alt=\"\" width=\"210\" height=\"320\" srcset=\"https:\/\/roztocze24.info\/wp-content\/uploads\/2019\/03\/BELFONT6.jpg 210w, https:\/\/roztocze24.info\/wp-content\/uploads\/2019\/03\/BELFONT6-197x300.jpg 197w\" sizes=\"auto, (max-width: 210px) 85vw, 210px\" \/><\/p>\n<p>Koniecznie musz\u0119 pokona\u0107 kiedy\u015b t\u0119 tras\u0119 tak\u017ce zim\u0105. Wtedy, gdy spadnie sporo bia\u0142ego puchu i koniecznie gdy b\u0119dzie \u015bwieci\u0142o s\u0142o\u0144ce\u2026 W upalne lato czasem nawet samo wspomnienie zimy wystarczy, aby cho\u0107 na chwil\u0119 zrobi\u0142o si\u0119 ch\u0142odniej\u2026<br \/>\nPo kr\u00f3tkim odpoczynku czas na dalsz\u0105 w\u0119dr\u00f3wk\u0119. Wychodz\u0119 na szos\u0119 (kto nie chce pokonywa\u0107 ca\u0142o\u015bci trasy, na Belfont trafi w\u0142a\u015bnie prosto z szosy, drogowskaz odnajdziemy ju\u017c przy g\u0142\u00f3wnej trasie wyprowadzaj\u0105cej z Krasnobrodu w kierunku Jacni).<br \/>\nPotem ponownie bezdro\u017ca. Czeka nas te\u017c wspinaczka po ca\u0142kiem ciekawej wydmie.<\/p>\n<p class=\"center\"><img loading=\"lazy\" decoding=\"async\" class=\"aligncenter size-full wp-image-5473\" src=\"http:\/\/roztocze24.info\/wp-content\/uploads\/2019\/03\/BELFONT7.jpg\" alt=\"\" width=\"320\" height=\"486\" srcset=\"https:\/\/roztocze24.info\/wp-content\/uploads\/2019\/03\/BELFONT7.jpg 320w, https:\/\/roztocze24.info\/wp-content\/uploads\/2019\/03\/BELFONT7-198x300.jpg 198w\" sizes=\"auto, (max-width: 320px) 85vw, 320px\" \/><\/p>\n<p>Teraz droga przez osad\u0119 Przymiarki. Na jej skraju autorzy \u015bcie\u017cki proponuj\u0105 wycieczk\u0119 boczn\u0105 na szczyt pobliskiego wzg\u00f3rza. \u015acie\u017cka niewyra\u017ana i zaro\u015bni\u0119ta, ale widoki przednie.<\/p>\n<p>Powracamy do wsi. Autorzy \u015bcie\u017cki sugeruj\u0105 kolejn\u0105 wypraw\u0119 boczn\u0105 \u2013 w w\u0105wozy. To ju\u017c ekstrema (po drodze wysokie i strome wzg\u00f3rze, pe\u0142ne zdradliwych \u015bliskich li\u015bci, ale startuj\u0105c z Jacni mo\u017cna je omin\u0105\u0107) i temat na zupe\u0142nie inn\u0105 opowie\u015b\u0107.<br \/>\nNa podstawowej \u015bcie\u017cce teraz troch\u0119 so\u015bniny, spotkanie ze szlakiem pieszym czerwonym, a potem ju\u017c okolice Bondyrza. Ciekawostk\u0105 jest przydro\u017cny krzy\u017c, a w\u0142a\u015bciwie to dwa (obok siebie): stary i nowy.<br \/>\nNiebawem wycieczka w dolin\u0119 Wieprza. \u015acie\u017cka zw\u0119\u017ca si\u0119, a dooko\u0142a ponownie pojawiaj\u0105 si\u0119 pokrzywy. W ko\u0144cu docieram do Kacz\u00f3rek. Tu koniec trasy.<br \/>\nI jeszcze wspomnienie specyficznej przygody z drogi powrotnej do domu. Prowadzi\u0142a ona przez Suchowol\u0119. Tutaj prosto w kierunku naszego samochodu bieg\u0142 oszala\u0142y ko\u0144, ci\u0105gn\u0105cy furmank\u0119. <em>Pacjent<\/em> ten pru\u0142 \u015brodkiem szosy. By\u0107 mo\u017ce omin\u0105\u0142by on samoch\u00f3d, ale ci\u0105gni\u0119ta przez niego furmanka mog\u0142a ju\u017c o nas zahaczy\u0107. W tej sytuacji szybki skr\u0119t w poln\u0105 drog\u0119 w lewo (brawa dla Marka za b\u0142yskawiczn\u0105 reakcj\u0119). Ko\u0144 nas szcz\u0119\u015bliwie omija, ale ju\u017c bodaj 100 metr\u00f3w dalej skr\u0119ca na pola. Ci\u0105gnie te furmank\u0119 niczym czo\u0142g. G\u0142\u0119boki r\u00f3w w pobli\u017cu szosy pokonuje z tym obci\u0105\u017ceniem wyj\u0105tkowo sprawnie (chyba, kt\u00f3ry\u015b z jego przodk\u00f3w <em>s\u0142u\u017cy\u0142<\/em> w partyzantce). W ko\u0144cu kto\u015b go \u0142apie. Oby\u0142o si\u0119 wi\u0119c bez karamboli \u2013 i bardzo dobrze.<\/p>\n<p><em>Czerwiec 2005 r.<\/em><\/p>\n","protected":false},"excerpt":{"rendered":"<p>W Krasnobrodzie wyznakowano na prze\u0142omie 2004 i 2005 r. kilka nowych \u015bcie\u017cek spacerowych. W\u015br\u00f3d nich szczeg\u00f3lnie interesuj\u0105ca wydaje si\u0119 by\u0107 trasa prowadz\u0105ca do uroczyska Belfont, gdzie \u2013 wed\u0142ug starych przekaz\u00f3w \u2013 mieli spotyka\u0107 si\u0119 Marysie\u0144ka (w\u00f3wczas jeszcze Zamoyska) i Jan Sobieski (w\u00f3wczas jeszcze bynajmniej nie kr\u00f3l). \u015acie\u017cka, znakowana jest kolorem czarnym, zaczyna si\u0119 przy szkole &hellip; <a href=\"https:\/\/roztocze24.info\/?page_id=897\" class=\"more-link\">Czytaj dalej<span class=\"screen-reader-text\"> \u201eUroczysko Belfont ko\u0142o Krasnobrodu\u201d<\/span><\/a><\/p>\n","protected":false},"author":1,"featured_media":0,"parent":895,"menu_order":0,"comment_status":"closed","ping_status":"closed","template":"","meta":{"footnotes":""},"class_list":["post-897","page","type-page","status-publish","hentry"],"_links":{"self":[{"href":"https:\/\/roztocze24.info\/index.php?rest_route=\/wp\/v2\/pages\/897","targetHints":{"allow":["GET"]}}],"collection":[{"href":"https:\/\/roztocze24.info\/index.php?rest_route=\/wp\/v2\/pages"}],"about":[{"href":"https:\/\/roztocze24.info\/index.php?rest_route=\/wp\/v2\/types\/page"}],"author":[{"embeddable":true,"href":"https:\/\/roztocze24.info\/index.php?rest_route=\/wp\/v2\/users\/1"}],"replies":[{"embeddable":true,"href":"https:\/\/roztocze24.info\/index.php?rest_route=%2Fwp%2Fv2%2Fcomments&post=897"}],"version-history":[{"count":1,"href":"https:\/\/roztocze24.info\/index.php?rest_route=\/wp\/v2\/pages\/897\/revisions"}],"predecessor-version":[{"id":5475,"href":"https:\/\/roztocze24.info\/index.php?rest_route=\/wp\/v2\/pages\/897\/revisions\/5475"}],"up":[{"embeddable":true,"href":"https:\/\/roztocze24.info\/index.php?rest_route=\/wp\/v2\/pages\/895"}],"wp:attachment":[{"href":"https:\/\/roztocze24.info\/index.php?rest_route=%2Fwp%2Fv2%2Fmedia&parent=897"}],"curies":[{"name":"wp","href":"https:\/\/api.w.org\/{rel}","templated":true}]}}