{"id":898,"date":"2016-02-20T19:20:35","date_gmt":"2016-02-20T19:20:35","guid":{"rendered":"http:\/\/roztocze24.info\/turysta-2\/srodkowe\/roztocze_dlugi_kat\/"},"modified":"2019-03-27T15:58:10","modified_gmt":"2019-03-27T14:58:10","slug":"roztocze_dlugi_kat","status":"publish","type":"page","link":"https:\/\/roztocze24.info\/?page_id=898","title":{"rendered":"Tropem baz partyzanckich w okolicy Fryszarki w Puszczy Solskiej"},"content":{"rendered":"<h4>J\u00f3zef\u00f3w Roztocza\u0144ski (stacja kolejowa) \u2013 kamienio\u0142omy \u2013 Fryszarka \u2013 Borowe M\u0142yny \u2013 Susiec (stacja kolejowa)<\/h4>\n<p>Wstaj\u0119 rano \u2013 na niebie ani jednej chmurki. Czas w drog\u0119. Najpierw dojazd na poci\u0105g i ju\u017c kolejowa podr\u00f3\u017c w kierunku Roztocza. O\u017cywiam si\u0119 za Zawad\u0105. Niebawem Roztocza\u0144ski Park Narodowy.<\/p>\n<p class=\"center\"><img loading=\"lazy\" decoding=\"async\" class=\"aligncenter size-full wp-image-5523\" src=\"http:\/\/roztocze24.info\/wp-content\/uploads\/2019\/03\/DK1.jpg\" alt=\"\" width=\"750\" height=\"500\" srcset=\"https:\/\/roztocze24.info\/wp-content\/uploads\/2019\/03\/DK1.jpg 750w, https:\/\/roztocze24.info\/wp-content\/uploads\/2019\/03\/DK1-300x200.jpg 300w\" sizes=\"auto, (max-width: 750px) 85vw, 750px\" \/><\/p>\n<p>Je\u017celi interesuje nas wy\u0142\u0105cznie trasa przez Puszcz\u0119 Solsk\u0105 z poci\u0105gu mo\u017cna wysi\u0105\u015b\u0107 na stacji D\u0142ugi K\u0105t, st\u0105d do prowadz\u0105cej do puszczy bocznej drogi jest blisko. Ja jednak wysiad\u0142em w J\u00f3zefowie Roztocza\u0144skim, chcia\u0142em bowiem zwiedzi\u0107 jeszcze J\u00f3zef\u00f3w i kamienio\u0142omy. Te j\u00f3zefowskie maj\u0105 sw\u00f3j klimat!<\/p>\n<p><img loading=\"lazy\" decoding=\"async\" class=\"aligncenter size-full wp-image-5525\" src=\"http:\/\/roztocze24.info\/wp-content\/uploads\/2019\/03\/DK05.jpg\" alt=\"\" width=\"750\" height=\"500\" srcset=\"https:\/\/roztocze24.info\/wp-content\/uploads\/2019\/03\/DK05.jpg 750w, https:\/\/roztocze24.info\/wp-content\/uploads\/2019\/03\/DK05-300x200.jpg 300w\" sizes=\"auto, (max-width: 750px) 85vw, 750px\" \/><\/p>\n<p>W ich pobli\u017cu znajduje si\u0119 kirkut, a tak\u017ce pomnik postawiony w miejscu \u015bmierci Miszki Tatara, dow\u00f3dcy oddzia\u0142u partyzantki radzieckiej, wsp\u00f3\u0142pracuj\u0105cego z AK. Update: Na polecenie IPN zosta\u0142 on rozebrany w 2018 r.<\/p>\n<p><img loading=\"lazy\" decoding=\"async\" class=\"aligncenter size-full wp-image-5526\" src=\"http:\/\/roztocze24.info\/wp-content\/uploads\/2019\/03\/IMG_7002.jpg\" alt=\"\" width=\"750\" height=\"500\" srcset=\"https:\/\/roztocze24.info\/wp-content\/uploads\/2019\/03\/IMG_7002.jpg 750w, https:\/\/roztocze24.info\/wp-content\/uploads\/2019\/03\/IMG_7002-300x200.jpg 300w\" sizes=\"auto, (max-width: 750px) 85vw, 750px\" \/><\/p>\n<p>Potem powracam na skraj J\u00f3zefowa odnajduj\u0105c znaki zielonego szlaku rowerowego i za nimi skr\u0119cam w uroczy le\u015bny go\u015bciniec prowadz\u0105cy w kierunku Fryszarki. Ju\u017c po chwili przecinam pot\u0119\u017cne pasmo kamienio\u0142om\u00f3w. Warto zatrzyma\u0107 si\u0119 tu na d\u0142u\u017cej. Jednak uwaga! Kamie\u0144 jest tu nadal eksploatowany!<\/p>\n<p>Tym razem moim celem by\u0142o przypomnienie sobie i odtworzenie dawnego przebiegu szlaku pieszego Ziemi J\u00f3zefowskiej (zielonego) w tym rejonie. Szlak ten zmieniono w 1997 r. na wniosek nadle\u015bnictwa J\u00f3zef\u00f3w. Opuszczam drog\u0119 fryszarkowsk\u0105 i zag\u0142\u0119biam si\u0119 w las. Odwiedzam zagubione w le\u015bnych uroczyskach pomniki stawiane w miejscu baz AK. Najpierw\u00a0 <em>jedynka<\/em> z napisem <em>Tu by\u0142a plac\u00f3wka AK 1943\u20131944<\/em>.<\/p>\n<p><img loading=\"lazy\" decoding=\"async\" class=\"aligncenter size-full wp-image-5527\" src=\"http:\/\/roztocze24.info\/wp-content\/uploads\/2019\/03\/DK10.jpg\" alt=\"\" width=\"750\" height=\"500\" srcset=\"https:\/\/roztocze24.info\/wp-content\/uploads\/2019\/03\/DK10.jpg 750w, https:\/\/roztocze24.info\/wp-content\/uploads\/2019\/03\/DK10-300x200.jpg 300w\" sizes=\"auto, (max-width: 750px) 85vw, 750px\" \/><\/p>\n<p>Potem dw\u00f3jka. Na pomniku napis: <em>tu przebywali i szli do walki partyzanci AK 1943-1944. <\/em>Obecnie jest tu ostoja zwierzyny, osobi\u015bcie uwa\u017cam jednak, \u017ce takie miejsce powinno by\u0107 dost\u0119pne dla turyst\u00f3w.<\/p>\n<p><img loading=\"lazy\" decoding=\"async\" class=\"aligncenter size-full wp-image-5529\" src=\"http:\/\/roztocze24.info\/wp-content\/uploads\/2019\/03\/DK4.jpg\" alt=\"\" width=\"750\" height=\"500\" srcset=\"https:\/\/roztocze24.info\/wp-content\/uploads\/2019\/03\/DK4.jpg 750w, https:\/\/roztocze24.info\/wp-content\/uploads\/2019\/03\/DK4-300x200.jpg 300w\" sizes=\"auto, (max-width: 750px) 85vw, 750px\" \/><\/p>\n<p>St\u0105d za dawnym przebiegiem szlaku zielonego jad\u0119 na po\u0142udnie. Przecinam utwardzan\u0105 drog\u0119 (obecnie szosa i szlak rowerowy zielony) i wkr\u00f3tce udaj\u0119 si\u0119 na p\u0142d.-zach., za brukowan\u0105 drog\u0105. Na wydmie po prawej pomnik w miejscu kolejnej bazy, tzw. <em>tr\u00f3jka<\/em> (Kamie\u0144 Korsarza). Tu 4 sierpnia 1943 r. podczas boju z Niemcami zgin\u0105\u0142 Hieronim Mi\u0105c &#8222;Korsarz&#8221;.<\/p>\n<p><img loading=\"lazy\" decoding=\"async\" class=\"aligncenter size-full wp-image-5528\" src=\"http:\/\/roztocze24.info\/wp-content\/uploads\/2019\/03\/DK3.jpg\" alt=\"\" width=\"750\" height=\"500\" srcset=\"https:\/\/roztocze24.info\/wp-content\/uploads\/2019\/03\/DK3.jpg 750w, https:\/\/roztocze24.info\/wp-content\/uploads\/2019\/03\/DK3-300x200.jpg 300w\" sizes=\"auto, (max-width: 750px) 85vw, 750px\" \/><\/p>\n<p class=\"center\">Niebawem skr\u0119cam w nieco zaro\u015bni\u0119t\u0105 lini\u0119 dzia\u0142ow\u0105. To dalsza cz\u0119\u015b\u0107 dawnego szlaku <em>zielonego<\/em>.<\/p>\n<p><img loading=\"lazy\" decoding=\"async\" class=\"aligncenter size-full wp-image-5530\" src=\"http:\/\/roztocze24.info\/wp-content\/uploads\/2019\/03\/DK6.jpg\" alt=\"\" width=\"333\" height=\"500\" srcset=\"https:\/\/roztocze24.info\/wp-content\/uploads\/2019\/03\/DK6.jpg 333w, https:\/\/roztocze24.info\/wp-content\/uploads\/2019\/03\/DK6-200x300.jpg 200w\" sizes=\"auto, (max-width: 333px) 85vw, 333px\" \/><\/p>\n<p>Dalej ogromna por\u0119ba. Jad\u0119 wg opisu z klasycznego przewodnika W\u0142odzimierza W\u00f3jcikowskiego. Niebawem wyje\u017cd\u017cam na drog\u0119 do Fryszarki.<\/p>\n<p><img loading=\"lazy\" decoding=\"async\" class=\"aligncenter size-full wp-image-5531\" src=\"http:\/\/roztocze24.info\/wp-content\/uploads\/2019\/03\/DK02.jpg\" alt=\"\" width=\"750\" height=\"500\" srcset=\"https:\/\/roztocze24.info\/wp-content\/uploads\/2019\/03\/DK02.jpg 750w, https:\/\/roztocze24.info\/wp-content\/uploads\/2019\/03\/DK02-300x200.jpg 300w\" sizes=\"auto, (max-width: 750px) 85vw, 750px\" \/><\/p>\n<p>We Fryszarce jak zwykle zatrzymuj\u0119 si\u0119 nie przy \u0142awach, ale na mo\u015bcie. Pi\u0119knie. Tu zrobi\u0142em ostatnie zdj\u0119cie rowerka, kt\u00f3ry nieco p\u00f3\u017aniej jaki\u015b z\u0142y cz\u0142owiek mi ukrad\u0142. Zdj\u0119cie te\u017c z czasem zagin\u0119\u0142o&#8230;<\/p>\n<p class=\"center\"><img loading=\"lazy\" decoding=\"async\" class=\"aligncenter size-full wp-image-5532\" src=\"http:\/\/roztocze24.info\/wp-content\/uploads\/2019\/03\/Fryszarka-small.jpg\" alt=\"\" width=\"750\" height=\"500\" srcset=\"https:\/\/roztocze24.info\/wp-content\/uploads\/2019\/03\/Fryszarka-small.jpg 750w, https:\/\/roztocze24.info\/wp-content\/uploads\/2019\/03\/Fryszarka-small-300x200.jpg 300w\" sizes=\"auto, (max-width: 750px) 85vw, 750px\" \/><\/p>\n<p>Kontynuuj\u0119 wypraw\u0119 prowadz\u0105c\u0105 przez Puszcz\u0119 Solsk\u0105. Jad\u0119 w\u0105sk\u0105 i przyjemn\u0105 szos\u0105 w kierunku p\u0142d.-wsch. Po drodze pomnik pami\u0119ci Miszki Tatara, postawiony w miejscu, gdzie jego oddzia\u0142 mia\u0142 swoj\u0105 baz\u0119 w okresie II wojny \u015bwiatowej.<\/p>\n<p><img loading=\"lazy\" decoding=\"async\" class=\"aligncenter size-full wp-image-5534\" src=\"http:\/\/roztocze24.info\/wp-content\/uploads\/2019\/03\/Miszka-small.jpg\" alt=\"\" width=\"333\" height=\"500\" srcset=\"https:\/\/roztocze24.info\/wp-content\/uploads\/2019\/03\/Miszka-small.jpg 333w, https:\/\/roztocze24.info\/wp-content\/uploads\/2019\/03\/Miszka-small-200x300.jpg 200w\" sizes=\"auto, (max-width: 333px) 85vw, 333px\" \/><br \/>\nMiszka (czyli Umer Achmo\u0142\u0142a Atamanow, w niekt\u00f3rych \u017ar\u00f3d\u0142ach Adamanow) to ciekawa posta\u0107. Na szyi, na sznurku, nosi\u0142 medalik z Matk\u0105 Bo\u017c\u0105. Dosta\u0142 go podczas ucieczki z \u0142agru o nieznanej kobiety pod Cz\u0119stochow\u0105. Wierzy\u0142 w jego nadprzyrodzon\u0105 moc. Zgin\u0105\u0142 podczas wsp\u00f3lnej z AK akcji, na skraju kamienio\u0142om\u00f3w (jest tam pomnik, o kt\u00f3rym wspominam w pocz\u0105tkowej cz\u0119\u015bci tego tekstu). Update: Oba pomniki usuni\u0119to decyzj\u0105 IPN w 2018 r.<\/p>\n<p>Na dalszej trasie las zr\u00f3\u017cnicowany, miejscami strasz\u0105 jednak pot\u0119\u017cne zr\u0119bnie ca\u0142kowite. Docieramy do rozwidlenia szos, w pobli\u017cu mostku nad rzeczk\u0105 Studzianka. Mamy st\u0105d dwie mo\u017cliwo\u015bci dalszej jazdy. W lewo do Su\u015bca, lub w prawo do Borowych M\u0142yn\u00f3w. Je\u017celi mamy czas, warto wybra\u0107 si\u0119 najpierw na wycieczk\u0119 boczn\u0105 do Borowych M\u0142yn\u00f3w. To niewielka \u015br\u00f3dle\u015bna osada, malowniczo po\u0142o\u017cona na prawym brzegu rzeki Tanew. 1 km przed ni\u0105 ostry skr\u0119t szosy. Udaj\u0105c si\u0119 st\u0105d le\u015bnym duktem w kierunku zach. dotrze\u0107 mo\u017cna do miejsca, gdzie niegdy\u015b znajdowa\u0142a si\u0119 wie\u015b Kozaki. Obecnie jest tu tylko partyzancki pomnik, a po drugiej stronie drogi ukryty w\u015br\u00f3d drzew drewniany krzy\u017c. To rejon Sosnowej G\u00f3ry, o kt\u00f3rej jednak opowiadam przy innej okazji.<br \/>\nZ Borowych M\u0142yn\u00f3w do Su\u015bca mo\u017cna dosta\u0107 si\u0119 na dwa sposoby. Utwardzan\u0105 drog\u0105 zaczynaj\u0105c\u0105 si\u0119 na p\u0142n. skraju wsi, lub \u2013 to ciekawsza krajobrazowo propozycja \u2013 najpierw powracamy szos\u0105 do wspominanego ju\u017c rozwidlenia w pobli\u017cu rzeczki Studzianka. St\u0105d jedziemy dalej prosto (na p\u0142n.-wsch.). Do szosy J\u00f3zef\u00f3w \u2013 Susiec docieramy do B\u0142udka, w rejonie miejsca, gdzie znajdowa\u0142 si\u0119 niegdy\u015b ob\u00f3z dla \u017co\u0142nierzy AK za\u0142o\u017cony przez ponure s\u0142u\u017cby UB. W pobli\u017cu spory kamienio\u0142om Nowiny.<\/p>\n<p><img loading=\"lazy\" decoding=\"async\" class=\"aligncenter size-full wp-image-5535\" src=\"http:\/\/roztocze24.info\/wp-content\/uploads\/2019\/03\/IMG_4178-Bludek.jpg\" alt=\"\" width=\"750\" height=\"500\" srcset=\"https:\/\/roztocze24.info\/wp-content\/uploads\/2019\/03\/IMG_4178-Bludek.jpg 750w, https:\/\/roztocze24.info\/wp-content\/uploads\/2019\/03\/IMG_4178-Bludek-300x200.jpg 300w\" sizes=\"auto, (max-width: 750px) 85vw, 750px\" \/><\/p>\n<p>Skr\u0119camy w prawo i mkniemy ju\u017c prosto do Su\u015bca mijaj\u0105c po drodze Oseredek.<br \/>\nW czerwcu wypraw\u0119 sko\u0144czy\u0142em w\u0142a\u015bnie w Su\u015bcu. Mia\u0142em jeszcze troch\u0119 czasu, pojecha\u0142em wi\u0119c do sklepu i kupi\u0142em du\u017c\u0105 i pyszn\u0105 ma\u015blank\u0119 (Krasnystaw) i cebularz. A potem ju\u017c tylko powrotny poci\u0105g do Lublina (w\u00f3wczas o nazwie Roztocze i z Rawy Ruskiej). Za Su\u015bcem zawsze wypatruj\u0119 Wa\u0142u Huty R\u00f3\u017canieckiej. Tym razem wygl\u0105da\u0142 on wyj\u0105tkowo majestatycznie, a to za spraw\u0105 magicznego blasku zachodz\u0105cego s\u0142o\u0144ca.<\/p>\n<p><em>Czerwiec 2004 r.<\/em><\/p>\n","protected":false},"excerpt":{"rendered":"<p>J\u00f3zef\u00f3w Roztocza\u0144ski (stacja kolejowa) \u2013 kamienio\u0142omy \u2013 Fryszarka \u2013 Borowe M\u0142yny \u2013 Susiec (stacja kolejowa) Wstaj\u0119 rano \u2013 na niebie ani jednej chmurki. Czas w drog\u0119. Najpierw dojazd na poci\u0105g i ju\u017c kolejowa podr\u00f3\u017c w kierunku Roztocza. O\u017cywiam si\u0119 za Zawad\u0105. Niebawem Roztocza\u0144ski Park Narodowy. Je\u017celi interesuje nas wy\u0142\u0105cznie trasa przez Puszcz\u0119 Solsk\u0105 z poci\u0105gu &hellip; <a href=\"https:\/\/roztocze24.info\/?page_id=898\" class=\"more-link\">Czytaj dalej<span class=\"screen-reader-text\"> \u201eTropem baz partyzanckich w okolicy Fryszarki w Puszczy Solskiej\u201d<\/span><\/a><\/p>\n","protected":false},"author":1,"featured_media":0,"parent":895,"menu_order":0,"comment_status":"closed","ping_status":"closed","template":"","meta":{"footnotes":""},"class_list":["post-898","page","type-page","status-publish","hentry"],"_links":{"self":[{"href":"https:\/\/roztocze24.info\/index.php?rest_route=\/wp\/v2\/pages\/898","targetHints":{"allow":["GET"]}}],"collection":[{"href":"https:\/\/roztocze24.info\/index.php?rest_route=\/wp\/v2\/pages"}],"about":[{"href":"https:\/\/roztocze24.info\/index.php?rest_route=\/wp\/v2\/types\/page"}],"author":[{"embeddable":true,"href":"https:\/\/roztocze24.info\/index.php?rest_route=\/wp\/v2\/users\/1"}],"replies":[{"embeddable":true,"href":"https:\/\/roztocze24.info\/index.php?rest_route=%2Fwp%2Fv2%2Fcomments&post=898"}],"version-history":[{"count":2,"href":"https:\/\/roztocze24.info\/index.php?rest_route=\/wp\/v2\/pages\/898\/revisions"}],"predecessor-version":[{"id":5536,"href":"https:\/\/roztocze24.info\/index.php?rest_route=\/wp\/v2\/pages\/898\/revisions\/5536"}],"up":[{"embeddable":true,"href":"https:\/\/roztocze24.info\/index.php?rest_route=\/wp\/v2\/pages\/895"}],"wp:attachment":[{"href":"https:\/\/roztocze24.info\/index.php?rest_route=%2Fwp%2Fv2%2Fmedia&parent=898"}],"curies":[{"name":"wp","href":"https:\/\/api.w.org\/{rel}","templated":true}]}}