{"id":905,"date":"2016-02-20T19:20:36","date_gmt":"2016-02-20T19:20:36","guid":{"rendered":"http:\/\/roztocze24.info\/turysta-2\/srodkowe\/roztocze_kanion_szozdy\/"},"modified":"2019-03-30T15:20:39","modified_gmt":"2019-03-30T14:20:39","slug":"roztocze_kanion_szozdy","status":"publish","type":"page","link":"https:\/\/roztocze24.info\/?page_id=905","title":{"rendered":"Kanion w okolicy wsi Szozdy"},"content":{"rendered":"<p>Pod\u0105\u017caj\u0105c ze wsi Szozdy dr\u00f3\u017ck\u0105 na zach. wzd\u0142u\u017c tor\u00f3w do\u015b\u0107 szybko trafimy na szczyt pobliskiego ju\u017c kanionu. Nazwa ta jest uprawomocniona, bowiem w \u015bcianach w\u0105wozu ska\u0142 i odkrywek skalnych nie brakuje. Najpierw widok og\u00f3lny z mostu.<\/p>\n<p><img loading=\"lazy\" decoding=\"async\" class=\"aligncenter size-full wp-image-5505\" src=\"http:\/\/roztocze24.info\/wp-content\/uploads\/2019\/03\/IMG_0975-.jpg\" alt=\"\" width=\"750\" height=\"500\" srcset=\"https:\/\/roztocze24.info\/wp-content\/uploads\/2019\/03\/IMG_0975-.jpg 750w, https:\/\/roztocze24.info\/wp-content\/uploads\/2019\/03\/IMG_0975--300x200.jpg 300w\" sizes=\"auto, (max-width: 750px) 85vw, 750px\" \/><\/p>\n<p><img loading=\"lazy\" decoding=\"async\" class=\"aligncenter size-full wp-image-5506\" src=\"http:\/\/roztocze24.info\/wp-content\/uploads\/2019\/03\/IMG_0978.jpg\" alt=\"\" width=\"750\" height=\"500\" srcset=\"https:\/\/roztocze24.info\/wp-content\/uploads\/2019\/03\/IMG_0978.jpg 750w, https:\/\/roztocze24.info\/wp-content\/uploads\/2019\/03\/IMG_0978-300x200.jpg 300w\" sizes=\"auto, (max-width: 750px) 85vw, 750px\" \/><\/p>\n<p>Kanion jest sztucznie pog\u0142\u0119biony i poszerzony. By\u0142o to bodaj najwi\u0119ksze wyzwanie in\u017cynierskie na roztocza\u0144skich szlakach kolejowych. Ten pag\u00f3rkowaty rejon stanowi\u0142 nieliche wyzwanie ju\u017c dla budowniczych dawnej w\u0105skotor\u00f3wki, nam\u0119czyli si\u0119 tak\u017ce projektanci szlaku Zwierzyniec \u2013 Rozwad\u00f3w, a kropk\u0119 nad i postanowili tw\u00f3rcy Linii Hutniczej Szerokotorowej (LHS).<\/p>\n<p><img loading=\"lazy\" decoding=\"async\" class=\"aligncenter size-full wp-image-5507\" src=\"http:\/\/roztocze24.info\/wp-content\/uploads\/2019\/03\/IMG_0981.jpg\" alt=\"\" width=\"750\" height=\"500\" srcset=\"https:\/\/roztocze24.info\/wp-content\/uploads\/2019\/03\/IMG_0981.jpg 750w, https:\/\/roztocze24.info\/wp-content\/uploads\/2019\/03\/IMG_0981-300x200.jpg 300w\" sizes=\"auto, (max-width: 750px) 85vw, 750px\" \/><\/p>\n<p class=\"center\"><img loading=\"lazy\" decoding=\"async\" class=\"aligncenter size-full wp-image-5508\" src=\"http:\/\/roztocze24.info\/wp-content\/uploads\/2019\/03\/IMG_0982.jpg\" alt=\"\" width=\"750\" height=\"500\" srcset=\"https:\/\/roztocze24.info\/wp-content\/uploads\/2019\/03\/IMG_0982.jpg 750w, https:\/\/roztocze24.info\/wp-content\/uploads\/2019\/03\/IMG_0982-300x200.jpg 300w\" sizes=\"auto, (max-width: 750px) 85vw, 750px\" \/><\/p>\n<p>Szkoda, \u017ce kursuje t\u0119dy tylko jeden poci\u0105g osobowy (pospieszny), kt\u00f3ry ponadto przebywa t\u0119 tras\u0119 bladym \u015bwitem, a z powrotem w nocy. Zawsze mo\u017cna tu jednak zaw\u0119drowa\u0107 pieszo.<\/p>\n<p><em>Wrzesie\u0144 2016 r.<\/em><\/p>\n","protected":false},"excerpt":{"rendered":"<p>Pod\u0105\u017caj\u0105c ze wsi Szozdy dr\u00f3\u017ck\u0105 na zach. wzd\u0142u\u017c tor\u00f3w do\u015b\u0107 szybko trafimy na szczyt pobliskiego ju\u017c kanionu. Nazwa ta jest uprawomocniona, bowiem w \u015bcianach w\u0105wozu ska\u0142 i odkrywek skalnych nie brakuje. Najpierw widok og\u00f3lny z mostu. Kanion jest sztucznie pog\u0142\u0119biony i poszerzony. By\u0142o to bodaj najwi\u0119ksze wyzwanie in\u017cynierskie na roztocza\u0144skich szlakach kolejowych. Ten pag\u00f3rkowaty rejon &hellip; <a href=\"https:\/\/roztocze24.info\/?page_id=905\" class=\"more-link\">Czytaj dalej<span class=\"screen-reader-text\"> \u201eKanion w okolicy wsi Szozdy\u201d<\/span><\/a><\/p>\n","protected":false},"author":1,"featured_media":0,"parent":934,"menu_order":0,"comment_status":"closed","ping_status":"closed","template":"","meta":{"footnotes":""},"class_list":["post-905","page","type-page","status-publish","hentry"],"_links":{"self":[{"href":"https:\/\/roztocze24.info\/index.php?rest_route=\/wp\/v2\/pages\/905","targetHints":{"allow":["GET"]}}],"collection":[{"href":"https:\/\/roztocze24.info\/index.php?rest_route=\/wp\/v2\/pages"}],"about":[{"href":"https:\/\/roztocze24.info\/index.php?rest_route=\/wp\/v2\/types\/page"}],"author":[{"embeddable":true,"href":"https:\/\/roztocze24.info\/index.php?rest_route=\/wp\/v2\/users\/1"}],"replies":[{"embeddable":true,"href":"https:\/\/roztocze24.info\/index.php?rest_route=%2Fwp%2Fv2%2Fcomments&post=905"}],"version-history":[{"count":2,"href":"https:\/\/roztocze24.info\/index.php?rest_route=\/wp\/v2\/pages\/905\/revisions"}],"predecessor-version":[{"id":6469,"href":"https:\/\/roztocze24.info\/index.php?rest_route=\/wp\/v2\/pages\/905\/revisions\/6469"}],"up":[{"embeddable":true,"href":"https:\/\/roztocze24.info\/index.php?rest_route=\/wp\/v2\/pages\/934"}],"wp:attachment":[{"href":"https:\/\/roztocze24.info\/index.php?rest_route=%2Fwp%2Fv2%2Fmedia&parent=905"}],"curies":[{"name":"wp","href":"https:\/\/api.w.org\/{rel}","templated":true}]}}