{"id":914,"date":"2016-02-20T19:20:37","date_gmt":"2016-02-20T19:20:37","guid":{"rendered":"http:\/\/roztocze24.info\/turysta-2\/szlaki\/roztocze_szlaki_piesze\/"},"modified":"2024-05-04T22:19:39","modified_gmt":"2024-05-04T20:19:39","slug":"roztocze_szlaki_piesze","status":"publish","type":"page","link":"https:\/\/roztocze24.info\/?page_id=914","title":{"rendered":"Szlaki piesze"},"content":{"rendered":"\n<h4 class=\"wp-block-heading\">Szlaki d\u0142ugodystansowe<\/h4>\n\n\n\n<p><strong>Szlak Centralny znakowany kolorem niebieskim. <\/strong>Szczeg\u00f3\u0142owy przebieg: Horyniec  (stacja kolejowa)  &#8211; wzg\u00f3rze Wielki Dzia\u0142 &#8211; Huta Lubycka &#8211; Lubycza Kr\u00f3lewska &#8211; Be\u0142\u017cec  (stacja kolejowa)  &#8211; Rabin\u00f3wka &#8211; Ul\u00f3w &#8211; wzniesienie Wapielnia &#8211; Husiny &#8211; G\u00f3ra Kamie\u0144 &#8211; Stanis\u0142aw\u00f3w &#8211; Potok Senderki &#8211; Lasowce &#8211; Roztocza\u0144ski Park Narodowy &#8211; Obrocz &#8211; Zwierzyniec  (stacja kolejowa)  &#8211; Lipowiec &#8211; Kaw\u0119czynek &#8211; Szper\u00f3wka &#8211; S\u0105siadka (grodzisko i punkt widokowy) &#8211; Radecznica &#8211; Gr\u00f3dki &#8211; Tokary &#8211; Batorz &#8211; Moczyd\u0142a &#8211; Szastarka  (stacja kolejowa) . Podstawowa d\u0142ugo\u015b\u0107 szlaku: 195,0 km. Szlak pierwotnie rozpoczyna\u0142 si\u0119 w Be\u0142\u017ccu, w 2010 r. wyd\u0142u\u017cono go a\u017c do Hory\u0144ca (jednocze\u015bnie przesta\u0142 istnie\u0107 szlak po bunkrach Linii Mo\u0142otowa, kt\u00f3rego przebieg w\u0142\u0105czono do szlaku centralnego). Trasa przecina ca\u0142e Roztocze po polskiej stronie granicy. Na trasie m.in. Roztocza\u0144ski Park Narodowy, w\u0105wozy Piekie\u0142ko, Wapielnia (najwy\u017csze wzniesienie Roztocza \u015arodkowego), D\u0142ugi Goraj (najwy\u017csze wzniesienie Roztocza Po\u0142udniowego), g\u00f3ra Kamie\u0144 z pi\u0119knymi ska\u0142kami (pomnik przyrody) i imponuj\u0105ce grodzisko w S\u0105siadce.<\/p>\n\n\n\n<p><strong>Szlak Walk partyzanckich<\/strong><\/p>\n\n\n\n<p><strong>A. znakowany kolorem czerwonym<\/strong>.  Szczeg\u00f3\u0142owy przebieg:  Zaklik\u00f3w  (stacja kolejowa)  &#8211; Lipa  (stacja kolejowa)  &#8211; okolice bagna Imielty \u0141ug &#8211; \u0141\u0105\u017cek Ordynacki &#8211; Szklarnia &#8211; Porytowe Wzg\u00f3rze &#8211; Uj\u015bcie &#8211; Ciosmy &#8211; Bidacz\u00f3w Stary. Podstawowa d\u0142ugo\u015b\u0107 szlaku: 77 km.<\/p>\n\n\n\n<p><strong>B. znakowany kolorem czarnym<\/strong>.  Szczeg\u00f3\u0142owy przebieg:  Bidacz\u00f3w Stary &#8211; Budziarze &#8211; Zanie &#8211; Majdan Nowy &#8211; Aleksandr\u00f3w &#8211; Margole &#8211; G\u00f3recko Ko\u015bcielne &#8211; Sig\u0142a &#8211; Osuchy &#8211; Borowe M\u0142yny &#8211; wzniesienie Ko\u015bci\u00f3\u0142ek (Zamczysko) &#8211; Susiec  (stacja kolejowa)   &#8211; \u0141osiniec &#8211; Pasieki &#8211; Tomasz\u00f3w Lubelski.<br>Podstawowa d\u0142ugo\u015b\u0107 szlaku: 102,5 km. Pokonuj\u0105c szlak w kierunku z Zaklikowa do Tomaszowa poznajemy wydarzenia z czerwca 1944 r. w kolejno\u015bci chronologicznej. Przed nami miejsca bitew: najpierw na Porytowym Wzg\u00f3rzu, potem pod Osuchami. Szlak ma przy tym wybitnie puszcza\u0144ski charakter. Prezentuje najciekawsze miejsca R\u00f3wniny Bi\u0142gorajskiej, w ko\u0144cowej cz\u0119\u015bci wprowadzaj\u0105c na Roztocze \u015arodkowe.<\/p>\n\n\n\n<p><strong>Szlak Kaniwola &#8211; Lublin &#8211; Szastarka &#8211; Kra\u015bnik, znakowany kolorem <em>\u017c\u00f3\u0142tym<\/em><\/strong><br>Kaniwola &#8211; \u0141\u0119czna &#8211; Lublin &#8211; \u017babia Wola &#8211; Strzy\u017cewice &#8211; Sul\u00f3w &#8211; Szastarka  (stacja kolejowa)  &#8211; Kra\u015bnik. Podstawowa d\u0142ugo\u015b\u0107 szlaku: 116 km. Ciekawy szlak \u0142\u0105czy Polesie z Roztocze.&nbsp; Oryginalnie prowadzi\u0142 z Lublina do Szastarki. W 2017 r. przygotowano nowy odcinek Szastarka &#8211; Kra\u015bnik, niestety poprowadzony wy\u0142\u0105cznie szosami.<\/p>\n\n\n\n<h4 class=\"wp-block-heading\">Roztocze \u015arodkowe i Puszcza Solska<\/h4>\n\n\n\n<p><strong>Szlak Szum\u00f3w znakowany kolorem niebieskim<\/strong>.  Szczeg\u00f3\u0142owy przebieg:  Susiec  (stacja kolejowa)  &#8211; wzniesienie Ko\u015bci\u00f3\u0142ek (Zamczysko) &#8211; rezerwat Nad Tanwi\u0105 (Rebizanty) &#8211; Rybnica &#8211; Susiec  (stacja kolejowa) . Podstawowa d\u0142ugo\u015b\u0107 szlaku: 17 km. Bodaj najpi\u0119kniejszy szlak Roztocza. Jego atrakcj\u0105 s\u0105 po\u0142o\u017cone w malowniczych dolinach potoku Jele\u0144 i rzeki Tanew ma\u0142e wodospady, zwane tu szumami.<\/p>\n\n\n\n<p><strong>Szlak Kraw\u0119dziowy znakowany kolorem czerwonym<\/strong>.  Szczeg\u00f3\u0142owy przebieg:  Zwierzyniec  (stacja kolejowa)  &#8211; Sochy &#8211; G\u00f3recko Stare &#8211; rezerwat Szum (dolin\u0105 rzeki prowadzi niebieska \u015bcie\u017cka poznawcza) &#8211; G\u00f3recko Ko\u015bcielne &#8211; J\u00f3zef\u00f3w &#8211; Pardys\u00f3wka Du\u017ca &#8211; rezerwat Czartowe Pole (wzd\u0142u\u017c wodospad\u00f3w prowadzi niebieska \u015bcie\u017cka przyrodnicza) &#8211; Nowiny &#8211; Oseredek &#8211; Susiec  (stacja kolejowa). Podstawowa d\u0142ugo\u015b\u0107 szlaku: 55,5 km. Szlak prowadzi w kraw\u0119dziowej (st\u0105d nazwa) strefie pomi\u0119dzy Roztoczem \u015arodkowym, a R\u00f3wnin\u0105 Bi\u0142gorajsk\u0105. Du\u017ce wra\u017cenie wywieraj\u0105 okolice le\u015bnej osady Florianka i G\u00f3recka Starego, fascynuje aleja starych d\u0119b\u00f3w z kapliczk\u0105 na wodzie w G\u00f3recku Ko\u015bcielnym. Interesuj\u0105ce s\u0105 rezerwaty krajobrazowe z ma\u0142ymi wodospadami (ich zwiedzanie umo\u017cliwiaj\u0105 dodatkowe, znakowane \u015bcie\u017cki).<\/p>\n\n\n\n<p><strong>Szlak im. W\u0142adys\u0142awy Podobi\u0144skiej znakowany kolorem zielonym<\/strong>. Szczeg\u00f3\u0142owy przebieg: Zamo\u015b\u0107 (Brama Szczebrzeska) &#8211; Suchowola &#8211; Krasnobr\u00f3d &#8211; wzniesienie Wapielnia &#8211; Susiec (stacja kolejowa). Podstawowa d\u0142ugo\u015b\u0107 szlaku: 56,5 km. Jedna z naj\u0142adniejszych krajobrazowo tras Roztocza. Szlak wyprowadza z Pado\u0142u Zamojskiego na Roztocze \u015arodkowe. Prowadzi m.in. przez najwy\u017csze wzniesienie tej cz\u0119\u015bci Roztocza &#8211; Wapielni\u0119, wyr\u00f3\u017cnia si\u0119 tak\u017ce odcinek Suchowola &#8211; Krasnobr\u00f3d. Szlak od 2023 r. nie zaczyna si\u0119 na stacji kolejowej w Zamo\u015bciu, a na skraju zamojskiej star\u00f3wki.<\/p>\n\n\n\n<p><strong>Szlak Wzg\u00f3rzami Roztocza znakowany kolorem niebieskim<\/strong>.  Szczeg\u00f3\u0142owy przebieg:  Szewnia Dolna &#8211; Suchowola &#8211; Krasnobr\u00f3d Podklasztor. Podstawowa d\u0142ugo\u015b\u0107 szlaku: 25 km. Bardzo widokowa trasa, \u0142\u0105cz\u0105ca ze sob\u0105 kilka innych tras Roztocza \u015arodkowego.<\/p>\n\n\n\n<p><strong>Szlak prowadz\u0105cy dooko\u0142a Roztocza\u0144skiego Parku Narodowego im. Aleksandry Wachniewskiej, znakowany kolorem zielonym<\/strong>.  Szczeg\u00f3\u0142owy przebieg:  Zwierzyniec (muzeum RPN) &#8211; Zwierzyniec   (stacja kolejowa)  &#8211; Zalew Rudka &#8211; G\u00f3ra Tartaczna &#8211; Skarasz\u00f3w &#8211; Szewnia Dolna &#8211; Wojda &#8211; Bondyrz &#8211; Lasowce &#8211; G\u00f3recko Ko\u015bcielne &#8211; Tereszpol Kukie\u0142ki &#8211; Florianka. Podstawowa d\u0142ugo\u015b\u0107 szlaku: 67 km. Bardzo ciekawa trasa prowadz\u0105ca w znacznej cz\u0119\u015bci po granicy Roztocza\u0144skiego PN. Szczeg\u00f3lnie wyr\u00f3\u017cnia si\u0119 pe\u0142en w\u0105woz\u00f3w odcinek od Szewni Dolnej do Lasowc\u00f3w.<\/p>\n\n\n\n<p><strong>Szlak \u0141\u0105cznikowy  J\u00f3zef\u00f3w &#8211; Potok Senderki, znakowany kolorem czarnym<\/strong>. Podstawowa d\u0142ugo\u015b\u0107 szlaku: 9,5 km. Szlak \u0142\u0105czy J\u00f3zef\u00f3w z Centralnym szlakiem niebieskim.<\/p>\n\n\n\n<p><strong>Szlak \u0141\u0105cznikowy Nowiny &#8211; Krasnobr\u00f3d, znakowany kolorem czarnym<\/strong>.  Szczeg\u00f3\u0142owy przebieg:  Nowiny &#8211; Majdan Sopocki (zalew) &#8211; Ciotusza Stara &#8211; Krasnobr\u00f3d Podklasztor. Podstawowa d\u0142ugo\u015b\u0107 szlaku: 16 km. Szlak \u0142\u0105czy zielony szlak Ziemi J\u00f3zefowskiej z niebieskim Centralnym i trasami w okolicy Krasnobrodu. W 2019 r. zmieniono jego przebieg w okolicy G\u00f3rnik\u00f3w doprowadzaj\u0105c do odnowionej przez zamojski oddzia\u0142 PTTK mogi\u0142y powsta\u0144ca.<\/p>\n\n\n\n<p><strong>Szlak Po\u0142udniowy znakowany kolorem \u017c\u00f3\u0142tym<\/strong>.  Szczeg\u00f3\u0142owy przebieg:   Susiec  (stacja kolejowa)  &#8211; rezerwat Nad Tanwi\u0105 &#8211; Huta Szumy &#8211; Narol &#8211; Lipie. Podstawowa d\u0142ugo\u015b\u0107 szlaku: 18,5 km. Szlak o ciekawej historii, wielokrotnie zmieniany. Obecnie dost\u0119pny w wersji szcz\u0105tkowej. Nazwa po\u0142udniowy odnosi si\u0119 do zlikwidowanego odcinka prowadz\u0105cego z Narola na Roztocze Po\u0142udniowe do Hory\u0144ca. Powsta\u0142\u0105 luk\u0119 cz\u0119\u015bciowo wype\u0142nia szlak Brata Alberta. Z Lipia mo\u017cna w\u0119dr\u00f3wk\u0119 kontynuowa\u0107 dalej czerwonym pieszym szlakiem Wolno\u015bciowym.<\/p>\n\n\n\n<p><strong>Szlak Partyzancki znakowany kolorem czerwonym<\/strong>. Krynice &#8211; Kolonia Partyzant\u00f3w &#8211; Dominikan\u00f3wka &#8211; Krasnobr\u00f3d &#8211; Jacnia &#8211; Kolonia Bondyrz &#8211; Wojda &#8211; Kosobudy &#8211; Szczebrzeszyn &#8211; Szper\u00f3wka. Podstawowa d\u0142ugo\u015b\u0107 szlaku: 53 km. Kolejna trasa partyzancka (miejsca bitew pod Zaborecznem i Wojd\u0105). Szlak rozpoczyna si\u0119 na skraju Grz\u0119dy Sokalskiej prowadz\u0105c dalej przez Roztocze \u015arodkowe i Roztocza\u0144ski Park Narodowy (uroczysko Jarugi) i ko\u0144cz\u0105c sw\u00f3j bieg na Roztoczu Zachodnim. Naj\u0142adniejszy odcinek prowadzi z Krasnobrodu do Szczebrzeszyna.<\/p>\n\n\n\n<p><strong>Szlak Historyczny znakowany kolorem zielonym<\/strong>.  Szczeg\u00f3\u0142owy przebieg:  Tomasz\u00f3w Lubelski &#8211; Majdan G\u00f3rny &#8211; wzg\u00f3rze Bia\u0142a G\u00f3ra &#8211; Wieprzowe Jezioro &#8211; rez. Skrzypny Ostr\u00f3w &#8211; Huta Tarnawacka &#8211; Rachanie &#8211; Wo\u017cuczyn &#8211; Celestyn\u00f3w &#8211; Tyszowce &#8211; grodzisko w Czermnie &#8211; Turkowice. Podstawowa d\u0142ugo\u015b\u0107 szlaku: 66,5 km. Szlak godny polecenia bardziej turystom rowerowym ni\u017c pieszym. Pi\u0119kne widoki na wzniesienia Grz\u0119dy Sokalskiej. Atrakcj\u0105 jedyn\u0105 w swoim rodzaju jest pradawne grodzisko w Czermnie, by\u0107 mo\u017ce gr\u00f3d Czerwie\u0144 (stolica Grod\u00f3w Czerwie\u0144skich). Uwaga! Na sporych odcinkach oznakowanie zosta\u0142o zniszczone.<\/p>\n\n\n\n<p><strong>Szlak Ziemi J\u00f3zefowskiej znakowany kolorem zielonym<\/strong>.  Szczeg\u00f3\u0142owy przebieg:  J\u00f3zef\u00f3w &#8211; las Fryszarka &#8211; Osuchy &#8211; rezerwat Czartowe Pole (wzd\u0142u\u017c wodospad\u00f3w prowadzi niebieska \u015bcie\u017cka przyrodnicza) &#8211; Nowiny &#8211; D\u0142ugi K\u0105t. Podstawowa d\u0142ugo\u015b\u0107 szlaku: 51 km. Szlak wybitnie puszcza\u0144ski, przecinamy dwukrotnie Puszcz\u0119 Solsk\u0105 na ca\u0142ej jej szeroko\u015bci. Na trasie tak\u017ce miejsca historycznie zwi\u0105zane z okresem II wojny \u015bwiatowej. W 1996 roku na odcinku J\u00f3zef\u00f3w &#8211; las Fryszarka szlak wyprowadzono z le\u015bnych \u015bcie\u017cek na szerok\u0105 utwardzan\u0105 le\u015bn\u0105 drog\u0119 (z uwagi na ostoj\u0119 zwierzyny). Najciekawiej chyba po\u0142\u0105czy\u0107 dwa fragmenty trasy w jednodniow\u0105 wycieczk\u0119. Zaczynamy i ko\u0144czymy w Osuchach, a po\u0142\u0105czenie odcink\u00f3w nast\u0119puje we Fryszarce (przechodzimy przez most na Sopocie za znakami czarnymi).<\/p>\n\n\n\n<p><strong>Szlak Puszczy Solskiej G\u00f3recko Ko\u015bcielne &#8211; Bi\u0142goraj znakowany kolorem niebieskim<\/strong>.  Szczeg\u00f3\u0142owy przebieg:  G\u00f3recko Ko\u015bcielne &#8211; Brodziaki &#8211; Bi\u0142goraj PKP. Podstawowa d\u0142ugo\u015b\u0107 szlaku: 28 km. Uwaga! W okolicy wsi Brodziaki dwa warianty szlaku, jeden niebieski, drugi czarny (o 1 km kr\u00f3tszy i prostszy &#8211; opcja dla rowerzyst\u00f3w, zalecany tak\u017ce turystom pieszym w przypadku wysokiego poziomu wody w dolinie Ratwicy).<br>Szlak o charakterze puszcza\u0144skim, prowadz\u0105cy w du\u017cej mierze \u015br\u00f3dle\u015bn\u0105 szos\u0105. Jest ona w\u0105ska, samochod\u00f3w tu nie b\u0119dzie, a mijane siedliska le\u015bne przepi\u0119kne.<\/p>\n\n\n\n<h4 class=\"wp-block-heading\">Roztocze Zachodnie<\/h4>\n\n\n\n<p><strong>Szlak \u0141\u0105cznikowy Zwierzyniec &#8211; Lipowiec znakowany kolorem czarnym<\/strong>.  Szczeg\u00f3\u0142owy przebieg:  Zwierzyniec &#8211; g\u00f3ra D\u0105browa &#8211; Lipowiec. Podstawowa d\u0142ugo\u015b\u0107 szlaku: 12 km. Szlak stanowi alternatywn\u0105 wersj\u0119 niebieskiego Centralnego na tym odcinku. \u0141\u0105czy si\u0119 tak\u017ce w Lipowcu z \u017c\u00f3\u0142tym szlakiem Roztocza\u0144skim.<\/p>\n\n\n\n<p><strong>Szlak Roztocza\u0144ski znakowany kolorem \u017c\u00f3\u0142tym<\/strong>.  Szczeg\u00f3\u0142owy przebieg:  Zwierzyniec  (stacja kolejowa)   &#8211; Panas\u00f3wka &#8211; Trz\u0119siny &#8211; kamienio\u0142omy \u017belebsko &#8211; Hedwi\u017cyn &#8211; Wola Du\u017ca  &#8211; Bi\u0142goraj &#8211; Bidacz\u00f3w Stary. Podstawowa d\u0142ugo\u015b\u0107 szlaku: 53 km. Szlak wyprowadza z Roztocza \u015arodkowego na Zachodnie wiod\u0105c dalej przez R\u00f3wnin\u0119 Bi\u0142gorajsk\u0105. Po zmianach w przebiegu szlak nie prowadzi ju\u017c skrajem Bagna Ta\u0142andy, za to zagl\u0105da w okolice kamienio\u0142om\u00f3w w \u017belebsku. Ciekawa jest tak\u017ce le\u015bna kapliczka w okolicy wsi Trz\u0119siny.<\/p>\n\n\n\n<p><strong>Szlak Partyzancki znakowany kolorem czerwonym<\/strong>.  Szczeg\u00f3\u0142owy przebieg:  <br>Krynice &#8211; Kolonia Partyzant\u00f3w &#8211; Dominikan\u00f3wka &#8211; Krasnobr\u00f3d &#8211; Jacnia &#8211; Kolonia Bondyrz &#8211; Wojda &#8211; Kosobudy &#8211; Szczebrzeszyn &#8211; Szper\u00f3wka.<br>Podstawowa d\u0142ugo\u015b\u0107 szlaku: 53 km. Kolejna trasa partyzancka (miejsca bitew pod Zaborecznem i Wojd\u0105). Szlak rozpoczyna si\u0119 na skraju Grz\u0119dy Sokalskiej prowadz\u0105c dalej przez Roztocze \u015arodkowe i Roztocza\u0144ski Park Narodowy (uroczysko Jarugi) i ko\u0144cz\u0105c sw\u00f3j bieg na Roztoczu Zachodnim. Naj\u0142adniejszy odcinek prowadzi z Krasnobrodu do Szczebrzeszyna.<\/p>\n\n\n\n<p><strong>Lubelska droga \u015bw. Jakuba, znakowana symbolami muszli i kolorowymi strza\u0142kami. <\/strong> Szczeg\u00f3\u0142owy przebieg:   Lublin (ko\u015bci\u00f3\u0142 Dominikan\u00f3w na Star\u00f3wce) &#8211; G\u0142usk (ko\u015bci\u00f3\u0142 pw. \u015bw. Jakuba) &#8211; Pszczela Wola &#8211; Strzy\u017cewice &#8211; Piotrowice &#8211; Kie\u0142czewice &#8211; Str\u00f3\u017ca &#8211; Kra\u015bnik&nbsp; (Sandomierz). Podstawowa d\u0142ugo\u015b\u0107 szlaku: 65 km. Roztocza\u0144ski odcinek Lubelskiej drogi \u015bw. Jakuba ko\u0144czy si\u0119 w Kra\u015bniku, szlak prowadzi jednak dalej do Sandomierza (dwa warianty: przez Annopol, lub skr\u00f3tem do Zawichostu), gdzie w\u0142\u0105cza si\u0119 w Drog\u0119 Ma\u0142opolsk\u0105. Korzystaj\u0105c z kolejnych tras przekroczy\u0107 mo\u017cna granice naszego kraju i w\u0119drowa\u0107 dalej a\u017c do do grobu \u015bw. Jakuba Starszego w hiszpa\u0144skim Santiago de Compostela. Planowane s\u0105 jeszcze drogi Zamojska i Roztocza\u0144sk\u0105, kt\u00f3re z Lubelsk\u0105 b\u0119d\u0105 \u0142\u0105czy\u0107 si\u0119 w Sandomierzu.<\/p>\n\n\n\n<h4 class=\"wp-block-heading\">Roztocze Po\u0142udniowe (Wschodnie)<\/h4>\n\n\n\n<p><strong>Szlak Wolno\u015bciowy znakowany kolorem czerwonym<\/strong>.  Szczeg\u00f3\u0142owy przebieg:   Tomasz\u00f3w Lubelski &#8211; So\u0142okija &#8211; Be\u0142\u017cec  (stacja kolejowa)  &#8211; Brzeziny &#8211; wzniesienia Kr\u0105g\u0142y i D\u0142ugi Goraj (szlak przechodzi siod\u0142em pomi\u0119dzy nimi) &#8211; Siedliska &#8211; Hrebenne  (stacja kolejowa)  &#8211; Lubycza Kr\u00f3lewska. Podstawowa d\u0142ugo\u015b\u0107 szlaku: 49,5 km. Pierwszorz\u0119dna trasa roztocza\u0144ska przecinaj\u0105ca Roztocze Wschodnie (Po\u0142udniowe). Na trasie pi\u0119kne uroczysko Siedliska z buczyn\u0105 karpack\u0105 i najwy\u017csze (obok Wielkiego Dzia\u0142u) wzniesienie polskiej cz\u0119\u015bci Roztocza &#8211; Kr\u0105g\u0142y Goraj. Na jego stokach zobaczy\u0107 mo\u017cna bunkier z tzw. linii Mo\u0142otowa.<\/p>\n\n\n\n<p><strong>Szlak im. \u015bw. Brata Alberta, znakowany kolorem zielonym<\/strong>.  Szczeg\u00f3\u0142owy przebieg:  Horyniec (stacja kolejowa) &#8211; Dziewi\u0119cierz &#8211; Werchrata  (stacja kolejowa)  &#8211; Monastyr &#8211; Wielki Dzia\u0142 &#8211; Jack\u00f3w Ogr\u00f3d &#8211; Narol. Podstawowa d\u0142ugo\u015b\u0107 szlaku: 47 km. Chyba najciekawsza trasa Roztocza Wschodniego (Po\u0142udniowego). Du\u017ce wra\u017cenie wywiera odcinek prowadz\u0105cy najpierw skrajem lasu Buczyna, potem rezerwatu ja\u0142owc\u00f3w So\u0142okije (rejon Nowin Horynieckich i Dziewi\u0119cierza), a tak\u017ce okolice ruin dawnego bazylia\u0144skiego klasztoru na wzniesieniu Monastyr ko\u0142o Werchraty.<\/p>\n\n\n\n<p><strong>Szlak Po\u0142udniowy, znakowany kolorem \u017c\u00f3\u0142tym<\/strong>.  Szczeg\u00f3\u0142owy przebieg: <br>Susiec (stacja kolejowa) &#8211; rezerwat Nad Tanwi\u0105 &#8211; Huta Szumy &#8211; Narol &#8211; Lipie. Podstawowa d\u0142ugo\u015b\u0107 szlaku: 18,5 km. Szlak o ciekawej historii, wielokrotnie zmieniany. Obecnie dost\u0119pny w wersji szcz\u0105tkowej. Nazwa Po\u0142udniowy odnosi si\u0119 do zlikwidowanego odcinka prowadz\u0105cego z Narola na Roztocze Po\u0142udniowe do Hory\u0144ca. Powsta\u0142\u0105 luk\u0119 cz\u0119\u015bciowo wype\u0142nia szlak Brata Alberta. Z Lipia mo\u017cna w\u0119dr\u00f3wk\u0119 kontynuowa\u0107 dalej czerwonym pieszym szlakiem Wolno\u015bciowym.<\/p>\n\n\n\n<p><strong>Szlak p.o. Goraje znakowany kolorem \u017c\u00f3\u0142tym<\/strong>.  Szczeg\u00f3\u0142owy przebieg:  <br>Pawliszcze &#8211; Huta Lubycka, 10 km. Szlak pozwala pozna\u0107 umocnienia punktu obronnego Goraje nale\u017c\u0105cego do s\u0142ynnej Linii Mo\u0142otowa.<\/p>\n\n\n\n<h4 class=\"wp-block-heading\">Lasy Janowskie<\/h4>\n\n\n\n<p><strong>Szlak Historyczny (Janowski) znakowany kolorem \u017c\u00f3\u0142tym<\/strong>.  Szczeg\u00f3\u0142owy przebieg: Momoty G\u00f3rne (ko\u015bci\u00f3\u0142 ks. Pi\u0144ciurka) &#8211; stawy &#8211; Porytowe Wzg\u00f3rze &#8211; dolina Branwi &#8211; Porytowe Wzg\u00f3rze &#8211; Jan\u00f3w Lubelski (18 km) &#8211; Wierzchowiska &#8211; Batorz. Podstawowa d\u0142ugo\u015b\u0107 szlaku: 47 km. Trasa oryginalnie zaczyna\u0142a si\u0119 na Porytowym Wzg\u00f3rzu. W 2017 r. wyd\u0142u\u017cono j\u0105 przemalowuj\u0105c z koloru niebieskiego na \u017c\u00f3\u0142ty funkcjonuj\u0105cy dot\u0105d oddzielnie kr\u00f3tki szlak wiod\u0105cy rezerwat przez Lasy Janowskie. Pocz\u0105tek przy s\u0142ynnym drewnianym ko\u015bci\u00f3\u0142ku ks. Kazimierza Pi\u0144ciurka w Momotych G\u00f3rnych. Potem przechodzimy przez teren walk z czerwca 1944 r. (Sturmwind I), dalej znaki wyprowadzaj\u0105 nas z R\u00f3wniny Bi\u0142gorajskiej na Roztocze Zachodnie. Koniec w\u0119dr\u00f3wki przy powsta\u0144czym kopcu z 1863 r. w Batorzu. Jest to miejsce bitwy, w kt\u00f3rej poleg\u0142 legendarny Marcin &#8222;Lelewel&#8221; Borelowski.<\/p>\n\n\n\n<p><strong>Szlaki w Lasach Lipskich<\/strong>. W za\u0142o\u017ceniu s\u0105 to trasy piesze, jednak bez wi\u0119kszych problem\u00f3w wi\u0119kszo\u015b\u0107 z nich mo\u017cna pokona\u0107 tak\u017ce rowerem g\u00f3rskim. Oto lista nowych szlak\u00f3w:<br>Zaklik\u00f3w  (szlak zaczyna si\u0119 przy szosie do Modliborzyc, ju\u017c w lesie) &#8211; Lipa, granatowy, 12 km.<br>Nast\u0119pne dwa szlaki rozpoczynaj\u0105 si\u0119 w Rzeczycy D\u0142ugiej, na skraju lasu.<br>Rzeczyca D\u0142uga \u2013 Goliszowiec \u2013 Bia\u0142e G\u00f3ry \u2013 Lipa, niebieski, 9 km.<br>Rzeczyca D\u0142uga \u2013 szk\u00f3\u0142ka le\u015bna Rzeczyca &#8211; Goliszowiec \u2013 Kruszyna \u2013 Janiki \u2013 Lipa, \u017c\u00f3\u0142ty, 13,5 km.<br>Ofert\u0119 uzupe\u0142niaj\u0105 dwie p\u0119tle w rejonie Lipy, pomara\u0144czowa (10,5 km) i fioletowa (14 km).<br>Ponadto pomy\u015blano tak\u017ce o osobach niepe\u0142nosprawnych, kt\u00f3rym zaproponowano tras\u0119 prowadz\u0105c\u0105 szos\u0105 z Rzeczycy D\u0142ugiej przez Goliszowiec do Lipy, wykorzystuj\u0105c\u0105 kolejno fragmenty szlak\u00f3w \u017c\u00f3\u0142tego i fioletowego (trasa nie jest oddzielnie znakowana). Szkoda mo\u017ce troch\u0119, \u017ce dla niekt\u00f3rych tras przyj\u0119to troch\u0119 dziwne kolory, takie jak granatowy czy fioletowy (pozosta\u0142o wszak w zapasie jeszcze kilka kolor\u00f3w standardowych jak czarny, czy zielony). Odr\u0119bnym problemem s\u0105 uroki lata 2010 r. Szlaki bez problemu mo\u017cna by\u0142o pokona\u0107 na pocz\u0105tku lipca, ale po opadach na pocz\u0105tku sierpnia tu i \u00f3wdzie pojawi\u0142y si\u0119 obszerne rozlewiska, np. pomi\u0119dzy stacj\u0105 kolejow\u0105 Lipa drog\u0105 Mazurowsk\u0105 a Goliszowcem. Wygl\u0105da na to, \u017ce wybi\u0142y jakie\u015b \u017ar\u00f3d\u0142a, bo zalanie terenu sprawia obecnie ju\u017c trwa\u0142e wra\u017cenie.<\/p>\n\n\n\n<h4 class=\"wp-block-heading\">Inne<\/h4>\n\n\n\n<p>Tu i \u00f3wdzie pojawiaj\u0105 si\u0119 nieoficjalne trasy lokalne, znakowane np. kolorowymi zygzakami (okolice Majdanu Sopockiego).<\/p>\n","protected":false},"excerpt":{"rendered":"<p>Szlaki d\u0142ugodystansowe Szlak Centralny znakowany kolorem niebieskim. Szczeg\u00f3\u0142owy przebieg: Horyniec (stacja kolejowa) &#8211; wzg\u00f3rze Wielki Dzia\u0142 &#8211; Huta Lubycka &#8211; Lubycza Kr\u00f3lewska &#8211; Be\u0142\u017cec (stacja kolejowa) &#8211; Rabin\u00f3wka &#8211; Ul\u00f3w &#8211; wzniesienie Wapielnia &#8211; Husiny &#8211; G\u00f3ra Kamie\u0144 &#8211; Stanis\u0142aw\u00f3w &#8211; Potok Senderki &#8211; Lasowce &#8211; Roztocza\u0144ski Park Narodowy &#8211; Obrocz &#8211; Zwierzyniec (stacja kolejowa) &hellip; <a href=\"https:\/\/roztocze24.info\/?page_id=914\" class=\"more-link\">Czytaj dalej<span class=\"screen-reader-text\"> \u201eSzlaki piesze\u201d<\/span><\/a><\/p>\n","protected":false},"author":1,"featured_media":0,"parent":909,"menu_order":0,"comment_status":"closed","ping_status":"closed","template":"","meta":{"footnotes":""},"class_list":["post-914","page","type-page","status-publish","hentry"],"_links":{"self":[{"href":"https:\/\/roztocze24.info\/index.php?rest_route=\/wp\/v2\/pages\/914","targetHints":{"allow":["GET"]}}],"collection":[{"href":"https:\/\/roztocze24.info\/index.php?rest_route=\/wp\/v2\/pages"}],"about":[{"href":"https:\/\/roztocze24.info\/index.php?rest_route=\/wp\/v2\/types\/page"}],"author":[{"embeddable":true,"href":"https:\/\/roztocze24.info\/index.php?rest_route=\/wp\/v2\/users\/1"}],"replies":[{"embeddable":true,"href":"https:\/\/roztocze24.info\/index.php?rest_route=%2Fwp%2Fv2%2Fcomments&post=914"}],"version-history":[{"count":4,"href":"https:\/\/roztocze24.info\/index.php?rest_route=\/wp\/v2\/pages\/914\/revisions"}],"predecessor-version":[{"id":8846,"href":"https:\/\/roztocze24.info\/index.php?rest_route=\/wp\/v2\/pages\/914\/revisions\/8846"}],"up":[{"embeddable":true,"href":"https:\/\/roztocze24.info\/index.php?rest_route=\/wp\/v2\/pages\/909"}],"wp:attachment":[{"href":"https:\/\/roztocze24.info\/index.php?rest_route=%2Fwp%2Fv2%2Fmedia&parent=914"}],"curies":[{"name":"wp","href":"https:\/\/api.w.org\/{rel}","templated":true}]}}