{"id":917,"date":"2016-02-20T19:20:37","date_gmt":"2016-02-20T19:20:37","guid":{"rendered":"http:\/\/roztocze24.info\/turysta-2\/szlaki\/roztocze_trasy_nordic_walking\/"},"modified":"2024-05-04T23:06:55","modified_gmt":"2024-05-04T21:06:55","slug":"roztocze_trasy_nordic_walking","status":"publish","type":"page","link":"https:\/\/roztocze24.info\/?page_id=917","title":{"rendered":"Szlaki nordic walking &#8211; informacje og\u00f3lne"},"content":{"rendered":"\n<p>Pierwsze takie trasy (zarazem przeznaczone dla narciarstwa biegowego) otwarto w Siwej Dolinie k. Tomaszowa Lubelskiego ju\u017c kilka lat temu.<br>Ca\u0142\u0105 sie\u0107 takich tras na Roztoczu \u015arodkowym przygotowano dopiero wiosn\u0105 2014 r. Ka\u017cda z nich tworzy p\u0119tl\u0119, kt\u00f3ra niekiedy wzbogacona jest o \u0142\u0105cznik do miejsca, kt\u00f3re stanowi punkt wyj\u015bcia dla wszystkich szlak\u00f3w w danym parku.<br>W Siwej Dolinie znaki to kolorowe obr\u0119cze na drzewach.<br>W przypadku pozosta\u0142ych park\u00f3w nordic walking na Roztoczu \u015arodkowym, tudzie\u017c na Zachodnim, znaki to figura biegacza, poni\u017cej kolory pasek.<br>Na Roztoczu Po\u0142udniowym cz\u0119\u015b\u0107 szlak\u00f3w znakowana jest niewymiarowymi strza\u0142kami, cz\u0119\u015b\u0107 tabliczkami z figur\u0105 biegacza.<\/p>\n\n\n\n<h3 class=\"wp-block-heading\">Szlaki nordic walking &#8211; Roztocze \u015arodkowe<\/h3>\n\n\n\n<p><strong>Park Siwa Dolina k. Tomaszowa Lubelskiego<\/strong> <\/p>\n\n\n\n<p>Przygotowano 6 r\u00f3\u017cnych p\u0119tli o zr\u00f3\u017cnicowanej d\u0142ugo\u015bci. Najkr\u00f3tsze trasy przebiegaj\u0105 pomi\u0119dzy parkingiem w Siwej Dolinie i stadionem w Tomaszowie Lubelskim (fioletowa i \u017c\u00f3\u0142ta), trasy d\u0142u\u017csze prowadz\u0105 w g\u0142\u0105b doliny, w kierunku zach. Orientacyjna d\u0142ugo\u015b\u0107 tras: \u017c\u00f3\u0142ta \u2013 1 km, fioletowa \u2013 1,5 km, pomara\u0144czowa \u2013 2 km, czerwona \u2013 2,5 km, zielona \u2013 3 km i niebieska \u2013 5 km.<\/p>\n\n\n\n<p><strong>Park nordic walking gminy Zamo\u015b\u0107<\/strong><\/p>\n\n\n\n<p> Mokre: trasa zielona wok\u00f3\u0142 lasu do rezerwatu \u201eHubale\u201d (3,0 km).<\/p>\n\n\n\n<p>W\u00f3lka Wieprzecka: trasa zielona prowadz\u0105ca kraw\u0119dzi\u0105 las\u00f3w RPN wok\u00f3\u0142 stadniny koni Tarka (5,5 km).<\/p>\n\n\n\n<p>Lipsko Polesie: trasy czerwona wok\u00f3\u0142 kapliczki \u015bw. Romana (9 km) i zielona przez kompleksy le\u015bne Lipsko-Polesie (4 km). <\/p>\n\n\n\n<p><strong>Park nordic walking Jacnia<\/strong><\/p>\n\n\n\n<p>Podstawowa jest trasa czarna, prowadz\u0105ca przez kompleksy le\u015bne wok\u00f3\u0142 Jacni (8 km), jej skr\u00f3ty stanowi\u0105 trasy czerwona do \u017ar\u00f3de\u0142ka w Grabniku (5 km) i zielona wok\u00f3\u0142 stoku narciarskiego w Jacni (4 km)<\/p>\n\n\n\n<p><strong>Park nordic walking J\u00f3zef\u00f3w<\/strong><\/p>\n\n\n\n<p>Trasy zielona wok\u00f3\u0142 zalewu i rezerwatu J\u0119zior (7 km), czerwona przez kompleksy lesne Puszczy Solskiej (8,5 km) i czarna do Szopowego wok\u00f3\u0142 g\u00f3ry M\u0142ynarki (12,5 km)<\/p>\n\n\n\n<p><strong>Park nordic walking Zwierzyniec<\/strong><\/p>\n\n\n\n<p>Trasy zielona do staw\u00f3w Echo (3 km), czerwona na Piaseczn\u0105 G\u00f3r\u0119 (5 km) i czarna wiod\u0105ca obok zalewu Rudka na Kamienna G\u00f3r\u0119 (10 km)<\/p>\n\n\n\n<p><strong>Park nordic walking Krasnobr\u00f3d<\/strong><\/p>\n\n\n\n<p>Trasy zielona Trasa zielona wok\u00f3\u0142 korony zalewu (3 km), czerwona przez rezerwat \u015aw. Roch (10 km, w tym 3 km to \u0142\u0105cznik Krasnobr\u00f3d Podklasztor &#8211; zalew) i czarna do Szuru (13,5 km)<\/p>\n\n\n\n<h3 class=\"wp-block-heading\">Szlaki nordic walking &#8211; Roztocze Zachodnie<\/h3>\n\n\n\n<p><strong>Park nordic walking Szczebrzeszyn<\/strong><\/p>\n\n\n\n<p>Na wierzbowy mostek, <em>zielony<\/em>, 7,5 km<\/p>\n\n\n\n<p>Przez kompleksy le\u015bne Szczebrzeszy\u0144skiego Parku Krajobrazowego, <em>czerwony<\/em>, 10 km<\/p>\n\n\n\n<p>Przez w\u0105wozy lessowe, <em>czarny<\/em>, 13,5 km<\/p>\n\n\n\n<h3 class=\"wp-block-heading\">Szlaki nordic walking &#8211; Roztocze Po\u0142udniowe (Wschodnie)<\/h3>\n\n\n\n<p><strong>Cieszan\u00f3w, Horyniec, Narol<\/strong><\/p>\n\n\n\n<p>Trasy znakowane niestandardowo, bo w wi\u0119kszej ich cz\u0119\u015b\u0107 to jakie\u015b dziwaczne strza\u0142ki. To nie jedyny problem. Te strza\u0142ki poprzybijano do cienkich patyczk\u00f3w i po kilku miesi\u0105cach niewiele z tych znak\u00f3w zosta\u0142o. Zastrze\u017cenia budzi tak\u017ce przebieg, np. jedna z tras prowadzi kilka km wzd\u0142u\u017c szosy Lubacz\u00f3w &#8211; Horyniec, kt\u00f3ra charakteryzuje si\u0119 du\u017cym nat\u0119\u017ceniem ruchu samochodowego i brakiem pobocza. Kto bardzo ciekaw mo\u017ce telefonem sfotografowa\u0107 mapy z ich przebiegiem i p\u00f3\u017aniej zmierzy\u0107 si\u0119 z nimi w terenie. Tablica z map\u0105 szlak\u00f3w z rejonu <strong>Narola<\/strong> znajduje si\u0119 po wsch. stronie rynku. Tablica z map\u0105 szlak\u00f3w z rejonu <strong>Cieszanowa<\/strong> znajduje si\u0119 przy drodze prowadz\u0105cej do zalewu W\u0119drowiec. Tablica z mapa szlak\u00f3w z rejonu <strong>Hory\u0144ca<\/strong> znajduje si\u0119 w centrum parku zdrojowego.<\/p>\n\n\n\n<p><strong>Nadle\u015bnictwo Oleszyce<\/strong><\/p>\n\n\n\n<p><strong>Trasa nordic walking: Zabia\u0142a \u2013 u\u017cytek ekologiczny Kos\u00f3w Staw \u2013 Zabia\u0142a, <\/strong>znakowana tabliczkami z napisem nordic walking i <em>\u017c\u00f3\u0142tymi <\/em>sylwetkami biegacza, 11,5 km. Przyjemna wycieczka le\u015bna prowadz\u0105ca obok bagnistego u\u017cytku ekologicznego. Trasa stanowi fragment trasy p\u00f3\u0142maratonu, jego drug\u0105 cz\u0119\u015b\u0107 stanowi szlak rowerowy Nadle\u015bnictwa Oleszyce. <\/p>\n\n\n\n<h3 class=\"wp-block-heading\">Szlaki nordic walking &#8211; Lasy Janowskie<\/h3>\n\n\n\n<p><strong>Szlak nordic walking gminy Jarocin, znakowany kolorem czerwonym, 7,5 km<\/strong>. Trasa jednokierunkowa (!) prowadz\u0105ca w\u015br\u00f3d przyjemnego lasu (7,5 km). Z centrum Jarocina idziemy do zalewu (w\u0142a\u015bciwy pocz\u0105tek p\u0119tli) i dalej jeszcze 2 km za szos\u0105, aby potem korzysta\u0107 ju\u017c wy\u0142\u0105cznie z le\u015bnych dukt\u00f3w.<\/p>\n\n\n\n<h3 class=\"wp-block-heading\">Szlaki nordic walking &#8211; Puszcza Solska<\/h3>\n\n\n\n<p><strong>T\u0119czowy szlak w W\u00f3lce Biskiej, znakowany kolorem czerwonym, 4,5 km<\/strong>.<br>Przyjemny puszcza\u0144ski spacer, uwaga szlak jednokierunkowy! Pocz\u0105tek przy le\u015bnej szosie od strony W\u00f3lki, najpierw udajemy si\u0119 na lewo.<\/p>\n\n\n\n<p>Ponadto dwie trasy przygotowano w lesie na p\u0142d. od <strong>Su\u015bca<\/strong>, s\u0105 to jednak ma\u0142o czytelne bia\u0142e cyfry 1 i 2 malowane na drzewach bez \u017cadnego podk\u0142adu. Lepiej w\u0119drowa\u0107 tu bez szlaku.<\/p>\n","protected":false},"excerpt":{"rendered":"<p>Pierwsze takie trasy (zarazem przeznaczone dla narciarstwa biegowego) otwarto w Siwej Dolinie k. Tomaszowa Lubelskiego ju\u017c kilka lat temu.Ca\u0142\u0105 sie\u0107 takich tras na Roztoczu \u015arodkowym przygotowano dopiero wiosn\u0105 2014 r. Ka\u017cda z nich tworzy p\u0119tl\u0119, kt\u00f3ra niekiedy wzbogacona jest o \u0142\u0105cznik do miejsca, kt\u00f3re stanowi punkt wyj\u015bcia dla wszystkich szlak\u00f3w w danym parku.W Siwej Dolinie &hellip; <a href=\"https:\/\/roztocze24.info\/?page_id=917\" class=\"more-link\">Czytaj dalej<span class=\"screen-reader-text\"> \u201eSzlaki nordic walking &#8211; informacje og\u00f3lne\u201d<\/span><\/a><\/p>\n","protected":false},"author":1,"featured_media":0,"parent":909,"menu_order":0,"comment_status":"closed","ping_status":"closed","template":"","meta":{"footnotes":""},"class_list":["post-917","page","type-page","status-publish","hentry"],"_links":{"self":[{"href":"https:\/\/roztocze24.info\/index.php?rest_route=\/wp\/v2\/pages\/917","targetHints":{"allow":["GET"]}}],"collection":[{"href":"https:\/\/roztocze24.info\/index.php?rest_route=\/wp\/v2\/pages"}],"about":[{"href":"https:\/\/roztocze24.info\/index.php?rest_route=\/wp\/v2\/types\/page"}],"author":[{"embeddable":true,"href":"https:\/\/roztocze24.info\/index.php?rest_route=\/wp\/v2\/users\/1"}],"replies":[{"embeddable":true,"href":"https:\/\/roztocze24.info\/index.php?rest_route=%2Fwp%2Fv2%2Fcomments&post=917"}],"version-history":[{"count":4,"href":"https:\/\/roztocze24.info\/index.php?rest_route=\/wp\/v2\/pages\/917\/revisions"}],"predecessor-version":[{"id":8852,"href":"https:\/\/roztocze24.info\/index.php?rest_route=\/wp\/v2\/pages\/917\/revisions\/8852"}],"up":[{"embeddable":true,"href":"https:\/\/roztocze24.info\/index.php?rest_route=\/wp\/v2\/pages\/909"}],"wp:attachment":[{"href":"https:\/\/roztocze24.info\/index.php?rest_route=%2Fwp%2Fv2%2Fmedia&parent=917"}],"curies":[{"name":"wp","href":"https:\/\/api.w.org\/{rel}","templated":true}]}}