{"id":922,"date":"2016-02-20T19:20:37","date_gmt":"2016-02-20T19:20:37","guid":{"rendered":"http:\/\/roztocze24.info\/turysta-2\/ukrainskie\/kolej\/"},"modified":"2025-12-13T21:26:27","modified_gmt":"2025-12-13T20:26:27","slug":"kolej","status":"publish","type":"page","link":"https:\/\/roztocze24.info\/?page_id=922","title":{"rendered":"Kolej\u0105 do Lwowa: Hrebenne \u2013 Rawa Ruska \u2013 \u017b\u00f3\u0142kiew \u2013 Lw\u00f3w"},"content":{"rendered":"\n<p><strong>76 km<\/strong><\/p>\n\n\n\n<p>W 2004 r. do Lwowa z Polski poci\u0105giem mo\u017cna by\u0142o dojecha\u0107 na dwa sposoby. Poci\u0105giem bezpo\u015brednim (wagony sypialne) przez Medyk\u0119, lub \u2013 z przesiadk\u0105 \u2013 przez Hrebenne. Tylko ta druga trasa prowadzi przez Roztocze i st\u0105d moje ni\u0105 zainteresowanie. Poni\u017cszy opis ma ju\u017c jednak cz\u0119\u015bciowo charakter historyczny, bowiem w lipcu 2005 r. skasowano poci\u0105g <em>Roztocze <\/em>Warszawa Zachodnia &#8211;  Lublin &#8211; Hrebenne \u2013 Rawa Ruska.<\/p>\n\n\n<div class=\"wp-block-image\">\n<figure class=\"aligncenter\"><img loading=\"lazy\" decoding=\"async\" width=\"750\" height=\"500\" src=\"https:\/\/roztocze24.info\/wp-content\/uploads\/2019\/03\/DSC00509.jpg\" alt=\"\" class=\"wp-image-5277\" srcset=\"https:\/\/roztocze24.info\/wp-content\/uploads\/2019\/03\/DSC00509.jpg 750w, https:\/\/roztocze24.info\/wp-content\/uploads\/2019\/03\/DSC00509-300x200.jpg 300w\" sizes=\"auto, (max-width: 750px) 85vw, 750px\" \/><figcaption class=\"wp-element-caption\">Archiwalna tablica kierunkowa poci\u0105gu Roztocze w wersji do Rawy Ruskiej<\/figcaption><\/figure>\n<\/div>\n\n\n<p>Najtaniej wychodzi\u0142o kupi\u0107 bilet najpierw w ruchu krajowym do stacji granicznej w Hrebennem i oddzielny bilet, ju\u017c w ruchu mi\u0119dzynarodowym, na odcinek Hrebenne \u2013 Rawa Ruska (cena: 1 euro). Natomiast bilet na przejazd Rawa Ruska \u2013 Lw\u00f3w kupowa\u0142o si\u0119 \u2013 i nadal kupuje \u2013 ju\u017c we w\u0142a\u015bciwym poci\u0105gu, lub na stacji w Rawie. Jego cena w maju 2004 r. wynios\u0142a tylko 2 hr 70 kop. (wtedy nieco ponad 2 z\u0142). Za ten sam odcinek na PKP w tym samym czasie trzeba by\u0142o zap\u0142aci\u0107 10 z\u0142 50 gr.<\/p>\n\n\n\n<p>Obecnie kursuje tu poci\u0105g pospieszny <em>Wis\u0142ok<\/em> PKP Intercity w dawnej relacji Roztocze Zachodnie &#8211; Lublin &#8211; Rawa Ruska, jednak bez \u017cadnych przystank\u00f3w handlowych pomi\u0119dzy Lublinem a Raw\u0105 Rusk\u0105.<\/p>\n\n\n\n<p>Odprawa graniczna w <strong>Hrebennem<\/strong>, w tym kierunku jazdy bardzo szybka. Po chwili&nbsp; poci\u0105g rusza w stron\u0119 granicy. <\/p>\n\n\n<div class=\"wp-block-image\">\n<figure class=\"aligncenter\"><img loading=\"lazy\" decoding=\"async\" width=\"750\" height=\"500\" src=\"https:\/\/roztocze24.info\/wp-content\/uploads\/2019\/05\/IMG_5157-Hrebenne.jpg\" alt=\"\" class=\"wp-image-7167\" srcset=\"https:\/\/roztocze24.info\/wp-content\/uploads\/2019\/05\/IMG_5157-Hrebenne.jpg 750w, https:\/\/roztocze24.info\/wp-content\/uploads\/2019\/05\/IMG_5157-Hrebenne-300x200.jpg 300w\" sizes=\"auto, (max-width: 750px) 85vw, 750px\" \/><figcaption class=\"wp-element-caption\">Tor do Rawy Ruskiej w okolicy Hrebennego<\/figcaption><\/figure>\n<\/div>\n\n\n<p>Dooko\u0142a stepy. Na granicy dobrze zachowany fragment <em>sistemy<\/em>, a tak\u017ce witacz z napisem Ukraina. To tu powinna znajdowa\u0107 si\u0119 stacja Hrebenne Granica, kt\u00f3ra jest wypisywana na biletach, ale kt\u00f3rej nie ma w rzeczywisto\u015bci. Owszem, jest tu niewielki peron, ale to ju\u017c po stronie ukrai\u0144skiej. <\/p>\n\n\n\n<p>Po lewej stronie, po\u0142yskuje kopu\u0142a cerkwi w Rzyczkach, a jeszcze dalej zobaczy\u0107 mo\u017cna tor prowadz\u0105cy do Sokala.<\/p>\n\n\n\n<p>10 km &#8211; <strong>Rawa Ruska.<\/strong> Odprawa bardzo szybka. Poci\u0105g <em>Roztocze<\/em> mia\u0142 tu 90 minut postoju, ale dzi\u015b jedziemy do Lwowa!<\/p>\n\n\n<div class=\"wp-block-image\">\n<figure class=\"aligncenter\"><img loading=\"lazy\" decoding=\"async\" width=\"750\" height=\"500\" src=\"https:\/\/roztocze24.info\/wp-content\/uploads\/2019\/03\/3_rawa.jpg\" alt=\"\" class=\"wp-image-5182\" srcset=\"https:\/\/roztocze24.info\/wp-content\/uploads\/2019\/03\/3_rawa.jpg 750w, https:\/\/roztocze24.info\/wp-content\/uploads\/2019\/03\/3_rawa-300x200.jpg 300w\" sizes=\"auto, (max-width: 750px) 85vw, 750px\" \/><figcaption class=\"wp-element-caption\">Stacja Rawa Ruska<\/figcaption><\/figure>\n<\/div>\n\n\n<p class=\"center\">Budynek stacyjny od strony tor\u00f3w wygl\u0105da niemal tak, jak w momencie budowy niemal 100 lat temu. Wsiadamy do ukrai\u0144skiego poci\u0105gu. Poci\u0105g z Rawy do Lwowa jedzie 2 godz. 30-40 min. Obecnie jest to do\u015b\u0107 d\u0142ugi sk\u0142ad spalinowy, przy czym \u2013 i to jest ciekawostka \u2013 podczas przejazdu pracuje zar\u00f3wno silnik umieszczony przy stanowisku maszynisty na pocz\u0105tku, jak i na ko\u0144cu sk\u0142adu. Poci\u0105g jedzie bardzo wolno (jakie\u015b 25 km\/h), ale paradoksalnie nie jest to wad\u0105. Dzi\u0119ki temu bowiem mo\u017cna podziwia\u0107 roztocza\u0144skie wzg\u00f3rza w pe\u0142nej krasie.<\/p>\n\n\n\n<p>12 km &#8211; <strong>\u0141u\u017cki<\/strong>.<\/p>\n\n\n\n<p>18 km <strong>&#8211; Kamionka Wo\u0142oska<\/strong>.<\/p>\n\n\n\n<p>22 km &#8211; <strong>Moszczana<\/strong>.<\/p>\n\n\n\n<p>25 km &#8211; <strong>\u0141awryk\u00f3w.<\/strong><\/p>\n\n\n\n<p class=\"center\">Pocz\u0105tek nie zapowiada jednak atrakcji. A\u017c do \u0141awrykowa jedziemy wzd\u0142u\u017c szosy Rawa \u2013 Lw\u00f3w. Po prawej wzg\u00f3rza Roztocza, na razie jeszcze do\u015b\u0107 odleg\u0142e.<\/p>\n\n\n\n<p>27 km &#8211; <strong>Pa\u0144szczyszyny.<\/strong><\/p>\n\n\n\n<p>30 km &#8211;<strong> Dobrosin.<\/strong><\/p>\n\n\n\n<p>33 km &#8211; <strong>Zarzyszcze.<\/strong><\/p>\n\n\n\n<p>38 km &#8211; <strong>Gli\u0144sko.<\/strong><\/p>\n\n\n\n<p>43 km &#8211; <strong>\u017b\u00f3\u0142kiew.<\/strong><\/p>\n\n\n\n<p class=\"center\">Za \u017b\u00f3\u0142kwi\u0105 linia kolejowa przecina drog\u0119 prowadz\u0105c\u0105 do odleg\u0142ego st\u0105d o 10 km monastyru w Krechowie.<\/p>\n\n\n\n<p>47 km &#8211; <strong>Macoszyn<\/strong>.<\/p>\n\n\n\n<p>53 km &#8211; <strong>Kulik\u00f3w.<\/strong><\/p>\n\n\n\n<p class=\"center\">Dalej Kulik\u00f3w. Z&nbsp; poci\u0105gu wida\u0107 monumentalne wzg\u00f3rze o nazwie Czerwony Kamie\u0144. Na jego szczycie faktycznie znajduj\u0105 si\u0119 czerwone ska\u0142ki (na zdj\u0119ciu), jednak z poci\u0105gu ich nie wida\u0107. Trzeba wybra\u0107 si\u0119 na dodatkow\u0105 wycieczk\u0119 piesz\u0105.<\/p>\n\n\n<div class=\"wp-block-image\">\n<figure class=\"aligncenter\"><img loading=\"lazy\" decoding=\"async\" width=\"750\" height=\"500\" src=\"https:\/\/roztocze24.info\/wp-content\/uploads\/2019\/03\/IMG_4219.jpg\" alt=\"\" class=\"wp-image-5186\" srcset=\"https:\/\/roztocze24.info\/wp-content\/uploads\/2019\/03\/IMG_4219.jpg 750w, https:\/\/roztocze24.info\/wp-content\/uploads\/2019\/03\/IMG_4219-300x200.jpg 300w\" sizes=\"auto, (max-width: 750px) 85vw, 750px\" \/><figcaption class=\"wp-element-caption\">Wzg\u00f3rze Czerwony Kamie\u0144 k. Kulikowa<\/figcaption><\/figure>\n<\/div>\n\n\n<p class=\"center\">Kulik\u00f3w to zarazem symboliczna kolejowa brama na Roztocze Ukrai\u0144skie. Tu zaczyna si\u0119 najciekawszy odcinek szlaku!<\/p>\n\n\n<div class=\"wp-block-image\">\n<figure class=\"aligncenter\"><img loading=\"lazy\" decoding=\"async\" width=\"750\" height=\"500\" src=\"https:\/\/roztocze24.info\/wp-content\/uploads\/2019\/03\/7_trasa.jpg\" alt=\"\" class=\"wp-image-5185\" srcset=\"https:\/\/roztocze24.info\/wp-content\/uploads\/2019\/03\/7_trasa.jpg 750w, https:\/\/roztocze24.info\/wp-content\/uploads\/2019\/03\/7_trasa-300x200.jpg 300w\" sizes=\"auto, (max-width: 750px) 85vw, 750px\" \/><figcaption class=\"wp-element-caption\">Na szlaku<\/figcaption><\/figure>\n<\/div>\n\n\n<p class=\"center\">Tu jest jak w Beskidach: wysokie wzg\u00f3rza na wyci\u0105gni\u0119cie r\u0119ki, ich stoki zaczynaj\u0105 si\u0119 tu\u017c co przy torowisku, miejscami trasa poprowadzona jest trawersem wysoko ponad dolin\u0105, miejscami w g\u0142\u0119bokich wykopach. Przed nami fascynuj\u0105cy przejazd w\u015br\u00f3d wzg\u00f3rz dolin\u0105 malowniczej rzeczki Mliniwki.<\/p>\n\n\n<div class=\"wp-block-image\">\n<figure class=\"aligncenter\"><img loading=\"lazy\" decoding=\"async\" width=\"750\" height=\"500\" src=\"https:\/\/roztocze24.info\/wp-content\/uploads\/2019\/03\/10_trasa.jpg\" alt=\"\" class=\"wp-image-5183\" srcset=\"https:\/\/roztocze24.info\/wp-content\/uploads\/2019\/03\/10_trasa.jpg 750w, https:\/\/roztocze24.info\/wp-content\/uploads\/2019\/03\/10_trasa-300x200.jpg 300w\" sizes=\"auto, (max-width: 750px) 85vw, 750px\" \/><figcaption class=\"wp-element-caption\">W dolinie Mliniwki<\/figcaption><\/figure>\n<\/div>\n\n<div class=\"wp-block-image\">\n<figure class=\"aligncenter\"><img loading=\"lazy\" decoding=\"async\" width=\"750\" height=\"500\" src=\"https:\/\/roztocze24.info\/wp-content\/uploads\/2019\/03\/11_trasa.jpg\" alt=\"\" class=\"wp-image-5184\" srcset=\"https:\/\/roztocze24.info\/wp-content\/uploads\/2019\/03\/11_trasa.jpg 750w, https:\/\/roztocze24.info\/wp-content\/uploads\/2019\/03\/11_trasa-300x200.jpg 300w\" sizes=\"auto, (max-width: 750px) 85vw, 750px\" \/><figcaption class=\"wp-element-caption\">W dolinie Mliniwki<\/figcaption><\/figure>\n<\/div>\n\n\n<p class=\"center\">\u017belazny szlak wije si\u0119 w\u015br\u00f3d wzg\u00f3rz. Na tym odcinku w pobli\u017cu nie ma \u017cadnej szosy, ani drogi, nie wida\u0107 tak\u017ce ludzkich osad.<\/p>\n\n\n\n<p>Kolejne mijane stacje:<\/p>\n\n\n\n<p>59 km &#8211; <strong>Zaszk\u00f3w<\/strong>.<\/p>\n\n\n\n<p>68 km &#8211; <strong>Brzuchowice<\/strong>. Swego czasu to by\u0142 kurort&#8230;<\/p>\n\n\n<div class=\"wp-block-image\">\n<figure class=\"aligncenter\"><img loading=\"lazy\" decoding=\"async\" width=\"750\" height=\"500\" src=\"https:\/\/roztocze24.info\/wp-content\/uploads\/2019\/05\/IMG_3598.jpg\" alt=\"\" class=\"wp-image-7162\" srcset=\"https:\/\/roztocze24.info\/wp-content\/uploads\/2019\/05\/IMG_3598.jpg 750w, https:\/\/roztocze24.info\/wp-content\/uploads\/2019\/05\/IMG_3598-300x200.jpg 300w\" sizes=\"auto, (max-width: 750px) 85vw, 750px\" \/><figcaption class=\"wp-element-caption\">Stacja Brzuchowice<\/figcaption><\/figure>\n<\/div>\n\n\n<p>72 km &#8211; <strong>Rz\u0119sna Polska<\/strong> (obecnie <strong>Rz\u0119sna Ruska<\/strong>).<\/p>\n\n\n\n<p>74 km &#8211; <strong>Lw\u00f3w Klepar\u00f3w<\/strong>.<\/p>\n\n\n\n<p>75 km &#8211; <strong>Batariowka<\/strong>.<\/p>\n\n\n\n<p>76 km &#8211; <strong>Lw\u00f3w<\/strong>. Monumentalny i pi\u0119kny g\u0142\u00f3wny dworzec kolejowy wywiera ogromne wra\u017cenie.<\/p>\n\n\n<div class=\"wp-block-image\">\n<figure class=\"aligncenter\"><img loading=\"lazy\" decoding=\"async\" width=\"750\" height=\"500\" src=\"https:\/\/roztocze24.info\/wp-content\/uploads\/2019\/03\/DSCN0590.jpg\" alt=\"\" class=\"wp-image-4468\" srcset=\"https:\/\/roztocze24.info\/wp-content\/uploads\/2019\/03\/DSCN0590.jpg 750w, https:\/\/roztocze24.info\/wp-content\/uploads\/2019\/03\/DSCN0590-300x200.jpg 300w\" sizes=\"auto, (max-width: 750px) 85vw, 750px\" \/><figcaption class=\"wp-element-caption\">Dworzec kolejowy we Lwowie<\/figcaption><\/figure>\n<\/div>\n\n\n<p>Potem by\u0142a jeszcze star\u00f3wka i obowi\u0105zkowa wspinaczka na wzg\u00f3rze Wysoki Zamek.<\/p>\n\n\n\n<p><em>22-23 maja 2004 r.<\/em><\/p>\n","protected":false},"excerpt":{"rendered":"<p>76 km W 2004 r. do Lwowa z Polski poci\u0105giem mo\u017cna by\u0142o dojecha\u0107 na dwa sposoby. Poci\u0105giem bezpo\u015brednim (wagony sypialne) przez Medyk\u0119, lub \u2013 z przesiadk\u0105 \u2013 przez Hrebenne. Tylko ta druga trasa prowadzi przez Roztocze i st\u0105d moje ni\u0105 zainteresowanie. Poni\u017cszy opis ma ju\u017c jednak cz\u0119\u015bciowo charakter historyczny, bowiem w lipcu 2005 r. skasowano &hellip; <a href=\"https:\/\/roztocze24.info\/?page_id=922\" class=\"more-link\">Czytaj dalej<span class=\"screen-reader-text\"> \u201eKolej\u0105 do Lwowa: Hrebenne \u2013 Rawa Ruska \u2013 \u017b\u00f3\u0142kiew \u2013 Lw\u00f3w\u201d<\/span><\/a><\/p>\n","protected":false},"author":1,"featured_media":0,"parent":808,"menu_order":0,"comment_status":"closed","ping_status":"closed","template":"","meta":{"footnotes":""},"class_list":["post-922","page","type-page","status-publish","hentry"],"_links":{"self":[{"href":"https:\/\/roztocze24.info\/index.php?rest_route=\/wp\/v2\/pages\/922","targetHints":{"allow":["GET"]}}],"collection":[{"href":"https:\/\/roztocze24.info\/index.php?rest_route=\/wp\/v2\/pages"}],"about":[{"href":"https:\/\/roztocze24.info\/index.php?rest_route=\/wp\/v2\/types\/page"}],"author":[{"embeddable":true,"href":"https:\/\/roztocze24.info\/index.php?rest_route=\/wp\/v2\/users\/1"}],"replies":[{"embeddable":true,"href":"https:\/\/roztocze24.info\/index.php?rest_route=%2Fwp%2Fv2%2Fcomments&post=922"}],"version-history":[{"count":13,"href":"https:\/\/roztocze24.info\/index.php?rest_route=\/wp\/v2\/pages\/922\/revisions"}],"predecessor-version":[{"id":9444,"href":"https:\/\/roztocze24.info\/index.php?rest_route=\/wp\/v2\/pages\/922\/revisions\/9444"}],"up":[{"embeddable":true,"href":"https:\/\/roztocze24.info\/index.php?rest_route=\/wp\/v2\/pages\/808"}],"wp:attachment":[{"href":"https:\/\/roztocze24.info\/index.php?rest_route=%2Fwp%2Fv2%2Fmedia&parent=922"}],"curies":[{"name":"wp","href":"https:\/\/api.w.org\/{rel}","templated":true}]}}