{"id":923,"date":"2016-02-20T19:20:37","date_gmt":"2016-02-20T19:20:37","guid":{"rendered":"http:\/\/roztocze24.info\/turysta-2\/ukrainskie\/poligon_jaworowski\/"},"modified":"2021-04-12T15:00:04","modified_gmt":"2021-04-12T13:00:04","slug":"poligon_jaworowski","status":"publish","type":"page","link":"https:\/\/roztocze24.info\/?page_id=923","title":{"rendered":"Poligon jaworowski"},"content":{"rendered":"<p>Poligon wojskowy, rozci\u0105gaj\u0105cy si\u0119 od okolic Niemirowa po okolice Iwano-Frankowa (dawny Jan\u00f3w) to bodaj najciekawsze krajobrazowo obszar nie tylko Roztocza Ukrai\u0144skiego, ale ca\u0142ej tej krainy od Kra\u015bnika do Lwowa. Zarazem jest to miejsce, gdzie trudno nie popa\u015b\u0107 w zadum\u0119. Na przedwojennej mapie WiG-owskiej dostrze\u017cemy tu g\u0119st\u0105 sie\u0107 ludzkich siedzib, wiele wsi i dziesi\u0105tki mniejszych przysi\u00f3\u0142k\u00f3w.<\/p>\n<p>Do utworzenia poligonu przymierzano si\u0119 ju\u017c w 1939 r., konkretne dzia\u0142ania podj\u0119to rok p\u00f3\u017aniej. Uchwa\u0142y Rady Ministr\u00f3w ZSRR by\u0142y podstaw\u0105 do wysiedlenia ponad 150 tys. mieszka\u0144c\u00f3w. W ca\u0142o\u015bci zlikwidowano m.in. wsie Wiszenka Wielka, Wiszenka Ma\u0142a, Bia\u0142a, Kruszyny, Kurniki i Tro\u015bcianiec (Trotsjaniec). Cz\u0119\u015bciowo wysiedlono tak\u017ce mieszka\u0144c\u00f3w wsi Werblany, Niemir\u00f3w, Starzyska (Stariczi) i Wereszczyca. \u0141\u0105cznie z przysi\u00f3\u0142kami zburzono 128 osad ludzkich, 300 tys. budynk\u00f3w, 12 cerkwi, 2 ko\u015bcio\u0142y i 14 cmentarzy.<\/p>\n<p><img loading=\"lazy\" decoding=\"async\" class=\"aligncenter size-full wp-image-5760\" src=\"http:\/\/roztocze24.info\/wp-content\/uploads\/2019\/03\/DSCN0635.jpg\" alt=\"\" width=\"750\" height=\"500\" srcset=\"https:\/\/roztocze24.info\/wp-content\/uploads\/2019\/03\/DSCN0635.jpg 750w, https:\/\/roztocze24.info\/wp-content\/uploads\/2019\/03\/DSCN0635-300x200.jpg 300w\" sizes=\"auto, (max-width: 750px) 85vw, 750px\" \/><\/p>\n<p>Nie dziwi wi\u0119c, \u017ce teraz zobaczymy tu bezkresne przestrzenie i i\u015bcie beskidzkie wzg\u00f3rza. Do niedawna obszar ten by\u0142 ca\u0142kowicie zamkni\u0119ty dla turystyki, obecnie zwiedzanie jest ju\u017c mo\u017cliwe. Trzeba jednak pami\u0119ta\u0107, \u017ce poligon jest nadal czynny!<br \/>\nPrzez centrum tego obszaru prowadzi asfaltowa droga. Pokonuj\u0105c j\u0105 w kierunku z zachodu na wsch\u00f3d czeka nas najpierw obszar r\u00f3wninny, co \u2013 jak na Roztocze \u2013 jest spraw\u0105 nietypow\u0105. Nie ma si\u0119 jednak co dziwi\u0107, nawet na starej mapie WIG-owskiej obszar ten oznaczony jest jako P\u0142aszczyzna.<\/p>\n<p>Przeje\u017cd\u017camy przez dawne wsie: <strong>Wiszenka Ma\u0142a<\/strong> i <strong>Wiszenka Wielka<\/strong>. Dziwne to brzmi: <em>przeje\u017cd\u017camy przez wsie<\/em> w sytuacji, gdy dooko\u0142a nie pozosta\u0142 nawet po nich \u015blad. Dopiero w Wiszence Wielkiej, w centrum dawnej osady, zobaczy\u0107 mo\u017cna ruiny cerkwi. Nieopodal ogrodzony dawny cmentarz. A wi\u0119c jednak kiedy\u015b mieszkali tu ludzie!<\/p>\n<p><img loading=\"lazy\" decoding=\"async\" class=\"aligncenter size-full wp-image-4763\" src=\"http:\/\/roztocze24.info\/wp-content\/uploads\/2019\/03\/DSCN0622.jpg\" alt=\"\" width=\"750\" height=\"500\" srcset=\"https:\/\/roztocze24.info\/wp-content\/uploads\/2019\/03\/DSCN0622.jpg 750w, https:\/\/roztocze24.info\/wp-content\/uploads\/2019\/03\/DSCN0622-300x200.jpg 300w\" sizes=\"auto, (max-width: 750px) 85vw, 750px\" \/><\/p>\n<p><img loading=\"lazy\" decoding=\"async\" class=\"aligncenter size-full wp-image-5763\" src=\"http:\/\/roztocze24.info\/wp-content\/uploads\/2019\/03\/DSCN0624.jpg\" alt=\"\" width=\"750\" height=\"500\" srcset=\"https:\/\/roztocze24.info\/wp-content\/uploads\/2019\/03\/DSCN0624.jpg 750w, https:\/\/roztocze24.info\/wp-content\/uploads\/2019\/03\/DSCN0624-300x200.jpg 300w\" sizes=\"auto, (max-width: 750px) 85vw, 750px\" \/><\/p>\n<p><img loading=\"lazy\" decoding=\"async\" class=\"aligncenter size-full wp-image-7877\" src=\"https:\/\/roztocze24.info\/wp-content\/uploads\/2021\/04\/DSCN0630.jpg\" alt=\"\" width=\"750\" height=\"500\" srcset=\"https:\/\/roztocze24.info\/wp-content\/uploads\/2021\/04\/DSCN0630.jpg 750w, https:\/\/roztocze24.info\/wp-content\/uploads\/2021\/04\/DSCN0630-300x200.jpg 300w\" sizes=\"auto, (max-width: 750px) 85vw, 750px\" \/><\/p>\n<p>Krajobraz fa\u0142duje si\u0119. Drogowskaz pokazuje \u015bcie\u017ck\u0119 prowadz\u0105c\u0105 na pobliskie wzniesienie Burakowa Niwa (najwy\u017csze po ukrai\u0144skiej stronie Roztocza Rawskiego, 388,8 m n.p.m., po\u015bwi\u0119cam mu oddzieln\u0105 stron\u0119). Na szczycie sztuczny kopiec, z kt\u00f3rego rozci\u0105ga si\u0119 rozleg\u0142a panorama.<\/p>\n<p>Powracamy na g\u0142\u00f3wn\u0105 drog\u0119 i wje\u017cd\u017camy w pasmo wysokich wzg\u00f3rz, a \u017ce droga prowadzi grzbietem jednego z nich \u2013 widoki dooko\u0142a przednie. Jak by nie by\u0142o, z poligonem s\u0105siaduj\u0105 Jaworowski Park Narodowy i rezerwat Roztocze.<\/p>\n<p>Niespodziewanie trafiamy na punkt widokowy umiejscowione bodaj w najpi\u0119kniejszym miejscu na ca\u0142ej drodze. Koniecznie trzeba si\u0119 tu zatrzyma\u0107! Kolejne zdj\u0119cia to tylko namiastka tego, co mo\u017cna tu zobaczy\u0107.<\/p>\n<p class=\"center\"><img loading=\"lazy\" decoding=\"async\" class=\"aligncenter size-full wp-image-5768\" src=\"http:\/\/roztocze24.info\/wp-content\/uploads\/2019\/03\/POLIGON5.jpg\" alt=\"\" width=\"704\" height=\"320\" srcset=\"https:\/\/roztocze24.info\/wp-content\/uploads\/2019\/03\/POLIGON5.jpg 704w, https:\/\/roztocze24.info\/wp-content\/uploads\/2019\/03\/POLIGON5-300x136.jpg 300w\" sizes=\"auto, (max-width: 704px) 85vw, 704px\" \/><\/p>\n<p class=\"center\"><img loading=\"lazy\" decoding=\"async\" class=\"aligncenter size-full wp-image-5769\" src=\"http:\/\/roztocze24.info\/wp-content\/uploads\/2019\/03\/POLIGON7.jpg\" alt=\"\" width=\"703\" height=\"320\" srcset=\"https:\/\/roztocze24.info\/wp-content\/uploads\/2019\/03\/POLIGON7.jpg 703w, https:\/\/roztocze24.info\/wp-content\/uploads\/2019\/03\/POLIGON7-300x137.jpg 300w\" sizes=\"auto, (max-width: 703px) 85vw, 703px\" \/><\/p>\n<p>Niebawem dooko\u0142a otacza nas zwarty las. To ju\u017c koniec obszaru zajmowanego przez poligon. Za nim jednak ponownie wyje\u017cd\u017camy na otwart\u0105 przestrze\u0144.<br \/>\nTeraz ponownie troch\u0119 jazdy grzbietem wzg\u00f3rz i zje\u017cd\u017camy do wsi D\u0105browa (Dubrowycza). Przebiega przez ni\u0105 jedna z najwa\u017cniejszych dr\u00f3g tej cz\u0119\u015bci Roztocza prowadz\u0105ca z Iwano-Frankowa (d. Jan\u00f3w) do Krechowa i dalej do \u017b\u00f3\u0142kwi.<\/p>\n<p><a href=\"https:\/\/roztocze24.info\/?page_id=925\">Poligon jaworowski: wzniesienie Burakowa Niwa<\/a><\/p>\n","protected":false},"excerpt":{"rendered":"<p>Poligon wojskowy, rozci\u0105gaj\u0105cy si\u0119 od okolic Niemirowa po okolice Iwano-Frankowa (dawny Jan\u00f3w) to bodaj najciekawsze krajobrazowo obszar nie tylko Roztocza Ukrai\u0144skiego, ale ca\u0142ej tej krainy od Kra\u015bnika do Lwowa. Zarazem jest to miejsce, gdzie trudno nie popa\u015b\u0107 w zadum\u0119. Na przedwojennej mapie WiG-owskiej dostrze\u017cemy tu g\u0119st\u0105 sie\u0107 ludzkich siedzib, wiele wsi i dziesi\u0105tki mniejszych przysi\u00f3\u0142k\u00f3w. &hellip; <a href=\"https:\/\/roztocze24.info\/?page_id=923\" class=\"more-link\">Czytaj dalej<span class=\"screen-reader-text\"> \u201ePoligon jaworowski\u201d<\/span><\/a><\/p>\n","protected":false},"author":1,"featured_media":0,"parent":920,"menu_order":0,"comment_status":"closed","ping_status":"closed","template":"","meta":{"footnotes":""},"class_list":["post-923","page","type-page","status-publish","hentry"],"_links":{"self":[{"href":"https:\/\/roztocze24.info\/index.php?rest_route=\/wp\/v2\/pages\/923","targetHints":{"allow":["GET"]}}],"collection":[{"href":"https:\/\/roztocze24.info\/index.php?rest_route=\/wp\/v2\/pages"}],"about":[{"href":"https:\/\/roztocze24.info\/index.php?rest_route=\/wp\/v2\/types\/page"}],"author":[{"embeddable":true,"href":"https:\/\/roztocze24.info\/index.php?rest_route=\/wp\/v2\/users\/1"}],"replies":[{"embeddable":true,"href":"https:\/\/roztocze24.info\/index.php?rest_route=%2Fwp%2Fv2%2Fcomments&post=923"}],"version-history":[{"count":3,"href":"https:\/\/roztocze24.info\/index.php?rest_route=\/wp\/v2\/pages\/923\/revisions"}],"predecessor-version":[{"id":7878,"href":"https:\/\/roztocze24.info\/index.php?rest_route=\/wp\/v2\/pages\/923\/revisions\/7878"}],"up":[{"embeddable":true,"href":"https:\/\/roztocze24.info\/index.php?rest_route=\/wp\/v2\/pages\/920"}],"wp:attachment":[{"href":"https:\/\/roztocze24.info\/index.php?rest_route=%2Fwp%2Fv2%2Fmedia&parent=923"}],"curies":[{"name":"wp","href":"https:\/\/api.w.org\/{rel}","templated":true}]}}