{"id":925,"date":"2016-02-20T19:20:37","date_gmt":"2016-02-20T19:20:37","guid":{"rendered":"http:\/\/roztocze24.info\/turysta-2\/ukrainskie\/roztocze_burakowa_niwa\/"},"modified":"2019-04-06T11:48:38","modified_gmt":"2019-04-06T09:48:38","slug":"roztocze_burakowa_niwa","status":"publish","type":"page","link":"https:\/\/roztocze24.info\/?page_id=925","title":{"rendered":"Poligon jaworowski: wzniesienie Burakowa Niwa"},"content":{"rendered":"<p><strong>Burakowa Niwa to najwy\u017csze wzniesienie Roztocza Rawskiego po stronie Ukrai\u0144skiej (388,8 m n.p.m.).<\/strong> Jest ono jednak trudno dost\u0119pne, znajduje si\u0119 bowiem na terenie poligonu jaworowskiego. Na szcz\u0119\u015bcie, mo\u017cna go obecnie okresowo zwiedza\u0107. Podczas kolejnej wizyty na poligonie postanowili\u015bmy je odnale\u017a\u0107 (co po prawdzie nie by\u0142o to takie trudne, bo kierunek na wzg\u00f3rze pokazuje drogowskaz). Pi\u0119kne miejsce! A w pobli\u017cu znajduj\u0105 si\u0119 Jaworowski Park Narodowy i rezerwat Roztocze.<\/p>\n<p>Poni\u017cej kilka zdj\u0119\u0107 wykonanych ze szczytu wzniesienia.<\/p>\n<p class=\"center\"><img loading=\"lazy\" decoding=\"async\" class=\"aligncenter size-full wp-image-5751\" src=\"http:\/\/roztocze24.info\/wp-content\/uploads\/2019\/03\/DSCN0641.jpg\" alt=\"\" width=\"800\" height=\"309\" srcset=\"https:\/\/roztocze24.info\/wp-content\/uploads\/2019\/03\/DSCN0641.jpg 800w, https:\/\/roztocze24.info\/wp-content\/uploads\/2019\/03\/DSCN0641-300x116.jpg 300w, https:\/\/roztocze24.info\/wp-content\/uploads\/2019\/03\/DSCN0641-768x297.jpg 768w\" sizes=\"auto, (max-width: 800px) 85vw, 800px\" \/><\/p>\n<p><img loading=\"lazy\" decoding=\"async\" class=\"aligncenter size-full wp-image-5752\" src=\"http:\/\/roztocze24.info\/wp-content\/uploads\/2019\/03\/DSCN0642.jpg\" alt=\"\" width=\"800\" height=\"342\" srcset=\"https:\/\/roztocze24.info\/wp-content\/uploads\/2019\/03\/DSCN0642.jpg 800w, https:\/\/roztocze24.info\/wp-content\/uploads\/2019\/03\/DSCN0642-300x128.jpg 300w, https:\/\/roztocze24.info\/wp-content\/uploads\/2019\/03\/DSCN0642-768x328.jpg 768w\" sizes=\"auto, (max-width: 800px) 85vw, 800px\" \/><\/p>\n<p><a href=\"https:\/\/roztocze24.info\/?page_id=923\">Poligon jaworowski<\/a><\/p>\n","protected":false},"excerpt":{"rendered":"<p>Burakowa Niwa to najwy\u017csze wzniesienie Roztocza Rawskiego po stronie Ukrai\u0144skiej (388,8 m n.p.m.). Jest ono jednak trudno dost\u0119pne, znajduje si\u0119 bowiem na terenie poligonu jaworowskiego. Na szcz\u0119\u015bcie, mo\u017cna go obecnie okresowo zwiedza\u0107. Podczas kolejnej wizyty na poligonie postanowili\u015bmy je odnale\u017a\u0107 (co po prawdzie nie by\u0142o to takie trudne, bo kierunek na wzg\u00f3rze pokazuje drogowskaz). Pi\u0119kne &hellip; <a href=\"https:\/\/roztocze24.info\/?page_id=925\" class=\"more-link\">Czytaj dalej<span class=\"screen-reader-text\"> \u201ePoligon jaworowski: wzniesienie Burakowa Niwa\u201d<\/span><\/a><\/p>\n","protected":false},"author":1,"featured_media":0,"parent":920,"menu_order":0,"comment_status":"closed","ping_status":"closed","template":"","meta":{"footnotes":""},"class_list":["post-925","page","type-page","status-publish","hentry"],"_links":{"self":[{"href":"https:\/\/roztocze24.info\/index.php?rest_route=\/wp\/v2\/pages\/925","targetHints":{"allow":["GET"]}}],"collection":[{"href":"https:\/\/roztocze24.info\/index.php?rest_route=\/wp\/v2\/pages"}],"about":[{"href":"https:\/\/roztocze24.info\/index.php?rest_route=\/wp\/v2\/types\/page"}],"author":[{"embeddable":true,"href":"https:\/\/roztocze24.info\/index.php?rest_route=\/wp\/v2\/users\/1"}],"replies":[{"embeddable":true,"href":"https:\/\/roztocze24.info\/index.php?rest_route=%2Fwp%2Fv2%2Fcomments&post=925"}],"version-history":[{"count":5,"href":"https:\/\/roztocze24.info\/index.php?rest_route=\/wp\/v2\/pages\/925\/revisions"}],"predecessor-version":[{"id":6949,"href":"https:\/\/roztocze24.info\/index.php?rest_route=\/wp\/v2\/pages\/925\/revisions\/6949"}],"up":[{"embeddable":true,"href":"https:\/\/roztocze24.info\/index.php?rest_route=\/wp\/v2\/pages\/920"}],"wp:attachment":[{"href":"https:\/\/roztocze24.info\/index.php?rest_route=%2Fwp%2Fv2%2Fmedia&parent=925"}],"curies":[{"name":"wp","href":"https:\/\/api.w.org\/{rel}","templated":true}]}}