{"id":926,"date":"2016-02-20T19:20:38","date_gmt":"2016-02-20T19:20:38","guid":{"rendered":"http:\/\/roztocze24.info\/turysta-2\/ukrainskie\/roztocze_czartowska_skala\/"},"modified":"2019-03-28T10:46:33","modified_gmt":"2019-03-28T09:46:33","slug":"roztocze_czartowska_skala","status":"publish","type":"page","link":"https:\/\/roztocze24.info\/?page_id=926","title":{"rendered":"Czartowska Ska\u0142a ko\u0142o Lwowa"},"content":{"rendered":"<p>Czartowska Ska\u0142a to najwy\u017csze naturalne wzniesienie ca\u0142ego pasma Roztocza od Kra\u015bnika do Lwowa, nale\u017c\u0105ce do Korony Wzg\u00f3rz Roztocza. Wysoko\u015b\u0107: 409 m n.p.m. Wprawdzie w najnowszych pracach przynale\u017cno\u015b\u0107 ska\u0142y do Roztocza bywa poddawana w w\u0105tpliwo\u015b\u0107, jednak w tradycji literatury geograficznej Czartowska Ska\u0142a le\u017cy jednak na Roztoczu. Tak te\u017c pisano w przewodnikach, pocz\u0105wszy od nadal wznawianego historycznego dzie\u0142a dr M. Or\u0142owicza <em>Ilustrowany przewodnik po Galicji<\/em>. W wydaniu z 1919 r. znajdziemy takie oto zdj\u0119cie:<\/p>\n<p class=\"center\"><img loading=\"lazy\" decoding=\"async\" class=\"aligncenter size-full wp-image-5826\" src=\"http:\/\/roztocze24.info\/wp-content\/uploads\/2019\/03\/LWCZ5.jpg\" alt=\"\" width=\"839\" height=\"500\" srcset=\"https:\/\/roztocze24.info\/wp-content\/uploads\/2019\/03\/LWCZ5.jpg 839w, https:\/\/roztocze24.info\/wp-content\/uploads\/2019\/03\/LWCZ5-300x179.jpg 300w, https:\/\/roztocze24.info\/wp-content\/uploads\/2019\/03\/LWCZ5-768x458.jpg 768w\" sizes=\"auto, (max-width: 839px) 85vw, 839px\" \/><\/p>\n<p>Mo\u017cna tu wej\u015b\u0107 szlakiem, mo\u017cna \u015bcie\u017ck\u0105 nieznakowan\u0105.<br \/>\nNajpierw bukowy las, tak dla Roztocza charakterystyczny.<\/p>\n<p class=\"center\"><img loading=\"lazy\" decoding=\"async\" class=\"aligncenter size-full wp-image-5828\" src=\"http:\/\/roztocze24.info\/wp-content\/uploads\/2019\/03\/IMG_3602.jpg\" alt=\"\" width=\"750\" height=\"500\" srcset=\"https:\/\/roztocze24.info\/wp-content\/uploads\/2019\/03\/IMG_3602.jpg 750w, https:\/\/roztocze24.info\/wp-content\/uploads\/2019\/03\/IMG_3602-300x200.jpg 300w\" sizes=\"auto, (max-width: 750px) 85vw, 750px\" \/><\/p>\n<p>Docieramy na szczyt. Okazuje si\u0119, \u017ce wygl\u0105da on obecnie zupe\u0142nie inaczej, ni\u017c w historycznym przewodniku Or\u0142owicza.<\/p>\n<p class=\"center\"><img loading=\"lazy\" decoding=\"async\" class=\"aligncenter size-full wp-image-5829\" src=\"http:\/\/roztocze24.info\/wp-content\/uploads\/2019\/03\/IMG_3605.jpg\" alt=\"\" width=\"333\" height=\"500\" srcset=\"https:\/\/roztocze24.info\/wp-content\/uploads\/2019\/03\/IMG_3605.jpg 333w, https:\/\/roztocze24.info\/wp-content\/uploads\/2019\/03\/IMG_3605-200x300.jpg 200w\" sizes=\"auto, (max-width: 333px) 85vw, 333px\" \/><\/p>\n<p class=\"center\"><img loading=\"lazy\" decoding=\"async\" class=\"aligncenter size-full wp-image-4516\" src=\"http:\/\/roztocze24.info\/wp-content\/uploads\/2019\/03\/IMG_3614.jpg\" alt=\"\" width=\"750\" height=\"500\" srcset=\"https:\/\/roztocze24.info\/wp-content\/uploads\/2019\/03\/IMG_3614.jpg 750w, https:\/\/roztocze24.info\/wp-content\/uploads\/2019\/03\/IMG_3614-300x200.jpg 300w\" sizes=\"auto, (max-width: 750px) 85vw, 750px\" \/><\/p>\n<p class=\"center\"><img loading=\"lazy\" decoding=\"async\" class=\"aligncenter size-full wp-image-5830\" src=\"http:\/\/roztocze24.info\/wp-content\/uploads\/2019\/03\/IMG_3610.jpg\" alt=\"\" width=\"333\" height=\"500\" srcset=\"https:\/\/roztocze24.info\/wp-content\/uploads\/2019\/03\/IMG_3610.jpg 333w, https:\/\/roztocze24.info\/wp-content\/uploads\/2019\/03\/IMG_3610-200x300.jpg 200w\" sizes=\"auto, (max-width: 333px) 85vw, 333px\" \/><\/p>\n<p><img loading=\"lazy\" decoding=\"async\" class=\"aligncenter size-full wp-image-5831\" src=\"http:\/\/roztocze24.info\/wp-content\/uploads\/2019\/03\/IMG_3609.jpg\" alt=\"\" width=\"750\" height=\"500\" srcset=\"https:\/\/roztocze24.info\/wp-content\/uploads\/2019\/03\/IMG_3609.jpg 750w, https:\/\/roztocze24.info\/wp-content\/uploads\/2019\/03\/IMG_3609-300x200.jpg 300w\" sizes=\"auto, (max-width: 750px) 85vw, 750px\" \/><\/p>\n<p>Pi\u0119kne miejsce!<\/p>\n","protected":false},"excerpt":{"rendered":"<p>Czartowska Ska\u0142a to najwy\u017csze naturalne wzniesienie ca\u0142ego pasma Roztocza od Kra\u015bnika do Lwowa, nale\u017c\u0105ce do Korony Wzg\u00f3rz Roztocza. Wysoko\u015b\u0107: 409 m n.p.m. Wprawdzie w najnowszych pracach przynale\u017cno\u015b\u0107 ska\u0142y do Roztocza bywa poddawana w w\u0105tpliwo\u015b\u0107, jednak w tradycji literatury geograficznej Czartowska Ska\u0142a le\u017cy jednak na Roztoczu. Tak te\u017c pisano w przewodnikach, pocz\u0105wszy od nadal wznawianego historycznego &hellip; <a href=\"https:\/\/roztocze24.info\/?page_id=926\" class=\"more-link\">Czytaj dalej<span class=\"screen-reader-text\"> \u201eCzartowska Ska\u0142a ko\u0142o Lwowa\u201d<\/span><\/a><\/p>\n","protected":false},"author":1,"featured_media":0,"parent":920,"menu_order":0,"comment_status":"closed","ping_status":"closed","template":"","meta":{"footnotes":""},"class_list":["post-926","page","type-page","status-publish","hentry"],"_links":{"self":[{"href":"https:\/\/roztocze24.info\/index.php?rest_route=\/wp\/v2\/pages\/926","targetHints":{"allow":["GET"]}}],"collection":[{"href":"https:\/\/roztocze24.info\/index.php?rest_route=\/wp\/v2\/pages"}],"about":[{"href":"https:\/\/roztocze24.info\/index.php?rest_route=\/wp\/v2\/types\/page"}],"author":[{"embeddable":true,"href":"https:\/\/roztocze24.info\/index.php?rest_route=\/wp\/v2\/users\/1"}],"replies":[{"embeddable":true,"href":"https:\/\/roztocze24.info\/index.php?rest_route=%2Fwp%2Fv2%2Fcomments&post=926"}],"version-history":[{"count":2,"href":"https:\/\/roztocze24.info\/index.php?rest_route=\/wp\/v2\/pages\/926\/revisions"}],"predecessor-version":[{"id":5832,"href":"https:\/\/roztocze24.info\/index.php?rest_route=\/wp\/v2\/pages\/926\/revisions\/5832"}],"up":[{"embeddable":true,"href":"https:\/\/roztocze24.info\/index.php?rest_route=\/wp\/v2\/pages\/920"}],"wp:attachment":[{"href":"https:\/\/roztocze24.info\/index.php?rest_route=%2Fwp%2Fv2%2Fmedia&parent=926"}],"curies":[{"name":"wp","href":"https:\/\/api.w.org\/{rel}","templated":true}]}}