{"id":938,"date":"2016-02-20T19:20:39","date_gmt":"2016-02-20T19:20:39","guid":{"rendered":"http:\/\/roztocze24.info\/turysta-2\/zachodnie\/roztocze_gorajskie_skaly\/"},"modified":"2019-03-25T22:06:08","modified_gmt":"2019-03-25T21:06:08","slug":"roztocze_gorajskie_skaly","status":"publish","type":"page","link":"https:\/\/roztocze24.info\/?page_id=938","title":{"rendered":"Gorajskie Ska\u0142y i jaskinie"},"content":{"rendered":"<p class=\"center\"><img loading=\"lazy\" decoding=\"async\" class=\"aligncenter size-full wp-image-4976\" src=\"http:\/\/roztocze24.info\/wp-content\/uploads\/2019\/03\/JASK4.jpg\" alt=\"\" width=\"750\" height=\"500\" srcset=\"https:\/\/roztocze24.info\/wp-content\/uploads\/2019\/03\/JASK4.jpg 750w, https:\/\/roztocze24.info\/wp-content\/uploads\/2019\/03\/JASK4-300x200.jpg 300w\" sizes=\"auto, (max-width: 750px) 85vw, 750px\" \/><\/p>\n<p class=\"center\">Historia tego znaleziska jest do\u015b\u0107 osobliwa. W kwietniu 2006 r. ko\u0144cowy odcinek powrotu z kultowego rajdu PTTK KUL Roztocze Wiosn\u0105 wypad\u0142 mi autobusem PKS relacji Bi\u0142goraj \u2013 Lublin. Przeje\u017cd\u017ca\u0142em t\u0119dy wielokrotnie i nie s\u0105dzi\u0142em, \u017ce zobacz\u0119 co\u015b nowego. A jednak. Gdy w pewnym momencie spojrza\u0142em w prawo zobaczy\u0142em&#8230; pasmo ska\u0142! Z autobusu pospiesznego nie tak \u0142atwo wysi\u0105\u015b\u0107, a poza tym pora by\u0142a ju\u017c do\u015b\u0107 p\u00f3\u017ana. Widok pozosta\u0142 na razie jedynie w pami\u0119ci. Miesi\u0105c p\u00f3\u017aniej wr\u00f3ci\u0142em w te okolice, ale wiosna rozwin\u0119\u0142a si\u0119 w mi\u0119dzyczasie na dobre, \u015bwie\u017ce bukowe li\u015bcie przykry\u0142y wszystko, a do tego rozwin\u0119\u0142y si\u0119 g\u0119ste chaszcze. Postanowi\u0142em poczeka\u0107 do jesieni. Tymczasem jesieni\u0105 przysz\u0142o mi penetrowa\u0107 inne cz\u0119\u015bci Roztocza, ale nie na darmo m\u00f3wi\u0105, \u017ce to co si\u0119 odwlecze, to nie uciecze&#8230;<\/p>\n<p><img loading=\"lazy\" decoding=\"async\" class=\"aligncenter size-full wp-image-4979\" src=\"http:\/\/roztocze24.info\/wp-content\/uploads\/2019\/03\/JASK7.jpg\" alt=\"\" width=\"750\" height=\"500\" srcset=\"https:\/\/roztocze24.info\/wp-content\/uploads\/2019\/03\/JASK7.jpg 750w, https:\/\/roztocze24.info\/wp-content\/uploads\/2019\/03\/JASK7-300x200.jpg 300w\" sizes=\"auto, (max-width: 750px) 85vw, 750px\" \/><\/p>\n<p class=\"center\">W 2007 r. wiosna mocno przyspieszona, ale uda\u0142o si\u0119 jeszcze zd\u0105\u017cy\u0107 przed <em>eksplozj\u0105<\/em> zielono\u015bci. Ska\u0142ki by\u0142y, tak jak pewnie zawsze o tej porze roku, bardzo dobrze widoczne z szosy. Jest to wysoce zerodowane strome zbocze poros\u0142ego buczyn\u0105 wzniesienia znajduj\u0105cego si\u0119 przy szosie Bi\u0142goraj \u2013 Lublin, powy\u017cej Goraja, st\u0105d proponowana nazwa to Gorajskie Ska\u0142y. Mo\u017cemy nawet m\u00f3wi\u0107 o Gorajskich Jaskiniach.<\/p>\n<p><img loading=\"lazy\" decoding=\"async\" class=\"aligncenter size-full wp-image-4974\" src=\"http:\/\/roztocze24.info\/wp-content\/uploads\/2019\/03\/JASK2.jpg\" alt=\"\" width=\"750\" height=\"500\" srcset=\"https:\/\/roztocze24.info\/wp-content\/uploads\/2019\/03\/JASK2.jpg 750w, https:\/\/roztocze24.info\/wp-content\/uploads\/2019\/03\/JASK2-300x200.jpg 300w\" sizes=\"auto, (max-width: 750px) 85vw, 750px\" \/><\/p>\n<p class=\"center\"><img loading=\"lazy\" decoding=\"async\" class=\"aligncenter size-full wp-image-4975\" src=\"http:\/\/roztocze24.info\/wp-content\/uploads\/2019\/03\/JASK3.jpg\" alt=\"\" width=\"750\" height=\"500\" srcset=\"https:\/\/roztocze24.info\/wp-content\/uploads\/2019\/03\/JASK3.jpg 750w, https:\/\/roztocze24.info\/wp-content\/uploads\/2019\/03\/JASK3-300x200.jpg 300w\" sizes=\"auto, (max-width: 750px) 85vw, 750px\" \/><br \/>\nJak tam trafi\u0107? Gdy na zach\u00f3d od g\u0142\u00f3wnej szosy prowadz\u0105cej z Goraja w kierunku Lublina odbiega droga do Krzakowej G\u00f3ry (ta druga, przy tablicy ko\u0144cowej wsi Zagrody), patrzymy na wsch\u00f3d i cofamy si\u0119 do najbli\u017cszej g\u00f3rki. To tu. Ska\u0142ki znajduj\u0105 si\u0119 mniej wi\u0119cej w po\u0142owie wysoko\u015bci wzniesienia. Na Roztoczu jest wiele wzg\u00f3rz, gdzie pod do\u015b\u0107 cienk\u0105 warstw\u0105 gleby zalegaj\u0105 ska\u0142y (st\u0105d liczne odkrywki), ale tu s\u0105 one wyj\u0105tkowo imponuj\u0105ce.<\/p>\n<p><img loading=\"lazy\" decoding=\"async\" class=\"aligncenter size-full wp-image-4978\" src=\"http:\/\/roztocze24.info\/wp-content\/uploads\/2019\/03\/JASK6.jpg\" alt=\"\" width=\"750\" height=\"500\" srcset=\"https:\/\/roztocze24.info\/wp-content\/uploads\/2019\/03\/JASK6.jpg 750w, https:\/\/roztocze24.info\/wp-content\/uploads\/2019\/03\/JASK6-300x200.jpg 300w\" sizes=\"auto, (max-width: 750px) 85vw, 750px\" \/><\/p>\n<p><img loading=\"lazy\" decoding=\"async\" class=\"aligncenter size-full wp-image-4977\" src=\"http:\/\/roztocze24.info\/wp-content\/uploads\/2019\/03\/JASK5.jpg\" alt=\"\" width=\"750\" height=\"500\" srcset=\"https:\/\/roztocze24.info\/wp-content\/uploads\/2019\/03\/JASK5.jpg 750w, https:\/\/roztocze24.info\/wp-content\/uploads\/2019\/03\/JASK5-300x200.jpg 300w\" sizes=\"auto, (max-width: 750px) 85vw, 750px\" \/><\/p>\n<p>Gorajskie Ska\u0142y ci\u0105gn\u0105 si\u0119 na d\u0142ugo\u015bci niemal kilometra! Wszystko to w\u015br\u00f3d pl\u0105taniny korzeni i bukowego lasu. Odkrywki miejscami osi\u0105gaj\u0105 wysoko\u015b\u0107 do ok. 3 m.<\/p>\n<p><img loading=\"lazy\" decoding=\"async\" class=\"aligncenter size-full wp-image-4981\" src=\"http:\/\/roztocze24.info\/wp-content\/uploads\/2019\/03\/JASK8.jpg\" alt=\"\" width=\"367\" height=\"550\" srcset=\"https:\/\/roztocze24.info\/wp-content\/uploads\/2019\/03\/JASK8.jpg 367w, https:\/\/roztocze24.info\/wp-content\/uploads\/2019\/03\/JASK8-200x300.jpg 200w\" sizes=\"auto, (max-width: 367px) 85vw, 367px\" \/><\/p>\n<p><img loading=\"lazy\" decoding=\"async\" class=\"aligncenter size-full wp-image-4983\" src=\"http:\/\/roztocze24.info\/wp-content\/uploads\/2019\/03\/JASK9.jpg\" alt=\"\" width=\"825\" height=\"550\" srcset=\"https:\/\/roztocze24.info\/wp-content\/uploads\/2019\/03\/JASK9.jpg 825w, https:\/\/roztocze24.info\/wp-content\/uploads\/2019\/03\/JASK9-300x200.jpg 300w, https:\/\/roztocze24.info\/wp-content\/uploads\/2019\/03\/JASK9-768x512.jpg 768w\" sizes=\"auto, (max-width: 825px) 85vw, 825px\" \/><\/p>\n<p>A\u017c trudno uwierzy\u0107, \u017ce tak pi\u0119kne miejsce znajduje si\u0119 tu\u017c co obok szosy, po kt\u00f3rej codziennie przeje\u017cd\u017caj\u0105 tysi\u0105ce samochod\u00f3w. Jeszcze trudniej uwierzy\u0107, \u017ce nie ma tu \u017cadnych \u015bmieci. I niech tak pozostanie.<\/p>\n<p><em>Marzec 2007 r.<\/em><\/p>\n","protected":false},"excerpt":{"rendered":"<p>Historia tego znaleziska jest do\u015b\u0107 osobliwa. W kwietniu 2006 r. ko\u0144cowy odcinek powrotu z kultowego rajdu PTTK KUL Roztocze Wiosn\u0105 wypad\u0142 mi autobusem PKS relacji Bi\u0142goraj \u2013 Lublin. Przeje\u017cd\u017ca\u0142em t\u0119dy wielokrotnie i nie s\u0105dzi\u0142em, \u017ce zobacz\u0119 co\u015b nowego. A jednak. Gdy w pewnym momencie spojrza\u0142em w prawo zobaczy\u0142em&#8230; pasmo ska\u0142! Z autobusu pospiesznego nie tak &hellip; <a href=\"https:\/\/roztocze24.info\/?page_id=938\" class=\"more-link\">Czytaj dalej<span class=\"screen-reader-text\"> \u201eGorajskie Ska\u0142y i jaskinie\u201d<\/span><\/a><\/p>\n","protected":false},"author":1,"featured_media":0,"parent":934,"menu_order":0,"comment_status":"closed","ping_status":"closed","template":"","meta":{"footnotes":""},"class_list":["post-938","page","type-page","status-publish","hentry"],"_links":{"self":[{"href":"https:\/\/roztocze24.info\/index.php?rest_route=\/wp\/v2\/pages\/938","targetHints":{"allow":["GET"]}}],"collection":[{"href":"https:\/\/roztocze24.info\/index.php?rest_route=\/wp\/v2\/pages"}],"about":[{"href":"https:\/\/roztocze24.info\/index.php?rest_route=\/wp\/v2\/types\/page"}],"author":[{"embeddable":true,"href":"https:\/\/roztocze24.info\/index.php?rest_route=\/wp\/v2\/users\/1"}],"replies":[{"embeddable":true,"href":"https:\/\/roztocze24.info\/index.php?rest_route=%2Fwp%2Fv2%2Fcomments&post=938"}],"version-history":[{"count":2,"href":"https:\/\/roztocze24.info\/index.php?rest_route=\/wp\/v2\/pages\/938\/revisions"}],"predecessor-version":[{"id":4984,"href":"https:\/\/roztocze24.info\/index.php?rest_route=\/wp\/v2\/pages\/938\/revisions\/4984"}],"up":[{"embeddable":true,"href":"https:\/\/roztocze24.info\/index.php?rest_route=\/wp\/v2\/pages\/934"}],"wp:attachment":[{"href":"https:\/\/roztocze24.info\/index.php?rest_route=%2Fwp%2Fv2%2Fmedia&parent=938"}],"curies":[{"name":"wp","href":"https:\/\/api.w.org\/{rel}","templated":true}]}}