{"id":941,"date":"2016-02-20T19:20:40","date_gmt":"2016-02-20T19:20:40","guid":{"rendered":"http:\/\/roztocze24.info\/turysta-2\/zachodnie\/roztocze_wzgorze_czubatka\/"},"modified":"2019-03-25T22:28:11","modified_gmt":"2019-03-25T21:28:11","slug":"roztocze_wzgorze_czubatka","status":"publish","type":"page","link":"https:\/\/roztocze24.info\/?page_id=941","title":{"rendered":"Las Cetnar i jaskinia na wzg\u00f3rzu Czubatka ko\u0142o Kaw\u0119czynka"},"content":{"rendered":"<p>Las Cetnar to jedno z moich ulubionych miejsc na Roztoczu Zachodnim. Szczeg\u00f3lnie przyjemnie w\u0119drowa\u0107 tu (czy te\u017c jecha\u0107 rowerem) w kierunku ze Szper\u00f3wki i Szczebrzeszyna do Kaw\u0119czynka. Zjazd w d\u00f3\u0142 przez w\u0105wozy osza\u0142amiaj\u0105cy!<br \/>\nA Czubatka? Zwykle wypada\u0142o przej\u015bcie OBOK niej, ale tym razem to w\u0142a\u015bnie ONA mia\u0142a by\u0107 celem wyprawy. By\u0142 to jeden z wielu rajd\u00f3w internetowej Grupy Turystycznej\u00a0 Roztocze (GTR).<\/p>\n<p>Start w Kaw\u0119czynku. Dojecha\u0142em tu w grupie 3 rower\u00f3w ze stacji PKP Szczebrzeszyn po uprzedniej podr\u00f3\u017cy poci\u0105giem <em>Roztocze<\/em> z Lublina. Rowery pozostawili\u015bmy w zaprzyja\u017anionym gospodarstwie (pozostali uczestnicy dotarli tu samochodami), a dalej to ju\u017c na piechot\u0119. Przewodnikiem by\u0142 kolega Edward z PTTK O\/Zamo\u015b\u0107, a zarazem tak\u017ce z naszej Grupy.<\/p>\n<p>Najpierw Czubatka, ale na razie z pewnego oddalenia. Wcze\u015bniej wszak nie zawadzi zawadzi\u0107 o pobliski las.<\/p>\n<p class=\"center\"><img loading=\"lazy\" decoding=\"async\" class=\"aligncenter size-full wp-image-5001\" src=\"http:\/\/roztocze24.info\/wp-content\/uploads\/2019\/03\/CZUBA1.jpg\" alt=\"\" width=\"486\" height=\"320\" srcset=\"https:\/\/roztocze24.info\/wp-content\/uploads\/2019\/03\/CZUBA1.jpg 486w, https:\/\/roztocze24.info\/wp-content\/uploads\/2019\/03\/CZUBA1-300x198.jpg 300w\" sizes=\"auto, (max-width: 486px) 85vw, 486px\" \/><\/p>\n<p>Wchodzimy wi\u0119c do lasu Cetnar, ogl\u0105daj\u0105c przy okazji ca\u0142kiem nowe tabliczki wyznakowanej tu \u015bcie\u017cki dydaktycznej. Niejakie poruszenie wywo\u0142a\u0142a tablica z le\u015bnymi ptakami. Niekt\u00f3re by\u0142y prezentowane pojedynczo, niekt\u00f3re parami (samiec + samiczka), a niekt\u00f3re narysowano a\u017c w 3 <em>egzemplarzach<\/em>. Jedynym z tych potr\u00f3jnie wyr\u00f3\u017cnionych ptak\u00f3w by\u0142 mysikr\u00f3lik (to dopiero nazwa dla ptaka). Skomentowa\u0142em kr\u00f3tko: narysowano 3 osobniki, bowiem to jest mysz, kr\u00f3lik i ptak w jednym.<\/p>\n<p class=\"center\"><img loading=\"lazy\" decoding=\"async\" class=\"aligncenter size-full wp-image-5002\" src=\"http:\/\/roztocze24.info\/wp-content\/uploads\/2019\/03\/CZUBA2B.jpg\" alt=\"\" width=\"491\" height=\"320\" srcset=\"https:\/\/roztocze24.info\/wp-content\/uploads\/2019\/03\/CZUBA2B.jpg 491w, https:\/\/roztocze24.info\/wp-content\/uploads\/2019\/03\/CZUBA2B-300x196.jpg 300w\" sizes=\"auto, (max-width: 491px) 85vw, 491px\" \/><\/p>\n<p class=\"center\">Tu i \u00f3wdzie opuszczali\u015bmy \u015bcie\u017ck\u0119, ogl\u0105daj\u0105c w bocznych w\u0105wozach popl\u0105tane <em>le\u015bne stwory<\/em>, takie jak ten na zdj\u0119ciu poni\u017cej.<\/p>\n<p class=\"center\"><img loading=\"lazy\" decoding=\"async\" class=\"aligncenter size-full wp-image-5003\" src=\"http:\/\/roztocze24.info\/wp-content\/uploads\/2019\/03\/CZUBA3B.jpg\" alt=\"\" width=\"485\" height=\"320\" srcset=\"https:\/\/roztocze24.info\/wp-content\/uploads\/2019\/03\/CZUBA3B.jpg 485w, https:\/\/roztocze24.info\/wp-content\/uploads\/2019\/03\/CZUBA3B-300x198.jpg 300w\" sizes=\"auto, (max-width: 485px) 85vw, 485px\" \/><\/p>\n<p>Nast\u0119pnie w\u0142a\u015bciwy cel naszej wyprawy: wzg\u00f3rze Czubatka. Od razu udajemy si\u0119 na szczyt &#8211; tu polanka z okrojonym, ale do\u015b\u0107 ciekawym, widoczkiem.<\/p>\n<p>Czubatka s\u0142ynna jest z pogorzelisk &#8211; miejsc, gdzie pono\u0107 nawet w najwi\u0119ksze mrozy \u015bnieg si\u0119 nie utrzyma. Mo\u017ce mie\u0107 to zwi\u0105zek z legendami, wed\u0142ug kt\u00f3rych gdzie\u015b tutaj jest wej\u015bcie do piek\u0142a. Faktycznie, jakie\u015b 50 cm pod warstw\u0105 gleby s\u0105 ska\u0142y i przy wykrocie jednego z drzew, ods\u0142oni\u0142y niewielk\u0105 jaskini\u0119.<\/p>\n<p class=\"center\"><img loading=\"lazy\" decoding=\"async\" class=\"aligncenter size-full wp-image-5004\" src=\"http:\/\/roztocze24.info\/wp-content\/uploads\/2019\/03\/CZUBA4.jpg\" alt=\"\" width=\"484\" height=\"320\" srcset=\"https:\/\/roztocze24.info\/wp-content\/uploads\/2019\/03\/CZUBA4.jpg 484w, https:\/\/roztocze24.info\/wp-content\/uploads\/2019\/03\/CZUBA4-300x198.jpg 300w\" sizes=\"auto, (max-width: 484px) 85vw, 484px\" \/><\/p>\n<p>Piek\u0142a w \u015brodku nie by\u0142o (na szcz\u0119\u015bcie!), st\u0105d te\u017c i ch\u0119tnych do zwiedzania nie zabrak\u0142o. Ciekawostk\u0105 by\u0142 tak\u017ce rozsypany wok\u00f3\u0142 rumosz skalny, kwalifikuj\u0105cy si\u0119 ju\u017c w zasadzie jako go\u0142oborze.<\/p>\n<p><img loading=\"lazy\" decoding=\"async\" class=\"aligncenter size-full wp-image-5005\" src=\"http:\/\/roztocze24.info\/wp-content\/uploads\/2019\/03\/CZUBA5.jpg\" alt=\"\" width=\"486\" height=\"320\" srcset=\"https:\/\/roztocze24.info\/wp-content\/uploads\/2019\/03\/CZUBA5.jpg 486w, https:\/\/roztocze24.info\/wp-content\/uploads\/2019\/03\/CZUBA5-300x198.jpg 300w\" sizes=\"auto, (max-width: 486px) 85vw, 486px\" \/><\/p>\n<p>Teraz z g\u00f3rki na pazurki od drzewa do drzewa (bo stok zaiste piekielnie stromy). To jeszcze nie koniec. Z Kaw\u0119czynka pojechali\u015bmy do Zwierzy\u0144ca (rowerzy\u015bci wytrwale na rowerach), obok intryguj\u0105cej cerkwi w Top\u00f3lczy.<\/p>\n<p>W Zwierzy\u0144cu, ko\u0142o skansenu pszczelarskiego na Bagnie (szkoda, \u017ce p\u00f3\u017aniej go zamkni\u0119to), po\u017cegnalne ognisko. No a potem ju\u017c tylko powr\u00f3t do Lublina roztocza\u0144skim poci\u0105giem.<\/p>\n<p><em>Maj 2004<\/em><\/p>\n","protected":false},"excerpt":{"rendered":"<p>Las Cetnar to jedno z moich ulubionych miejsc na Roztoczu Zachodnim. Szczeg\u00f3lnie przyjemnie w\u0119drowa\u0107 tu (czy te\u017c jecha\u0107 rowerem) w kierunku ze Szper\u00f3wki i Szczebrzeszyna do Kaw\u0119czynka. Zjazd w d\u00f3\u0142 przez w\u0105wozy osza\u0142amiaj\u0105cy! A Czubatka? Zwykle wypada\u0142o przej\u015bcie OBOK niej, ale tym razem to w\u0142a\u015bnie ONA mia\u0142a by\u0107 celem wyprawy. By\u0142 to jeden z wielu &hellip; <a href=\"https:\/\/roztocze24.info\/?page_id=941\" class=\"more-link\">Czytaj dalej<span class=\"screen-reader-text\"> \u201eLas Cetnar i jaskinia na wzg\u00f3rzu Czubatka ko\u0142o Kaw\u0119czynka\u201d<\/span><\/a><\/p>\n","protected":false},"author":1,"featured_media":0,"parent":934,"menu_order":0,"comment_status":"closed","ping_status":"closed","template":"","meta":{"footnotes":""},"class_list":["post-941","page","type-page","status-publish","hentry"],"_links":{"self":[{"href":"https:\/\/roztocze24.info\/index.php?rest_route=\/wp\/v2\/pages\/941","targetHints":{"allow":["GET"]}}],"collection":[{"href":"https:\/\/roztocze24.info\/index.php?rest_route=\/wp\/v2\/pages"}],"about":[{"href":"https:\/\/roztocze24.info\/index.php?rest_route=\/wp\/v2\/types\/page"}],"author":[{"embeddable":true,"href":"https:\/\/roztocze24.info\/index.php?rest_route=\/wp\/v2\/users\/1"}],"replies":[{"embeddable":true,"href":"https:\/\/roztocze24.info\/index.php?rest_route=%2Fwp%2Fv2%2Fcomments&post=941"}],"version-history":[{"count":1,"href":"https:\/\/roztocze24.info\/index.php?rest_route=\/wp\/v2\/pages\/941\/revisions"}],"predecessor-version":[{"id":5006,"href":"https:\/\/roztocze24.info\/index.php?rest_route=\/wp\/v2\/pages\/941\/revisions\/5006"}],"up":[{"embeddable":true,"href":"https:\/\/roztocze24.info\/index.php?rest_route=\/wp\/v2\/pages\/934"}],"wp:attachment":[{"href":"https:\/\/roztocze24.info\/index.php?rest_route=%2Fwp%2Fv2%2Fmedia&parent=941"}],"curies":[{"name":"wp","href":"https:\/\/api.w.org\/{rel}","templated":true}]}}