{"id":9522,"date":"2026-04-23T20:18:18","date_gmt":"2026-04-23T18:18:18","guid":{"rendered":"https:\/\/roztocze24.info\/?page_id=9522"},"modified":"2026-04-23T20:18:18","modified_gmt":"2026-04-23T18:18:18","slug":"partyzancka-kapliczka-na-brodzkiej-gorze-k-szczebrzeszyna","status":"publish","type":"page","link":"https:\/\/roztocze24.info\/?page_id=9522","title":{"rendered":"Partyzancka kapliczka na Brodzkiej G\u00f3rze k. Szczebrzeszyna"},"content":{"rendered":"\n<figure class=\"wp-block-image size-large\"><img loading=\"lazy\" decoding=\"async\" width=\"1024\" height=\"576\" src=\"https:\/\/roztocze24.info\/wp-content\/uploads\/2026\/04\/PXL_20260324_113604225-1024x576.jpg\" alt=\"Kapliczka na Brodzkiej G\u00f3rze\" class=\"wp-image-9523\" srcset=\"https:\/\/roztocze24.info\/wp-content\/uploads\/2026\/04\/PXL_20260324_113604225-1024x576.jpg 1024w, https:\/\/roztocze24.info\/wp-content\/uploads\/2026\/04\/PXL_20260324_113604225-300x169.jpg 300w, https:\/\/roztocze24.info\/wp-content\/uploads\/2026\/04\/PXL_20260324_113604225-768x432.jpg 768w, https:\/\/roztocze24.info\/wp-content\/uploads\/2026\/04\/PXL_20260324_113604225-1536x864.jpg 1536w, https:\/\/roztocze24.info\/wp-content\/uploads\/2026\/04\/PXL_20260324_113604225-1200x675.jpg 1200w, https:\/\/roztocze24.info\/wp-content\/uploads\/2026\/04\/PXL_20260324_113604225.jpg 1778w\" sizes=\"auto, (max-width: 709px) 85vw, (max-width: 909px) 67vw, (max-width: 1362px) 62vw, 840px\" \/><\/figure>\n\n\n\n<p>O tej kapliczce us\u0142ysza\u0142em ju\u017c jaki\u015b czas temu. Szuka\u0142em ca\u0142y dzie\u0144, ale to do\u015b\u0107 rozleg\u0142y obszar i nie znalaz\u0142em. Niestety na mapach Paw\u0142a W\u0142ada czy Compassu tej kapliczki nie ma, ale poszuka\u0142em na lokalnej mapie <em>Roztocze Szczebrzeszy\u0144skie: Trasy piesze i rowerowe <\/em>wydanej przez UG Szczebrzeszyn, gdzie na Brodzkiej G\u00f3rze zaznaczona jest jaka\u015b kapliczka (czarny tr\u00f3jk\u0105t, warto doda\u0107, \u017ce ta sama mapa jest te\u017c na tablicy na skraju rynku w Szczebrzeszynie), czy to jednak ta kapliczka? Przyjecha\u0142em sprawdzi\u0107. Maj\u0105c konkretny punkt na mapie, GPS staje si\u0119 bardzo u\u017cyteczny. Id\u0119 jak po sznurku, tylko, \u017ce w zaznaczonym miejscu \u017cadnej kapliczki nie ma. Nie poddaj\u0119 si\u0119 i id\u0119 dalej. No i kawa\u0142eczek dalej na p\u0142d. widz\u0119 kapliczk\u0119! Czyli: cho\u0107 zaznaczona nie do ko\u0144ca prawid\u0142owo, ale przynajmniej w prawid\u0142owej okolicy!<\/p>\n\n\n\n<figure class=\"wp-block-image size-large\"><img loading=\"lazy\" decoding=\"async\" width=\"1024\" height=\"576\" src=\"https:\/\/roztocze24.info\/wp-content\/uploads\/2026\/04\/PXL_20260324_113611070-1024x576.jpg\" alt=\"Kapliczka na Brodzkiej G\u00f3rze\" class=\"wp-image-9524\" srcset=\"https:\/\/roztocze24.info\/wp-content\/uploads\/2026\/04\/PXL_20260324_113611070-1024x576.jpg 1024w, https:\/\/roztocze24.info\/wp-content\/uploads\/2026\/04\/PXL_20260324_113611070-300x169.jpg 300w, https:\/\/roztocze24.info\/wp-content\/uploads\/2026\/04\/PXL_20260324_113611070-768x432.jpg 768w, https:\/\/roztocze24.info\/wp-content\/uploads\/2026\/04\/PXL_20260324_113611070-1536x864.jpg 1536w, https:\/\/roztocze24.info\/wp-content\/uploads\/2026\/04\/PXL_20260324_113611070-1200x675.jpg 1200w, https:\/\/roztocze24.info\/wp-content\/uploads\/2026\/04\/PXL_20260324_113611070.jpg 1778w\" sizes=\"auto, (max-width: 709px) 85vw, (max-width: 909px) 67vw, (max-width: 1362px) 62vw, 840px\" \/><\/figure>\n\n\n\n<p>Pod starym d\u0119bem zobaczymy krzy\u017c z dwiema tablicami. Napis na g\u00f3rnej: <em>Pami\u0119ci wszystkim partyzantom i \u0142\u0105czniczkom w tym pododdziale [w latach] 1939-1945. Niech Pan B\u00f3g wszystkich we\u017amie do swojej chwa\u0142y<\/em>. Dolna tablica jest obecnie ca\u0142kowicie nieczytelna.<\/p>\n\n\n\n<figure class=\"wp-block-image size-large\"><img loading=\"lazy\" decoding=\"async\" width=\"1024\" height=\"576\" src=\"https:\/\/roztocze24.info\/wp-content\/uploads\/2026\/04\/PXL_20260324_113615925-1024x576.jpg\" alt=\"\" class=\"wp-image-9525\" srcset=\"https:\/\/roztocze24.info\/wp-content\/uploads\/2026\/04\/PXL_20260324_113615925-1024x576.jpg 1024w, https:\/\/roztocze24.info\/wp-content\/uploads\/2026\/04\/PXL_20260324_113615925-300x169.jpg 300w, https:\/\/roztocze24.info\/wp-content\/uploads\/2026\/04\/PXL_20260324_113615925-768x432.jpg 768w, https:\/\/roztocze24.info\/wp-content\/uploads\/2026\/04\/PXL_20260324_113615925-1536x864.jpg 1536w, https:\/\/roztocze24.info\/wp-content\/uploads\/2026\/04\/PXL_20260324_113615925-1200x675.jpg 1200w, https:\/\/roztocze24.info\/wp-content\/uploads\/2026\/04\/PXL_20260324_113615925.jpg 1778w\" sizes=\"auto, (max-width: 709px) 85vw, (max-width: 909px) 67vw, (max-width: 1362px) 62vw, 840px\" \/><\/figure>\n\n\n\n<p>Istotn\u0105 brakuj\u0105c\u0105 informacj\u0119 zawiera trzecia tablica, wro\u015bni\u0119ta we wspomnianego d\u0119ba: <em>W tym miejscu w czasie II wojny \u015bwiatowej stacjonowa\u0142 oddzia\u0142 partyzancki AK walcz\u0105c z okupantem r\u00f3\u017cnymi sposobami. \u0141\u0105czniczka tego oddzia\u0142u Jol [Jolka?]. <\/em>Wi\u0119c wiemy, \u017ce to AK, ale mo\u017ce kto\u015b wie co\u015b wi\u0119cej?<\/p>\n\n\n\n<figure class=\"wp-block-image size-large\"><img loading=\"lazy\" decoding=\"async\" width=\"1024\" height=\"576\" src=\"https:\/\/roztocze24.info\/wp-content\/uploads\/2026\/04\/PXL_20260324_113620026-1024x576.jpg\" alt=\"\" class=\"wp-image-9526\" srcset=\"https:\/\/roztocze24.info\/wp-content\/uploads\/2026\/04\/PXL_20260324_113620026-1024x576.jpg 1024w, https:\/\/roztocze24.info\/wp-content\/uploads\/2026\/04\/PXL_20260324_113620026-300x169.jpg 300w, https:\/\/roztocze24.info\/wp-content\/uploads\/2026\/04\/PXL_20260324_113620026-768x432.jpg 768w, https:\/\/roztocze24.info\/wp-content\/uploads\/2026\/04\/PXL_20260324_113620026-1536x864.jpg 1536w, https:\/\/roztocze24.info\/wp-content\/uploads\/2026\/04\/PXL_20260324_113620026-1200x675.jpg 1200w, https:\/\/roztocze24.info\/wp-content\/uploads\/2026\/04\/PXL_20260324_113620026.jpg 1778w\" sizes=\"auto, (max-width: 709px) 85vw, (max-width: 909px) 67vw, (max-width: 1362px) 62vw, 840px\" \/><\/figure>\n\n\n\n<p>Doj\u015bcie: Id\u0105c od strony Szczebrzeszyna na p\u0142d.-wsch. (pieszy szlak czerwony) przekraczamy tory i skr\u0119camy w prawo. Za nowym peronem stacji Szczebrzeszyn docieramy do budki dr\u00f3\u017cnika. Tu\u017c co za ni\u0105 w lewo odbiega w\u0105ska dr\u00f3\u017cka, na niewielkim nasypie. Wybieramy j\u0105. Dru\u017cka przechodzi dalej w szersz\u0105 drog\u0119 piaszczyst\u0105. Podchodzimy pod g\u00f3rk\u0119. 800 m \u2013 skr\u0119t w prawo. Trzymamy si\u0119 g\u0142\u00f3wnej drogi, kt\u00f3ra wiedzie pocz\u0105tkowo na p\u0142d.-zach., potem p\u0142d.-wsch. Zag\u0142\u0119biamy si\u0119 w las. Droga schodzi do dolinki (1,4 km), gdzie skr\u0119camy w prawo i patrzymy w las na prawo. Kapliczka znajduje si\u0119 na jego skraju niespe\u0142na 50 m dalej.<\/p>\n\n\n\n<p><em>Kwiecie\u0144 2026<\/em><\/p>\n","protected":false},"excerpt":{"rendered":"<p>O tej kapliczce us\u0142ysza\u0142em ju\u017c jaki\u015b czas temu. Szuka\u0142em ca\u0142y dzie\u0144, ale to do\u015b\u0107 rozleg\u0142y obszar i nie znalaz\u0142em. Niestety na mapach Paw\u0142a W\u0142ada czy Compassu tej kapliczki nie ma, ale poszuka\u0142em na lokalnej mapie Roztocze Szczebrzeszy\u0144skie: Trasy piesze i rowerowe wydanej przez UG Szczebrzeszyn, gdzie na Brodzkiej G\u00f3rze zaznaczona jest jaka\u015b kapliczka (czarny tr\u00f3jk\u0105t, &hellip; <a href=\"https:\/\/roztocze24.info\/?page_id=9522\" class=\"more-link\">Czytaj dalej<span class=\"screen-reader-text\"> \u201ePartyzancka kapliczka na Brodzkiej G\u00f3rze k. Szczebrzeszyna\u201d<\/span><\/a><\/p>\n","protected":false},"author":1,"featured_media":0,"parent":934,"menu_order":0,"comment_status":"closed","ping_status":"closed","template":"","meta":{"footnotes":""},"class_list":["post-9522","page","type-page","status-publish","hentry"],"_links":{"self":[{"href":"https:\/\/roztocze24.info\/index.php?rest_route=\/wp\/v2\/pages\/9522","targetHints":{"allow":["GET"]}}],"collection":[{"href":"https:\/\/roztocze24.info\/index.php?rest_route=\/wp\/v2\/pages"}],"about":[{"href":"https:\/\/roztocze24.info\/index.php?rest_route=\/wp\/v2\/types\/page"}],"author":[{"embeddable":true,"href":"https:\/\/roztocze24.info\/index.php?rest_route=\/wp\/v2\/users\/1"}],"replies":[{"embeddable":true,"href":"https:\/\/roztocze24.info\/index.php?rest_route=%2Fwp%2Fv2%2Fcomments&post=9522"}],"version-history":[{"count":1,"href":"https:\/\/roztocze24.info\/index.php?rest_route=\/wp\/v2\/pages\/9522\/revisions"}],"predecessor-version":[{"id":9527,"href":"https:\/\/roztocze24.info\/index.php?rest_route=\/wp\/v2\/pages\/9522\/revisions\/9527"}],"up":[{"embeddable":true,"href":"https:\/\/roztocze24.info\/index.php?rest_route=\/wp\/v2\/pages\/934"}],"wp:attachment":[{"href":"https:\/\/roztocze24.info\/index.php?rest_route=%2Fwp%2Fv2%2Fmedia&parent=9522"}],"curies":[{"name":"wp","href":"https:\/\/api.w.org\/{rel}","templated":true}]}}